{"id":6765,"date":"2021-12-30T22:03:25","date_gmt":"2021-12-30T22:03:25","guid":{"rendered":"https:\/\/beautysba.co.uk\/?post_type=product&#038;p=6765"},"modified":"2022-11-21T19:05:31","modified_gmt":"2022-11-21T19:05:31","slug":"lupu-balzamas-saldzios-lupos-sos-atsigavimas","status":"publish","type":"product","link":"https:\/\/beautysba.co.uk\/lt\/produktas\/lupu-balzamas-saldzios-lupos-sos-atsigavimas\/","title":{"rendered":"L\u016bp\u0173 balzamas &#8220;Sweet Lips. SOS recovery&#8221;"},"content":{"rendered":"<p>Express l\u016bp\u0173 balzamas Belita Sweet Lips skirtas kasdienei l\u016bp\u0173 prie\u017ei\u016brai. Penki specialiai atrinkti aliejai \u2013 argano, kokoso, migdol\u0173, ricinos ir taukmed\u017eio sviestas \u2013 veikia kartu ant sausos ir suskeld\u0117jusios l\u016bp\u0173 odos, kad j\u0105 nuramint\u0173 ir atstatyt\u0173, suteikdami greit\u0105 maitinim\u0105, dr\u0117kinim\u0105 ir nat\u016brali\u0105 apsaug\u0105 nuo saul\u0117s \u017ealos ir fotosen\u0117jimo. U\u017etepus SOS Recovery balzam\u0105 akimirksniu dingsta tempimo jausmas, gr\u012f\u017eta komforto jausmas, l\u016bpos tampa \u0161velnios ir lygios.<\/p>\n","protected":false},"excerpt":{"rendered":"<p>Express l\u016bp\u0173 balzamas Belita Sweet Lips skirtas kasdienei l\u016bp\u0173 prie\u017ei\u016brai. Penki specialiai atrinkti aliejai \u2013 argano, kokoso, migdol\u0173, ricinos ir taukmed\u017eio sviestas \u2013 veikia kartu ant sausos ir suskeld\u0117jusios l\u016bp\u0173 odos, kad j\u0105 nuramint\u0173 ir atstatyt\u0173, suteikdami greit\u0105 maitinim\u0105, dr\u0117kinim\u0105 ir nat\u016brali\u0105 apsaug\u0105 nuo saul\u0117s \u017ealos ir fotosen\u0117jimo. U\u017etepus SOS Recovery balzam\u0105 akimirksniu dingsta tempimo [&hellip;]<\/p>\n","protected":false},"featured_media":6763,"comment_status":"open","ping_status":"closed","template":"","meta":[],"product_brand":[],"product_cat":[196,199],"product_tag":[],"class_list":{"0":"post-6765","1":"product","2":"type-product","3":"status-publish","4":"has-post-thumbnail","6":"product_cat-lupu-prieziura","7":"product_cat-makiazas","9":"first","10":"outofstock","11":"shipping-taxable","12":"purchasable","13":"product-type-simple"},"_links":{"self":[{"href":"https:\/\/beautysba.co.uk\/lt\/wp-json\/wp\/v2\/product\/6765","targetHints":{"allow":["GET"]}}],"collection":[{"href":"https:\/\/beautysba.co.uk\/lt\/wp-json\/wp\/v2\/product"}],"about":[{"href":"https:\/\/beautysba.co.uk\/lt\/wp-json\/wp\/v2\/types\/product"}],"replies":[{"embeddable":true,"href":"https:\/\/beautysba.co.uk\/lt\/wp-json\/wp\/v2\/comments?post=6765"}],"wp:featuredmedia":[{"embeddable":true,"href":"https:\/\/beautysba.co.uk\/lt\/wp-json\/wp\/v2\/media\/6763"}],"wp:attachment":[{"href":"https:\/\/beautysba.co.uk\/lt\/wp-json\/wp\/v2\/media?parent=6765"}],"wp:term":[{"taxonomy":"product_brand","embeddable":true,"href":"https:\/\/beautysba.co.uk\/lt\/wp-json\/wp\/v2\/product_brand?post=6765"},{"taxonomy":"product_cat","embeddable":true,"href":"https:\/\/beautysba.co.uk\/lt\/wp-json\/wp\/v2\/product_cat?post=6765"},{"taxonomy":"product_tag","embeddable":true,"href":"https:\/\/beautysba.co.uk\/lt\/wp-json\/wp\/v2\/product_tag?post=6765"}],"curies":[{"name":"wp","href":"https:\/\/api.w.org\/{rel}","templated":true}]}}