{"id":6786,"date":"2021-12-30T22:12:04","date_gmt":"2021-12-30T22:12:05","guid":{"rendered":"https:\/\/beautysba.co.uk\/?post_type=product&#038;p=6786"},"modified":"2023-04-08T22:00:52","modified_gmt":"2023-04-08T22:00:52","slug":"uzpildymas-plauku-lakas-dr-sante-hialuronas-gilusis-drekinimas-150-ml","status":"publish","type":"product","link":"https:\/\/beautysba.co.uk\/lt\/produktas\/uzpildymas-plauku-lakas-dr-sante-hialuronas-gilusis-drekinimas-150-ml\/","title":{"rendered":"U\u017epildomas plauk\u0173 pur\u0161kiklis Dr. Sante Hyaluron Gilus dr\u0117kinimas 150 ml"},"content":{"rendered":"<p>Hialurono r\u016bg\u0161tis yra madingas komponentas kosmetologijoje, turintis \u012ftakos kolageno, elastino, keratino, b\u016btin\u0173 sveikam plauk\u0173 augimui, sintezei. D\u0117l jo tr\u016bkumo plaukai gali i\u0161saus\u0117ti ir l\u016b\u017ein\u0117ti.<br \/>\nPagrindin\u0117 hialurono r\u016bg\u0161ties savyb\u0117 \u2013 efektyviai i\u0161laikyti dr\u0117gm\u0119 plauko viduje, taip pat atstatyti j\u0105 po termini\u0173 ir chemini\u0173 pa\u017eeidim\u0173 bei i\u0161laikyti \u012fsp\u016bding\u0105 i\u0161vaizd\u0105.<br \/>\nU\u017epildomas pur\u0161kiklis dr\u0117kina, mink\u0161tina, suteikia blizgesio, turi antistatin\u012f poveik\u012f ir \u0161ilumin\u0119 apsaug\u0105, neleid\u017eia susirauk\u0161l\u0117ti. Sud\u0117tyje yra aktyvi\u0173 dr\u0117kinan\u010di\u0173 ingredient\u0173 \u2013 ma\u017eos ir didel\u0117s molekulin\u0117s mas\u0117s hialurono r\u016bg\u0161ties, alavijo sul\u010di\u0173. Vitaminas B5 suteikia plaukams tvirtumo ir blizgesio. Pur\u0161kiklis turi lengv\u0105 vandening\u0105 tekst\u016br\u0105 ir subtil\u0173, ne\u012fkyr\u0173 kvap\u0105. Neapsunkina plauk\u0173.<\/p>\n<p>Sud\u0117tis (INCI)<\/p>\n<p>Vanduo, bis-cetearilo amodimetikonas, natrio hialuronatas, hidrolizuota hialurono r\u016bg\u0161tis, alavijo barbadensio lap\u0173 sultys, natrio PCA, natrio laktatas, argininas, asparto r\u016bg\u0161tis, PCA, glicinas, alaninas, serinas, valinas, prolinas, treoleoninas2, panthenteolis , Silikoninis kvaternis-18, tridecetas-6, tridecetas-12, cetearetas-7, cetearetas-25, kvepalai, citrinos r\u016bg\u0161tis, glikolio r\u016bg\u0161tis, kalio sorbatas, natrio benzoatas, pieno r\u016bg\u0161tis, fenoksietanolis, etilinheksilglicerolis, geranilio heksilas<\/p>\n","protected":false},"excerpt":{"rendered":"<p>Hialurono r\u016bg\u0161tis yra madingas komponentas kosmetologijoje, turintis \u012ftakos kolageno, elastino, keratino, b\u016btin\u0173 sveikam plauk\u0173 augimui, sintezei. D\u0117l jo tr\u016bkumo plaukai gali i\u0161saus\u0117ti ir l\u016b\u017ein\u0117ti. Pagrindin\u0117 hialurono r\u016bg\u0161ties savyb\u0117 \u2013 efektyviai i\u0161laikyti dr\u0117gm\u0119 plauko viduje, taip pat atstatyti j\u0105 po termini\u0173 ir chemini\u0173 pa\u017eeidim\u0173 bei i\u0161laikyti \u012fsp\u016bding\u0105 i\u0161vaizd\u0105. U\u017epildomas pur\u0161kiklis dr\u0117kina, mink\u0161tina, suteikia blizgesio, turi antistatin\u012f [&hellip;]<\/p>\n","protected":false},"featured_media":6784,"comment_status":"open","ping_status":"closed","template":"","meta":[],"product_brand":[],"product_cat":[215,211],"product_tag":[],"class_list":{"0":"post-6786","1":"product","2":"type-product","3":"status-publish","4":"has-post-thumbnail","6":"product_cat-aliejai-serumai","7":"product_cat-hair-lt","9":"first","10":"outofstock","11":"shipping-taxable","12":"purchasable","13":"product-type-simple"},"_links":{"self":[{"href":"https:\/\/beautysba.co.uk\/lt\/wp-json\/wp\/v2\/product\/6786","targetHints":{"allow":["GET"]}}],"collection":[{"href":"https:\/\/beautysba.co.uk\/lt\/wp-json\/wp\/v2\/product"}],"about":[{"href":"https:\/\/beautysba.co.uk\/lt\/wp-json\/wp\/v2\/types\/product"}],"replies":[{"embeddable":true,"href":"https:\/\/beautysba.co.uk\/lt\/wp-json\/wp\/v2\/comments?post=6786"}],"wp:featuredmedia":[{"embeddable":true,"href":"https:\/\/beautysba.co.uk\/lt\/wp-json\/wp\/v2\/media\/6784"}],"wp:attachment":[{"href":"https:\/\/beautysba.co.uk\/lt\/wp-json\/wp\/v2\/media?parent=6786"}],"wp:term":[{"taxonomy":"product_brand","embeddable":true,"href":"https:\/\/beautysba.co.uk\/lt\/wp-json\/wp\/v2\/product_brand?post=6786"},{"taxonomy":"product_cat","embeddable":true,"href":"https:\/\/beautysba.co.uk\/lt\/wp-json\/wp\/v2\/product_cat?post=6786"},{"taxonomy":"product_tag","embeddable":true,"href":"https:\/\/beautysba.co.uk\/lt\/wp-json\/wp\/v2\/product_tag?post=6786"}],"curies":[{"name":"wp","href":"https:\/\/api.w.org\/{rel}","templated":true}]}}