{"id":6829,"date":"2021-12-31T15:22:18","date_gmt":"2021-12-31T15:22:18","guid":{"rendered":"https:\/\/beautysba.co.uk\/?post_type=product&#038;p=6829"},"modified":"2026-04-24T09:09:06","modified_gmt":"2026-04-24T09:09:06","slug":"elfa-pharm-burdock-series-oil-real-rep","status":"publish","type":"product","link":"https:\/\/beautysba.co.uk\/lt\/produktas\/elfa-pharm-burdock-series-oil-real-rep\/","title":{"rendered":"Elfa Pharm Burdock serija. Tikras varnal\u0117\u0161\u0173 aliejus 100 ml"},"content":{"rendered":"<p>Visapusi\u0161ka prie\u017ei\u016bra ir plauk\u0173 slinkimo problemos pa\u0161alinimas yra beveik ne\u012fmanomas be intensyvaus produkto. Pagrindinis Elfa Pharm varnal\u0117\u0161\u0173 serijos komponentas ir pagrindin\u0117 veiklioji med\u017eiaga yra nat\u016bralus varnal\u0117\u0161\u0173 aliejus \u2013 priemon\u0117 Nr.1 kovojant su plauk\u0173 slinkimu. Jame yra ferment\u0173 ir riebal\u0173 r\u016bg\u0161\u010di\u0173, kurios maitina ir atkuria pa\u017eeistus plaukus kaip strukt\u016br\u0105, teigiamai veikia j\u0173 augimo intensyvum\u0105 ir veiksmingai kovoja su plauk\u0173 slinkimu. Elfa Pharm varnal\u0117\u0161\u0173 plauk\u0173 aliejus yra prisotintas koncentruot\u0173 veikli\u0173j\u0173 med\u017eiag\u0173, gaut\u0173 i\u0161 varnal\u0117\u0161\u0173 \u0161akn\u0173 CO2 ekstrahavimo b\u016bdu, leid\u017eian\u010diu maksimaliai i\u0161gauti ir i\u0161saugoti maistines ir biologi\u0161kai aktyvias med\u017eiagas.<br \/>\nRealaus varnal\u0117\u0161\u0173 aliejaus panaudojimo spektras gana platus, j\u012f rekomenduojama naudoti tiek sergant l\u0117tiniu plikimu, tiek esant reaktyviam plauk\u0173 slinkimui, siekiant pagreitinti plauk\u0173 augim\u0105, atkurti silpn\u0105 ir pa\u017eeist\u0105 j\u0173 strukt\u016br\u0105, prisotinti i\u0161sekusius, suskilin\u0117jusiems galiukams ir plaukams, kuriems tr\u016bksta blizgesio, taip pat atsikratyti pleiskan\u0173, galvos odos sausumo ir nie\u017e\u0117jimo.<br \/>\nElf\u0173 varnal\u0117\u0161\u0173 aliejuje, naudojant BH Intinsive + kompleks\u0105, yra daugiausia maistini\u0173 med\u017eiag\u0173, kurios blokuoja ferment\u0173, sukelian\u010di\u0173 plauk\u0173 slinkim\u0105, veikim\u0105. Mineralin\u0117s druskos, inulinas, riebaliniai ir eteriniai aliejai, lipidai, steroliai ir vitaminai \u2013 visi \u0161ie elementai teigiamai veikia plauk\u0173 folikul\u0173 apr\u016bpinim\u0105 krauju, juos maitina, padeda atkurti plauk\u0173 strukt\u016br\u0105 po mechanini\u0173 ir chemini\u0173 pa\u017eeidim\u0173.<br \/>\nNat\u016bral\u016bs preparato ingredientai taip pat veikia galvos od\u0105, atkuria jos mikroflor\u0105 ir normalizuoja hormon\u0173 pusiausvyr\u0105. Unikalus BH Intensive + kompleksas, kuriame papildomai yra vetiverij\u0173 ir \u010diobreli\u0173 eterini\u0173 aliej\u0173, naikina \u017ealing\u0105 laisv\u0173j\u0173 radikal\u0173 ir toksin\u0173 poveik\u012f, ple\u010dia kraujagysles, didindamas kraujo tek\u0117jim\u0105 \u012f plauk\u0173 folikulus, stimuliuodamas plauk\u0173 prisotinim\u0105 maistin\u0117mis med\u017eiagomis.<br \/>\nTaigi tikras elf\u0173 varnal\u0117\u0161\u0173 aliejus kompleksi\u0161kai veikia visas plauk\u0173 slinkimo prie\u017eastis, skatina kraujotakos atstatym\u0105 folikuluose ir nauj\u0173 sveik\u0173 plauk\u0173 augim\u0105.<br \/>\nAliejumi rekomenduojama tepti 1-2 kartus per savait\u0119 du m\u0117nesius. Priemon\u0119 reikia u\u017etepti ant galvos odos ir palaikyti 2-3 valandas. Tada nuplaukite \u0161iltu vandeniu ir \u0161amp\u016bnu. Kad b\u016bt\u0173 patogiau naudoti, rinkinyje yra pipet\u0117, kuria lengva tepti aliejumi plauk\u0173 \u0161aknis ir galvos od\u0105.<\/p>\n<p>Sud\u0117tis (INCI)<\/p>\n<p>Paraffinum Liquidum, Arctium Lappa \u0161akn\u0173 ekstraktas, trilaureth-4 fosfatas, etilheksilo kokoatas, linolo r\u016bg\u0161tis, linoleno r\u016bg\u0161tis, retinilo palmitatas, Helianthus Annus s\u0117kl\u0173 aliejus, beta karotinas, Thymus vulgaris aliejus, Vetiveria Zizanoyl, paraparaxyl, probenolpy.<\/p>\n<p>&nbsp;<\/p>\n","protected":false},"excerpt":{"rendered":"<p>Visapusi\u0161ka prie\u017ei\u016bra ir plauk\u0173 slinkimo problemos pa\u0161alinimas yra beveik ne\u012fmanomas be intensyvaus produkto. Pagrindinis Elfa Pharm varnal\u0117\u0161\u0173 serijos komponentas ir pagrindin\u0117 veiklioji med\u017eiaga yra nat\u016bralus varnal\u0117\u0161\u0173 aliejus \u2013 priemon\u0117 Nr.1 kovojant su plauk\u0173 slinkimu. Jame yra ferment\u0173 ir riebal\u0173 r\u016bg\u0161\u010di\u0173, kurios maitina ir atkuria pa\u017eeistus plaukus kaip strukt\u016br\u0105, teigiamai veikia j\u0173 augimo intensyvum\u0105 ir veiksmingai [&hellip;]<\/p>\n","protected":false},"featured_media":6827,"comment_status":"open","ping_status":"closed","template":"","meta":[],"product_brand":[],"product_cat":[215,211],"product_tag":[],"class_list":{"0":"post-6829","1":"product","2":"type-product","3":"status-publish","4":"has-post-thumbnail","6":"product_cat-aliejai-serumai","7":"product_cat-hair-lt","9":"first","10":"instock","11":"shipping-taxable","12":"purchasable","13":"product-type-simple"},"_links":{"self":[{"href":"https:\/\/beautysba.co.uk\/lt\/wp-json\/wp\/v2\/product\/6829","targetHints":{"allow":["GET"]}}],"collection":[{"href":"https:\/\/beautysba.co.uk\/lt\/wp-json\/wp\/v2\/product"}],"about":[{"href":"https:\/\/beautysba.co.uk\/lt\/wp-json\/wp\/v2\/types\/product"}],"replies":[{"embeddable":true,"href":"https:\/\/beautysba.co.uk\/lt\/wp-json\/wp\/v2\/comments?post=6829"}],"wp:featuredmedia":[{"embeddable":true,"href":"https:\/\/beautysba.co.uk\/lt\/wp-json\/wp\/v2\/media\/6827"}],"wp:attachment":[{"href":"https:\/\/beautysba.co.uk\/lt\/wp-json\/wp\/v2\/media?parent=6829"}],"wp:term":[{"taxonomy":"product_brand","embeddable":true,"href":"https:\/\/beautysba.co.uk\/lt\/wp-json\/wp\/v2\/product_brand?post=6829"},{"taxonomy":"product_cat","embeddable":true,"href":"https:\/\/beautysba.co.uk\/lt\/wp-json\/wp\/v2\/product_cat?post=6829"},{"taxonomy":"product_tag","embeddable":true,"href":"https:\/\/beautysba.co.uk\/lt\/wp-json\/wp\/v2\/product_tag?post=6829"}],"curies":[{"name":"wp","href":"https:\/\/api.w.org\/{rel}","templated":true}]}}