{"id":6843,"date":"2021-12-31T15:27:04","date_gmt":"2021-12-31T15:27:04","guid":{"rendered":"https:\/\/beautysba.co.uk\/?post_type=product&#038;p=6843"},"modified":"2025-03-03T21:42:36","modified_gmt":"2025-03-03T21:42:36","slug":"elfa-pharm-varnalesa-serumas-varnalesa-100","status":"publish","type":"product","link":"https:\/\/beautysba.co.uk\/lt\/produktas\/elfa-pharm-varnalesa-serumas-varnalesa-100\/","title":{"rendered":"Elfa Pharm Burdock serija. Varnal\u0117\u0161\u0173 serumas 100 ml"},"content":{"rendered":"<p>Plauk\u0173 slinkimas yra ne tik diskomfortas, bet ir prie\u017eastis rimtai susir\u016bpinti savo sveikata. Trichologai skirsto dvi plauk\u0173 slinkimo r\u016b\u0161is \u2013 reaktyv\u0173j\u012f ir l\u0117tin\u012f. Pirmuoju atveju prie\u017eastis gali b\u016bti i\u0161oriniai veiksniai, i\u0161provokuojantys maistini\u0173 med\u017eiag\u0173 tr\u016bkum\u0105 ir sutrikusi\u0105 kraujotak\u0105, d\u0117l kurios mir\u0161ta plauk\u0173 folikulai. Antruoju atveju praradimas da\u017enai yra geneti\u0161kai u\u017eprogramuotas, o destruktyvus aktyvios testosterono formos poveikis veikia plauk\u0173 augimo faz\u0119, \u017eymiai suma\u017eindamas.<br \/>\nVarnal\u0117\u0161\u0173 aliejus, varnal\u0117\u0161\u0173 \u0161akn\u0173 aliejaus ekstraktas, yra klini\u0161kai \u012frodytas ir veiksmingas kovojant su plauk\u0173 slinkimu. Jame esan\u010dios veikliosios med\u017eiagos ir fermentai intensyviai veikia plauko ir folikul\u0173 strukt\u016br\u0105, ta\u010diau d\u0117l ma\u017eos koncentracijos varnal\u0117\u0161\u0173 aliejaus veikim\u0105 reikia stiprinti pagalbin\u0117mis med\u017eiagomis. B\u016btent \u0161i\u0105 funkcij\u0105 atlieka BH Intensive + kompleksas, nes jame yra varnal\u0117\u0161\u0173 aliejaus koncentratas, taip pat fitoekstraktai ir aminor\u016bg\u0161tys, kurios padidina vaisto veiksmingum\u0105.<br \/>\nKaip kompleksin\u0117s plauk\u0173 prie\u017ei\u016bros ir plauk\u0173 slinkimo kontrol\u0117s dal\u012f, Elfa Pharm laboratorija suk\u016br\u0117 varnal\u0117\u0161\u0173 plauk\u0173 serum\u0105 su augimo aktyvatoriais. Sud\u0117tyje yra 90% augalini\u0173 komponent\u0173, kurie maitina svog\u016bn\u0117lius, skatina regeneracij\u0105, atkuria plauk\u0173 strukt\u016br\u0105, teigiamai veikia kraujotak\u0105, skatina augim\u0105.<br \/>\nSerumas veikia prie\u0161laikin\u012f plauk\u0173 slinkim\u0105 sukelian\u010dius fermentus ir blokuoja j\u0173 veikim\u0105, reguliuoja riebalini\u0173 liauk\u0173 veikl\u0105, apsaugo nuo nie\u017e\u0117jimo ir kitokio diskomforto, stiprina plauk\u0173 folikulus, skatina plauk\u0173 augim\u0105, l\u0105steli\u0173 regeneracij\u0105, aktyvina keratino sintez\u0119.<br \/>\nPriemon\u0117 susigeria \u012f galvos od\u0105 nepalikdama riebaus blizgesio, neapsunkindama plauk\u0173, nereikalauja skalavimo. Rekomenduojamas naudojimo da\u017enis: 3-4 kartus per savait\u0119. Minimalus kursas rezultatui pasiekti yra 2 m\u0117nesiai. Norint veiksmingiau kovoti su plauk\u0173 slinkimu ir pagerinti j\u0173 b\u016bkl\u0119, reik\u0117t\u0173 panaudoti vis\u0105 Varnal\u0117\u0161\u0173 fond\u0173 kompleks\u0105.<\/p>\n<p>Taikymo b\u016bdas<\/p>\n<p>3-4 kartus per savait\u0119 tepkite ant galvos odos, \u012ftrinkite lengvais masa\u017euojamaisiais judesiais. Neplaukite. U\u017etep\u0119 galite naudoti plauk\u0173 formavimo priemones, naudoti plauk\u0173 d\u017eiovintuv\u0105. Minimalus kursas yra 2 m\u0117nesiai.<\/p>\n","protected":false},"excerpt":{"rendered":"<p>Plauk\u0173 slinkimas yra ne tik diskomfortas, bet ir prie\u017eastis rimtai susir\u016bpinti savo sveikata. Trichologai skirsto dvi plauk\u0173 slinkimo r\u016b\u0161is \u2013 reaktyv\u0173j\u012f ir l\u0117tin\u012f. Pirmuoju atveju prie\u017eastis gali b\u016bti i\u0161oriniai veiksniai, i\u0161provokuojantys maistini\u0173 med\u017eiag\u0173 tr\u016bkum\u0105 ir sutrikusi\u0105 kraujotak\u0105, d\u0117l kurios mir\u0161ta plauk\u0173 folikulai. Antruoju atveju praradimas da\u017enai yra geneti\u0161kai u\u017eprogramuotas, o destruktyvus aktyvios testosterono formos poveikis [&hellip;]<\/p>\n","protected":false},"featured_media":6841,"comment_status":"open","ping_status":"closed","template":"","meta":[],"product_brand":[],"product_cat":[215,211],"product_tag":[],"class_list":{"0":"post-6843","1":"product","2":"type-product","3":"status-publish","4":"has-post-thumbnail","6":"product_cat-aliejai-serumai","7":"product_cat-hair-lt","9":"first","10":"outofstock","11":"shipping-taxable","12":"purchasable","13":"product-type-simple"},"_links":{"self":[{"href":"https:\/\/beautysba.co.uk\/lt\/wp-json\/wp\/v2\/product\/6843","targetHints":{"allow":["GET"]}}],"collection":[{"href":"https:\/\/beautysba.co.uk\/lt\/wp-json\/wp\/v2\/product"}],"about":[{"href":"https:\/\/beautysba.co.uk\/lt\/wp-json\/wp\/v2\/types\/product"}],"replies":[{"embeddable":true,"href":"https:\/\/beautysba.co.uk\/lt\/wp-json\/wp\/v2\/comments?post=6843"}],"wp:featuredmedia":[{"embeddable":true,"href":"https:\/\/beautysba.co.uk\/lt\/wp-json\/wp\/v2\/media\/6841"}],"wp:attachment":[{"href":"https:\/\/beautysba.co.uk\/lt\/wp-json\/wp\/v2\/media?parent=6843"}],"wp:term":[{"taxonomy":"product_brand","embeddable":true,"href":"https:\/\/beautysba.co.uk\/lt\/wp-json\/wp\/v2\/product_brand?post=6843"},{"taxonomy":"product_cat","embeddable":true,"href":"https:\/\/beautysba.co.uk\/lt\/wp-json\/wp\/v2\/product_cat?post=6843"},{"taxonomy":"product_tag","embeddable":true,"href":"https:\/\/beautysba.co.uk\/lt\/wp-json\/wp\/v2\/product_tag?post=6843"}],"curies":[{"name":"wp","href":"https:\/\/api.w.org\/{rel}","templated":true}]}}