{"id":6871,"date":"2021-12-31T15:38:21","date_gmt":"2021-12-31T15:38:22","guid":{"rendered":"https:\/\/beautysba.co.uk\/?post_type=product&#038;p=6871"},"modified":"2021-12-31T15:38:52","modified_gmt":"2021-12-31T15:38:52","slug":"svieziu-sulciu-kuno-lupimasis-aistringas-vaisius-ir-bendrai","status":"publish","type":"product","link":"https:\/\/beautysba.co.uk\/lt\/produktas\/svieziu-sulciu-kuno-lupimasis-aistringas-vaisius-ir-bendrai\/","title":{"rendered":"\u0160vie\u017eios sultys. K\u016bno pilingas. Pasifloros vaisiai ir rudasis cukrus 200 ml"},"content":{"rendered":"<div class=\"docData;DOCY;v5;3911;BAiAAgAABoQCAAADfQ0AAAWLDQAAAAAAAAAAAAAAAAAAAAAAAAAAAAAAAAAAAAAAAAAAAAAAAAAAAAAAAAAAAAAAAAAAAAAAAAAAAAAAAAAAAAAAAAAAAAAAAAAAAAAAAAAAAAAAAAAAAAAAAAAAAAAAAAAAAAAAAAAAAAAAAAAAAAAAAAAAAAAAAAAAAAAAAAAAAAAAAAAAAAAAAAAAAAAAAAAAAAAAAAAAAAAAAAAAAAAAAAAAAAAAAAAAAAAAAAAAAAAAAAAAAAAAAAAAAAAAAAAAAAAAAAAAAAAAAAAAAAAAAAAAAAAAAAAAAAAAAAAAAAAAAAAAAAAAAAAAAAAAAAAAAAAAAAAAAAAAAAAAAAAAAAAAAAAAAAAAAAAAAAAAAAAAAAAAAAAAAAAAAAAAAAAAAAAAAAAAAAAAAAAAAAAAAAAAAAAAAAAAAAAAAAAAAAAAAAAAAAAAAAAAAAAAAAAAAAAAAAAAAAAAAAAAAAAAAAAAAAAAAAAAAAAAAAAAAAAAAAAAAAAAAAAAAAAAAAAAAAAAAAAAAAAAAAAAAAAAAAAAAAAAAAAAAAAAAAAAAAAAAAAAAAAAAAAAAAAAAAAAAAAAAAAAAAAAAAAAAAAAAAAAAAAAAAAAAAAAAAAAAAAAAAAAAAAAAAAAAAAAAAAAAAAAAAAAAAAAAAAAAAAAAAAAAAAAAAAAAAAAAAAAAAAAAAAAAAAAAAAAAAAAAAAAAAAAAAAAAAAAAAAAAAAAAAAAAAAAAAAAAAAAAAAAAAAAAAAAAAAAAAAAAAAAAAAAAAAAAAAAAAAAAAAAAAAAAAAAAAAAAAAAAAAAAAAAAAAAAAAAAAAAAAAAAAAAAAD1CgAAALwJAAABIwAAAAEGBgAAAAQFQQ4TAAkGAAAAABoGBQAAAAkDAAAAGwYAAAAAAo8JAAAFHwAAAAEOAAAACQMAAAAcBgMAAAABAQ8IBwAAAAACAAAAEgQFRwAAAAEOAAAACQMAAAAcBgMAAAABAQ8ILwAAAAAqAAAAQQQ1BDMEPgQgAD0ENQRBBDoEPgQ7BEwEOgQ+BCAAOgQwBD8ENQQ7BEwEBTUAAAABDgAAAAkDAAAAHAYDAAAAAQEPCB0AAAAAGAAAACAAMARABD4EPAQwBEIEPQQ+BDMEPgQgAAUrAAAAAQ4AAAAJAwAAABwGAwAAAAEBDwgTAAAAAA4AAAA\/BDgEOwQ4BD0EMwQwBAUxAAAAAQ4AAAAJAwAAABwGAwAAAAEBDwgZAAAAABQAAAAgAD8ENQRABDUEPQQ1BEEEQwRCBAUnAAAAAQ4AAAAJAwAAABwGAwAAAAEBDwgPAAAAAAoAAAAgAEIENQQxBE8EBZMAAAABDgAAAAkDAAAAHAYDAAAAAQEPCHsAAAAAdgAAACAAPQQwBCAAPgRBBEIEQAQ+BDIEIABABDAETwQsACAAMwQ0BDUEIAA\/BD4ETgRCBCAAPwRCBDgERgRLBCAAOAQgAEYEMgQ1BEIEQwRCBCAAPQQ1BDIENQRABD4ETwRCBD0ESwQ1BCAARgQyBDUEQgRLBCEAIAAFMwAAAAEOAAAACQMAAAAcBgMAAAABAQ8IGwAAAAAWAAAAHwQ4BDsEOAQ9BDMEQwROBEkEOAQ1BAVnAAAAAQ4AAAAJAwAAABwGAwAAAAEBDwhPAAAAACYAAAAgAEcEMARBBEIEOARGBEsEIAAyBCAAQQQ+BEEEQgQwBDIENQQgABQAAAAAABoAAAAgADwENQQ7BEwERwQwBDkESAQ4BDUEIAA\/BAVhAAAAAQ4AAAAJAwAAABwGAwAAAAEBDwhJAAAAAEQAAAA+BDsEOARNBEIEOAQ7BDUEPQQ+BDIESwQ1BCAAQQREBDUEQARLBCAAOAQgAD8EQwQ0BEAEMAQgADoEPgQ6BD4EQQQwBAUfAAAAAQ4AAAAJAwAAABwGAwAAAAEBDwgHAAAAAAIAAAAuAAUfAAAAAQ4AAAAJAwAAABwGAwAAAAEBDwgHAAAAAAIAAAAgAAUnAAAAAQ4AAAAJAwAAABwGAwAAAAEBDwgPAAAAAAoAAAAeBD0EOAQgAD4EBS8AAAABDgAAAAkDAAAAHAYDAAAAAQEPCBcAAAAAEgAAADEENQRBBD8ENQRHBDgEMgQwBAUfAAAAAQ4AAAAJAwAAABwGAwAAAAEBDwgHAAAAAAIAAABOBAUhAAAAAQ4AAAAJAwAAABwGAwAAAAEBDwgJAAAAAAQAAABCBCAABS8AAAABDgAAAAkDAAAAHAYDAAAAAQEPCBcAAAAAEgAAADQENQQ7BDgEOgQwBEIEPQQ+BAUfAAAAAQ4AAAAJAwAAABwGAwAAAAEBDwgHAAAAAAIAAAA1BAUlAAAAAQ4AAAAJAwAAABwGAwAAAAEBDwgNAAAAAAgAAAAgAD4ERwQ4BAUfAAAAAQ4AAAAJAwAAABwGAwAAAAEBDwgHAAAAAAIAAABJBAUlAAAAAQ4AAAAJAwAAABwGAwAAAAEBDwgNAAAAAAgAAAA1BD0EOAQ1BAUlAAAAAQ4AAAAJAwAAABwGAwAAAAEBDwgNAAAAAAgAAAAgADoEPgQ2BAUfAAAAAQ4AAAAJAwAAABwGAwAAAAEBDwgHAAAAAAIAAAA4BAXFAAAAAQ4AAAAJAwAAABwGAwAAAAEBDwitAAAAAKgAAAAgAD4EQgQgAD0ENQQ9BEMENgQ9BEsERQQgAD4EQAQ+BDMEPgQyBDUEMgRIBDgERQQgAEcEMARBBEIEOARGBCwAIAA+BEEEMgQ+BDEEPgQ2BDQEMARPBCAAMgQ1BEAERQQ9BDgEOQQgAEEEOwQ+BDkEIAA6BD4ENgQ4BCAANAQ7BE8EIAA0BD4EQQRCBEMEPwQwBCAAOgQ4BEEEOwQ+BEAEPgQ0BDAELgAFMQAAAAEOAAAACQMAAAAcBgMAAAABAQ8IGQAAAAAUAAAAIAAtBDoEQQRCBEAEMAQ6BEIEIAAFLQAAAAEOAAAACQMAAAAcBgMAAAABAQ8IFQAAAAAQAAAAPAQwBEAEMAQ6BEMEOQQ4BAV7AQAAAQ4AAAAJAwAAABwGAwAAAAEBDwhjAQAAAF4BAAAgAE8EMgQ7BE8ENQRCBEEETwQgAD4EQgQ7BDgERwQ9BEsEPAQgADAEPQRCBDgEPgQ6BEEEOAQ0BDAEPQRCBD4EPAQ6ACAAPgQ9BCAAMQQ+BEAENQRCBEEETwQgAEEEPgQgAEEEMgQ+BDEEPgQ0BD0ESwQ8BDgEIABABDAENAQ4BDoEMAQ7BDAEPAQ4BCwAIAA\/BD4EPAQ+BDMEMARPBCAAQQQ+BEUEQAQwBD0EOARCBEwEIAA8BD4EOwQ+BDQEPgRBBEIETAQgADoEPgQ2BDgELgAgACIEQAQ+BEEEQgQ9BDgEOgQ+BDIESwQ5BCAAQQQwBEUEMARABCAAQwQyBDsEMAQ2BD0ETwQ1BEIEIAA6BD4ENgRDBCAAOAQgAD0EMARBBEsESQQwBDUEQgQgADUENQQgAD8EPgQ7BDUENwQ9BEsEPAQ4BCAAMgQ1BEkENQRBBEIEMgQwBDwEOAQuAAUfAAAAAQ4AAAAJAwAAABwGAwAAAAEBDwgHAAAAAAIAAAAgAAU7AAAAAQ4AAAAJAwAAABwGAwAAAAEBDwgjAAAAAB4AAAAgBDUEOgQ+BDwENQQ9BDQEPgQyBDAEPQQ9BDAETwQFSwAAAAEOAAAACQMAAAAcBgMAAAABAQ8IMwAAAAAuAAAAIABHBDAEQQRCBD4EQgQwBCAAOARBBD8EPgQ7BEwENwQ+BDIEMAQ9BDgETwQgAAUrAAAAAQ4AAAAJAwAAABwGAwAAAAEBDwgTAAAAAA4AAAA\/BDgEOwQ4BD0EMwQwBAVNAAAAAQ4AAAAJAwAAABwGAwAAAAEBDwg1AAAAAAIAAAAgABQAAAAAACQAAAAgADMALQA0ACAAQAQwBDcEMAQgADIEIAA9BDUENAQ1BDsETgQFRwAAAAEOAAAACQMAAAAcBgMAAAABAQ8ILwAAAAAqAAAAIAAyBDwENQRBBEIEPgQgADMENQQ7BE8EIAA0BDsETwQgADQEQwRIBDAEBSEAAAABDgAAAAkDAAAAHAYDAAAAAQEPCAkAAAAABAAAAC4AIAAFHwAAAAEOAAAACQMAAAAcBgMAAAABAQ8IBwAAAAACAAAAIAAFCgAAAAEAAAAACAAAAAAFDwAAAAEFAAAACQMAAAAIAAAAAAAvAQAAAR4AAAABBgYAAAAEBUEOEwAJBgAAAAAaBgAAAAAbBgAAAAACBwEAAAU2AAAAAQMAAAAAAQEIKQAAAAAkAAAAIQQ\/BD4EQQQ+BDEEIAA\/BEAEOAQ8BDUEPQQ1BD0EOARPBDoABREAAAABAAAAAAgHAAAAAAIAAAAgAAWTAAAAAQAAAAAIiQAAAACEAAAAPAQwBEEEQQQwBDYEOARABEMETgRJBDgEPAQ4BCAANAQyBDgENgQ1BD0EOARPBDwEOAQgAEAEMARBBD8EQAQ1BDQENQQ7BDgEQgRMBCAAPwQ+BCAAMgRBBDUEPARDBCAAQgQ1BDsEQwQsACAAQQQ8BEsEQgRMBCAAMgQ+BDQEPgQ5BC4ABQoAAAABAAAAAAgAAAAABQoAAAABAAAAAAgAAAAACgAAAAAAAAAAEQAAAAC4AQAAANwAAAAAAQABBhIAAAACBQAAAAADBQAAAAAEBQAAAAAFAQEGAQAHAQAIAQAJBhsAAAAKBYulAQALAQEcAQAMBQAAAAAdAQANBW5OBAAOBggAAAAAAQEBA\/\/\/\/xkBARsGfQAAAAAUAAAAAAMAAAABBQAAAAACBeZEAAADAQABFAAAAAADAAAAAQUAAAAAAgXmRAAAAwEAAhQAAAAAAwAAAAEFAAAAAAIF5kQAAAMBAAMUAAAAAAMAAAABBQAAAAACBeZEAAADAQALFAAAAAADAAAAAQUAAAAAAgXmRAAAAwEAAc0AAAAAAQABAQACAQADAQAEBg4AAABDAGEAbABpAGIAcgBpAAUGDgAAAEMAYQBsAGkAYgByAGkABwYOAAAAQwBhAGwAaQBiAHIAaQAGBg4AAABDAGEAbABpAGIAcgBpABMBAQgEFgAAAAoBAAwBAA4FAAAAAA8BABABABEBABIFAAAAABQBABUBABYEFgAAABcBABgBABkGCgAAAHIAdQAtAFIAVQAaBgoAAABhAHIALQBTAEEAGwYKAAAAZQBuAC0AVQBTABwGAgAAAAAAHgEAAgAAAAA=\">Vos keli la\u0161ai kvapnaus pilingo nukels \u012f rojaus sal\u0105, kur \u010diulba pauk\u0161\u010diai ir \u017eydi ne\u012ftik\u0117tinos g\u0117l\u0117s! Lupamosios dalel\u0117s kompozicijoje &#8211; ma\u017eiausios polietileno rutuliukai ir kokoso milteliai. Jie \u0161velniai nuvalo od\u0105 nuo nereikaling\u0173 keratinizuot\u0173 daleli\u0173, atlaisvina vir\u0161utin\u012f odos sluoksn\u012f deguonies patekimui. Pasiflor\u0173 ekstraktas yra puikus antioksidantas: kovoja su laisvaisiais radikalais, padeda i\u0161laikyti odos jaunatvi\u0161kum\u0105. Cukranendri\u0173 cukrus dr\u0117kina od\u0105 ir maitina j\u0105 naudingomis med\u017eiagomis. Rekomenduojamas \u0161veitimo da\u017enis \u2013 3-4 kartus per savait\u0119 vietoj du\u0161o \u017eel\u0117s.<\/div>\n<div><b>Naudojimo b\u016bdas:<\/b> masa\u017euoti vis\u0105 k\u016bn\u0105, nuplauti vandeniu.<\/div>\n<div><\/div>\n<div>Sud\u0117tis (INCI<\/div>\n<div>Vanduo, sorbitolis, natrio mireto sulfatas, polietilenas, kokamidopropilo betainas, PEG-7 glicerilo kokoatas, akrilatai \/ C10-30 alkilakrilato kry\u017eminis polimeras, alantoinas, Saccharum Officinarum ekstraktas, Passiflora Edulis vaisi\u0173 ekstraktas, Cocos Shell Poderen, Cocos Shell Powder. , etilheksilglicerinas, limonenai, CI 14720, CI 42090.<\/div>\n","protected":false},"excerpt":{"rendered":"<p>Vos keli la\u0161ai kvapnaus pilingo nukels \u012f rojaus sal\u0105, kur \u010diulba pauk\u0161\u010diai ir \u017eydi ne\u012ftik\u0117tinos g\u0117l\u0117s! Lupamosios dalel\u0117s kompozicijoje &#8211; ma\u017eiausios polietileno rutuliukai ir kokoso milteliai. Jie \u0161velniai nuvalo od\u0105 nuo nereikaling\u0173 keratinizuot\u0173 daleli\u0173, atlaisvina vir\u0161utin\u012f odos sluoksn\u012f deguonies patekimui. Pasiflor\u0173 ekstraktas yra puikus antioksidantas: kovoja su laisvaisiais radikalais, padeda i\u0161laikyti odos jaunatvi\u0161kum\u0105. Cukranendri\u0173 cukrus [&hellip;]<\/p>\n","protected":false},"featured_media":6869,"comment_status":"open","ping_status":"closed","template":"","meta":[],"product_brand":[],"product_cat":[119,122],"product_tag":[],"class_list":{"0":"post-6871","1":"product","2":"type-product","3":"status-publish","4":"has-post-thumbnail","6":"product_cat-kuno-produktai","7":"product_cat-kuno-sveitikliai","9":"first","10":"outofstock","11":"shipping-taxable","12":"purchasable","13":"product-type-simple"},"_links":{"self":[{"href":"https:\/\/beautysba.co.uk\/lt\/wp-json\/wp\/v2\/product\/6871","targetHints":{"allow":["GET"]}}],"collection":[{"href":"https:\/\/beautysba.co.uk\/lt\/wp-json\/wp\/v2\/product"}],"about":[{"href":"https:\/\/beautysba.co.uk\/lt\/wp-json\/wp\/v2\/types\/product"}],"replies":[{"embeddable":true,"href":"https:\/\/beautysba.co.uk\/lt\/wp-json\/wp\/v2\/comments?post=6871"}],"wp:featuredmedia":[{"embeddable":true,"href":"https:\/\/beautysba.co.uk\/lt\/wp-json\/wp\/v2\/media\/6869"}],"wp:attachment":[{"href":"https:\/\/beautysba.co.uk\/lt\/wp-json\/wp\/v2\/media?parent=6871"}],"wp:term":[{"taxonomy":"product_brand","embeddable":true,"href":"https:\/\/beautysba.co.uk\/lt\/wp-json\/wp\/v2\/product_brand?post=6871"},{"taxonomy":"product_cat","embeddable":true,"href":"https:\/\/beautysba.co.uk\/lt\/wp-json\/wp\/v2\/product_cat?post=6871"},{"taxonomy":"product_tag","embeddable":true,"href":"https:\/\/beautysba.co.uk\/lt\/wp-json\/wp\/v2\/product_tag?post=6871"}],"curies":[{"name":"wp","href":"https:\/\/api.w.org\/{rel}","templated":true}]}}