{"id":6906,"date":"2021-12-31T15:52:12","date_gmt":"2021-12-31T15:52:13","guid":{"rendered":"https:\/\/beautysba.co.uk\/?post_type=product&#038;p=6906"},"modified":"2021-12-31T15:52:39","modified_gmt":"2021-12-31T15:52:39","slug":"mezospray-hermeant-nedereable-b","status":"publish","type":"product","link":"https:\/\/beautysba.co.uk\/lt\/produktas\/mezospray-hermeant-nedereable-b\/","title":{"rendered":"Nei\u0161trinamas MesoSpray Sealant Greitas plauk\u0173 augimas ir tankumas. 150 ml"},"content":{"rendered":"<p>Mesospray silantas \u2013 tai daugiafunkc\u0117 priemon\u0117, skirta plaukams pri\u017ei\u016br\u0117ti j\u0173 aktyvaus augimo metu, kondicionuojanti plaukus, palengvinanti \u0161lapi\u0173 ir saus\u0173 plauk\u0173 i\u0161\u0161ukavim\u0105. Aktyvi\u0173 ingredient\u0173 d\u0117ka pur\u0161kalo formul\u0117 padeda sustiprinti plauk\u0173 folikulus, atstatyti lipidin\u012f plauko sluoksn\u012f, i\u0161lyginti plauko kutikul\u0119, dr\u0117kinti ir stangrinti plauko strukt\u016br\u0105 per vis\u0105 ilg\u012f.<\/p>\n<p><b>Naudojimas:<\/b> Tepkite ant \u0161vari\u0173, \u0161iek tiek nusausint\u0173 arba saus\u0173 plauk\u0173. Nedelsdami i\u0161\u0161ukuokite plaukus, kad geriau pasiskirstytum\u0117te. Negalima nuplauti!<\/p>\n<p><b>Sud\u0117tis:<\/b> vanduo, etilo alkoholis, amodimetikonas, C11-C15 paret-7, lauretas-9, glicerinas, tridecetas-12, pantenolis, PEG-40 hidrintas ricinos aliejus, etosulfatas C10-40 izoalkilamidopropiletildimonis, dipropilenglikolis, etil-Penoksiparavubenanas , natrio hialuronatas, PEG-40 hidrintas ricin\u0173 aliejus, etanolis, hamamelio ekstraktas, pantenolis, arnikos ekstraktas, niacinamidas, tiamino HCl, tokoferilo acetatas, retinilo palmitatas, retinilo acetatas, biotinas, NITA dinamerica ir miel\u0117s, dinamerika ir miel\u0117s, glicino rie\u0161utas, propionilas, pancirenas glikolis, cinko gliukonatas, kofeinas, biotinas, kofeinas, polikvaternis-10, arginino hidrochloridas, 2-brom-2-nitropropan-1,3-diolis, butilfenilmetilpropionalis, heksilcinamalas, linalas<\/p>\n","protected":false},"excerpt":{"rendered":"<p>Mesospray silantas \u2013 tai daugiafunkc\u0117 priemon\u0117, skirta plaukams pri\u017ei\u016br\u0117ti j\u0173 aktyvaus augimo metu, kondicionuojanti plaukus, palengvinanti \u0161lapi\u0173 ir saus\u0173 plauk\u0173 i\u0161\u0161ukavim\u0105. Aktyvi\u0173 ingredient\u0173 d\u0117ka pur\u0161kalo formul\u0117 padeda sustiprinti plauk\u0173 folikulus, atstatyti lipidin\u012f plauko sluoksn\u012f, i\u0161lyginti plauko kutikul\u0119, dr\u0117kinti ir stangrinti plauko strukt\u016br\u0105 per vis\u0105 ilg\u012f. Naudojimas: Tepkite ant \u0161vari\u0173, \u0161iek tiek nusausint\u0173 arba saus\u0173 plauk\u0173. [&hellip;]<\/p>\n","protected":false},"featured_media":6904,"comment_status":"open","ping_status":"closed","template":"","meta":[],"product_brand":[],"product_cat":[215,211],"product_tag":[],"class_list":{"0":"post-6906","1":"product","2":"type-product","3":"status-publish","4":"has-post-thumbnail","6":"product_cat-aliejai-serumai","7":"product_cat-hair-lt","9":"first","10":"outofstock","11":"shipping-taxable","12":"purchasable","13":"product-type-simple"},"_links":{"self":[{"href":"https:\/\/beautysba.co.uk\/lt\/wp-json\/wp\/v2\/product\/6906","targetHints":{"allow":["GET"]}}],"collection":[{"href":"https:\/\/beautysba.co.uk\/lt\/wp-json\/wp\/v2\/product"}],"about":[{"href":"https:\/\/beautysba.co.uk\/lt\/wp-json\/wp\/v2\/types\/product"}],"replies":[{"embeddable":true,"href":"https:\/\/beautysba.co.uk\/lt\/wp-json\/wp\/v2\/comments?post=6906"}],"wp:featuredmedia":[{"embeddable":true,"href":"https:\/\/beautysba.co.uk\/lt\/wp-json\/wp\/v2\/media\/6904"}],"wp:attachment":[{"href":"https:\/\/beautysba.co.uk\/lt\/wp-json\/wp\/v2\/media?parent=6906"}],"wp:term":[{"taxonomy":"product_brand","embeddable":true,"href":"https:\/\/beautysba.co.uk\/lt\/wp-json\/wp\/v2\/product_brand?post=6906"},{"taxonomy":"product_cat","embeddable":true,"href":"https:\/\/beautysba.co.uk\/lt\/wp-json\/wp\/v2\/product_cat?post=6906"},{"taxonomy":"product_tag","embeddable":true,"href":"https:\/\/beautysba.co.uk\/lt\/wp-json\/wp\/v2\/product_tag?post=6906"}],"curies":[{"name":"wp","href":"https:\/\/api.w.org\/{rel}","templated":true}]}}