{"id":6939,"date":"2022-01-01T00:12:13","date_gmt":"2022-01-01T00:12:13","guid":{"rendered":"https:\/\/beautysba.co.uk\/?post_type=product&#038;p=6939"},"modified":"2023-08-21T17:50:17","modified_gmt":"2023-08-21T17:50:17","slug":"ampules-nuo-plauku-slinkimo","status":"publish","type":"product","link":"https:\/\/beautysba.co.uk\/lt\/produktas\/ampules-nuo-plauku-slinkimo\/","title":{"rendered":"Ampul\u0117s nuo plauk\u0173 slinkimo"},"content":{"rendered":"<p>Jei ie\u0161kote greito plauk\u0173 slinkimo problemos sprendimo, naudokite Ronny Placenta ampules kartu su pagrindine prie\u017ei\u016bros priemone. Ampul\u0117se yra koncentruotas vitamin\u0173 ir veikli\u0173j\u0173 med\u017eiag\u0173 kokteilis, kuris giliai \u012fsiskverbia \u012f svog\u016bn\u0117l\u012f ir galvos od\u0105. Pagrindinis ampuli\u0173 komponentas yra placentos placentos ekstraktas \u2013 jis skatina plauk\u0173 \u0161akn\u0173 augim\u0105 ir stiprina plauk\u0173 strukt\u016br\u0105.<\/p>\n<p><strong>Naudojimo b\u016bdas:<\/strong> tepkite produkt\u0105 kas 3-4 dienas 3 savaites. Tada tepkite kart\u0105 per savait\u0119, kad i\u0161laikytum\u0117te efekt\u0105.<\/p>\n","protected":false},"excerpt":{"rendered":"<p>Jei ie\u0161kote greito plauk\u0173 slinkimo problemos sprendimo, naudokite Ronny Placenta ampules kartu su pagrindine prie\u017ei\u016bros priemone. Ampul\u0117se yra koncentruotas vitamin\u0173 ir veikli\u0173j\u0173 med\u017eiag\u0173 kokteilis, kuris giliai \u012fsiskverbia \u012f svog\u016bn\u0117l\u012f ir galvos od\u0105. Pagrindinis ampuli\u0173 komponentas yra placentos placentos ekstraktas \u2013 jis skatina plauk\u0173 \u0161akn\u0173 augim\u0105 ir stiprina plauk\u0173 strukt\u016br\u0105. Naudojimo b\u016bdas: tepkite produkt\u0105 kas 3-4 [&hellip;]<\/p>\n","protected":false},"featured_media":6937,"comment_status":"open","ping_status":"closed","template":"","meta":[],"product_brand":[],"product_cat":[215,211],"product_tag":[],"class_list":{"0":"post-6939","1":"product","2":"type-product","3":"status-publish","4":"has-post-thumbnail","6":"product_cat-aliejai-serumai","7":"product_cat-hair-lt","9":"first","10":"outofstock","11":"shipping-taxable","12":"purchasable","13":"product-type-simple"},"_links":{"self":[{"href":"https:\/\/beautysba.co.uk\/lt\/wp-json\/wp\/v2\/product\/6939","targetHints":{"allow":["GET"]}}],"collection":[{"href":"https:\/\/beautysba.co.uk\/lt\/wp-json\/wp\/v2\/product"}],"about":[{"href":"https:\/\/beautysba.co.uk\/lt\/wp-json\/wp\/v2\/types\/product"}],"replies":[{"embeddable":true,"href":"https:\/\/beautysba.co.uk\/lt\/wp-json\/wp\/v2\/comments?post=6939"}],"wp:featuredmedia":[{"embeddable":true,"href":"https:\/\/beautysba.co.uk\/lt\/wp-json\/wp\/v2\/media\/6937"}],"wp:attachment":[{"href":"https:\/\/beautysba.co.uk\/lt\/wp-json\/wp\/v2\/media?parent=6939"}],"wp:term":[{"taxonomy":"product_brand","embeddable":true,"href":"https:\/\/beautysba.co.uk\/lt\/wp-json\/wp\/v2\/product_brand?post=6939"},{"taxonomy":"product_cat","embeddable":true,"href":"https:\/\/beautysba.co.uk\/lt\/wp-json\/wp\/v2\/product_cat?post=6939"},{"taxonomy":"product_tag","embeddable":true,"href":"https:\/\/beautysba.co.uk\/lt\/wp-json\/wp\/v2\/product_tag?post=6939"}],"curies":[{"name":"wp","href":"https:\/\/api.w.org\/{rel}","templated":true}]}}