{"id":7096,"date":"2022-01-08T09:44:52","date_gmt":"2022-01-08T09:44:52","guid":{"rendered":"https:\/\/beautysba.co.uk\/?post_type=product&#038;p=7096"},"modified":"2026-04-24T09:59:18","modified_gmt":"2026-04-24T09:59:18","slug":"ichtiolinis-balzamas-41g","status":"publish","type":"product","link":"https:\/\/beautysba.co.uk\/lt\/produktas\/ichtiolinis-balzamas-41g\/","title":{"rendered":"Ichtiolo balzamas 30g"},"content":{"rendered":"<h3>NAUDOJIMO INDIKACIJOS<\/h3>\n<p>Rekomenduojamas kaip priemon\u0117 kompleksin\u0117je terapijoje esant \u012fvairiems odos pa\u017eeidimams (nudegimams, erysipelams, egzemoms ir kt.), neuralgijoms, s\u0105nari\u0173 skausmams. Jis turi prie\u0161u\u017edegimin\u012f, antiseptin\u012f ir analgetin\u012f poveik\u012f.<\/p>\n<h3>SUD\u0116TIS<\/h3>\n<p>Ichtiolis, vazelinas.<\/p>\n<h3>VEIKLI\u0172J\u0172 MED\u017dIAG\u0172 APRA\u0160YMAS<\/h3>\n<p><em><strong>Kosmetinis vazelinas<\/strong><\/em> , skirtas odai mink\u0161tinti ir apsaugoti.<\/p>\n<p><em><strong>Ichtiolis<\/strong><\/em> turi prie\u0161u\u017edegimini\u0173, vietini\u0173 anestetik\u0173 ir antiseptini\u0173 savybi\u0173. Vartojamas i\u0161ori\u0161kai nuo odos lig\u0173 (nudegim\u0173, raudon\u0117li\u0173, egzem\u0173 ir kt.), neuralgijos, artrito ir kt.<\/p>\n<h3>TAIKYMO RE\u017dIMAS<\/h3>\n<p>Ichtiolio balzam\u0105 2-3 kartus per dien\u0105 tepkite plonu sluoksniu ant pa\u017eeistos odos vietos, tada u\u017edenkite \u0161variu marl\u0117s tvars\u010diu. Po balzamo naudojimo kruop\u0161\u010diai nusiplaukite rankas.<\/p>\n","protected":false},"excerpt":{"rendered":"<p>NAUDOJIMO INDIKACIJOS Rekomenduojamas kaip priemon\u0117 kompleksin\u0117je terapijoje esant \u012fvairiems odos pa\u017eeidimams (nudegimams, erysipelams, egzemoms ir kt.), neuralgijoms, s\u0105nari\u0173 skausmams. Jis turi prie\u0161u\u017edegimin\u012f, antiseptin\u012f ir analgetin\u012f poveik\u012f. SUD\u0116TIS Ichtiolis, vazelinas. VEIKLI\u0172J\u0172 MED\u017dIAG\u0172 APRA\u0160YMAS Kosmetinis vazelinas , skirtas odai mink\u0161tinti ir apsaugoti. Ichtiolis turi prie\u0161u\u017edegimini\u0173, vietini\u0173 anestetik\u0173 ir antiseptini\u0173 savybi\u0173. Vartojamas i\u0161ori\u0161kai nuo odos lig\u0173 (nudegim\u0173, raudon\u0117li\u0173, [&hellip;]<\/p>\n","protected":false},"featured_media":13755,"comment_status":"open","ping_status":"closed","template":"","meta":[],"product_brand":[],"product_cat":[218,217],"product_tag":[],"class_list":{"0":"post-7096","1":"product","2":"type-product","3":"status-publish","4":"has-post-thumbnail","6":"product_cat-kuno-prieziura","7":"product_cat-sveikatos-prieziura","9":"first","10":"instock","11":"shipping-taxable","12":"purchasable","13":"product-type-simple"},"_links":{"self":[{"href":"https:\/\/beautysba.co.uk\/lt\/wp-json\/wp\/v2\/product\/7096","targetHints":{"allow":["GET"]}}],"collection":[{"href":"https:\/\/beautysba.co.uk\/lt\/wp-json\/wp\/v2\/product"}],"about":[{"href":"https:\/\/beautysba.co.uk\/lt\/wp-json\/wp\/v2\/types\/product"}],"replies":[{"embeddable":true,"href":"https:\/\/beautysba.co.uk\/lt\/wp-json\/wp\/v2\/comments?post=7096"}],"wp:featuredmedia":[{"embeddable":true,"href":"https:\/\/beautysba.co.uk\/lt\/wp-json\/wp\/v2\/media\/13755"}],"wp:attachment":[{"href":"https:\/\/beautysba.co.uk\/lt\/wp-json\/wp\/v2\/media?parent=7096"}],"wp:term":[{"taxonomy":"product_brand","embeddable":true,"href":"https:\/\/beautysba.co.uk\/lt\/wp-json\/wp\/v2\/product_brand?post=7096"},{"taxonomy":"product_cat","embeddable":true,"href":"https:\/\/beautysba.co.uk\/lt\/wp-json\/wp\/v2\/product_cat?post=7096"},{"taxonomy":"product_tag","embeddable":true,"href":"https:\/\/beautysba.co.uk\/lt\/wp-json\/wp\/v2\/product_tag?post=7096"}],"curies":[{"name":"wp","href":"https:\/\/api.w.org\/{rel}","templated":true}]}}