{"id":7295,"date":"2022-01-14T19:48:52","date_gmt":"2022-01-14T19:48:52","guid":{"rendered":"https:\/\/beautysba.co.uk\/?post_type=product&#038;p=7295"},"modified":"2022-07-27T10:10:31","modified_gmt":"2022-07-27T10:10:31","slug":"stiprintuvas-odai-aplink-akis-dr-sante-hyaluron-mezzo-pro-15-ml","status":"publish","type":"product","link":"https:\/\/beautysba.co.uk\/lt\/produktas\/stiprintuvas-odai-aplink-akis-dr-sante-hyaluron-mezzo-pro-15-ml\/","title":{"rendered":"Busteris odai aplink akis Dr.Sante Hyaluron Mezzo Pro 15 ml"},"content":{"rendered":"<p>Pakankamas hialurono r\u016bg\u0161ties kiekis yra odos jaunatvi\u0161kumo rodiklis, nes tai veikia kolageno ir elastino gamyb\u0105. Su am\u017eiumi hialurono r\u016bg\u0161ties kiekis organizme ma\u017e\u0117ja, o jo tr\u016bkum\u0105 reikia papildyti, taip pat ir naudojant odos prie\u017ei\u016bros kosmetik\u0105.<\/p>\n<p>Ma\u017eos ir didel\u0117s molekulin\u0117s mas\u0117s hialurono r\u016bg\u0161ties derinys veikia skirtingus epidermio sluoksnius, tod\u0117l dermatolog\u0173 pripa\u017eintas efektyviausiu, kai naudojamas kosmetikoje.<\/p>\n<p>Booster odai aplink akis dr\u0117kina iki 72 valand\u0173, lygina ir gaivina od\u0105. Skirtingo molekulinio dyd\u017eio hialurono r\u016bg\u0161tis prisotina giliuosius epidermio sluoksnius dr\u0117gme ir neleid\u017eia jai i\u0161garuoti. Neuropeptidai suteikia vietin\u012f raumen\u0173 atpalaidavim\u0105 \u2013 raumen\u0173 atsipalaidavim\u0105, u\u017ekertant keli\u0105 \u201evarn\u0173 p\u0117d\u0173\u201c atsiradimui. Augal\u0173 prebiotikas palaiko palanki\u0105 mikrofloros b\u016bkl\u0119. Produktas yra lengvos tekst\u016bros ir ne\u012fkyraus kvapo. Susigeria akimirksniu, palikdamas komforto, gaivos ir v\u0117sumo poj\u016bt\u012f.<\/p>\n<p>Sud\u0117tis (INCI)<\/p>\n<p>Vanduo, izodecilo neopentanoatas, dimetikonas, miristilo miristatas, sacharido izomeratas, natrio hialuronatas, glicerilo stearatas, natrio akrilat\u0173 kopolimeras, bis-PEG-18 metilo eterio dimetilsilanas, celiulioz\u0117s derva, ksantano derva, palmitopeptidas, glukoceliulioz\u0117, inulinas, celiulioz\u0117, glicerolio stearatas, natrio akrilato kopolimeras. 52, palmitoilo heptapeptidas-18, glikolio r\u016bg\u0161tis, pieno r\u016bg\u0161tis, polivinilo alkoholis, glicerinas, sintetinis fluorflogopitas, behenilo alkoholis, palmitino r\u016bg\u0161tis, stearino r\u016bg\u0161tis, lecitinas, cetearilo dimetikono kry\u017epolimeras, laurilo alkoholis, citrino alkoholis, C,,,. Natrio citratas, hidroksiacetofenonas, 1,2-heksandiolis, kaprilglikolis, fenoksietanolis, glicerilo kaprilatas, glicino sojos steroliai, tokoferolis, kalcio titano borosilikatas, CI 77861, CI 77893, CI 7749.<\/p>\n","protected":false},"excerpt":{"rendered":"<p>Pakankamas hialurono r\u016bg\u0161ties kiekis yra odos jaunatvi\u0161kumo rodiklis, nes tai veikia kolageno ir elastino gamyb\u0105. Su am\u017eiumi hialurono r\u016bg\u0161ties kiekis organizme ma\u017e\u0117ja, o jo tr\u016bkum\u0105 reikia papildyti, taip pat ir naudojant odos prie\u017ei\u016bros kosmetik\u0105. Ma\u017eos ir didel\u0117s molekulin\u0117s mas\u0117s hialurono r\u016bg\u0161ties derinys veikia skirtingus epidermio sluoksnius, tod\u0117l dermatolog\u0173 pripa\u017eintas efektyviausiu, kai naudojamas kosmetikoje. Booster odai [&hellip;]<\/p>\n","protected":false},"featured_media":7293,"comment_status":"open","ping_status":"closed","template":"","meta":[],"product_brand":[],"product_cat":[202,127],"product_tag":[],"class_list":{"0":"post-7295","1":"product","2":"type-product","3":"status-publish","4":"has-post-thumbnail","6":"product_cat-akiu-kremai","7":"product_cat-veidas","9":"first","10":"outofstock","11":"shipping-taxable","12":"purchasable","13":"product-type-simple"},"_links":{"self":[{"href":"https:\/\/beautysba.co.uk\/lt\/wp-json\/wp\/v2\/product\/7295","targetHints":{"allow":["GET"]}}],"collection":[{"href":"https:\/\/beautysba.co.uk\/lt\/wp-json\/wp\/v2\/product"}],"about":[{"href":"https:\/\/beautysba.co.uk\/lt\/wp-json\/wp\/v2\/types\/product"}],"replies":[{"embeddable":true,"href":"https:\/\/beautysba.co.uk\/lt\/wp-json\/wp\/v2\/comments?post=7295"}],"wp:featuredmedia":[{"embeddable":true,"href":"https:\/\/beautysba.co.uk\/lt\/wp-json\/wp\/v2\/media\/7293"}],"wp:attachment":[{"href":"https:\/\/beautysba.co.uk\/lt\/wp-json\/wp\/v2\/media?parent=7295"}],"wp:term":[{"taxonomy":"product_brand","embeddable":true,"href":"https:\/\/beautysba.co.uk\/lt\/wp-json\/wp\/v2\/product_brand?post=7295"},{"taxonomy":"product_cat","embeddable":true,"href":"https:\/\/beautysba.co.uk\/lt\/wp-json\/wp\/v2\/product_cat?post=7295"},{"taxonomy":"product_tag","embeddable":true,"href":"https:\/\/beautysba.co.uk\/lt\/wp-json\/wp\/v2\/product_tag?post=7295"}],"curies":[{"name":"wp","href":"https:\/\/api.w.org\/{rel}","templated":true}]}}