{"id":7348,"date":"2022-01-14T21:54:11","date_gmt":"2022-01-14T21:54:12","guid":{"rendered":"https:\/\/beautysba.co.uk\/?post_type=product&#038;p=7348"},"modified":"2022-01-14T21:56:44","modified_gmt":"2022-01-14T21:56:44","slug":"7342","status":"publish","type":"product","link":"https:\/\/beautysba.co.uk\/lt\/produktas\/7342\/","title":{"rendered":"BAA &#8220;A\u0161tri akis&#8221;"},"content":{"rendered":"<p>BAA &#8220;Sharp Eye&#8221; yra pagamintas i\u0161 nat\u016brali\u0173 augalini\u0173 ingredient\u0173 ir naudojamas kaip papildomas mineral\u0173 ir vitamin\u0173 \u0161altinis. \u201eA\u0161tri akis\u201c padeda pagerinti spalv\u0173 suvokim\u0105, reg\u0117jimo a\u0161trum\u0105 tamsoje, gerina tinklain\u0117s ir dugno kraujagysli\u0173 b\u016bkl\u0119, taip pat ma\u017eina \u017ealing\u0105 elektromagnetin\u0117s spinduliuot\u0117s poveik\u012f.&lt;br&gt;<\/p>\n<p>Veikliosios med\u017eiagos M\u0117lyn\u0117s \u2013 50 % Morkos \u2013 50 % Sud\u0117tyje yra vitamin\u0173: A, B1, B2, B6, C, PP, E, makro ir mikroelement\u0173, amino r\u016bg\u0161\u010di\u0173, flavonoid\u0173.<\/p>\n<p>&nbsp;<\/p>\n","protected":false},"excerpt":{"rendered":"<p>BAA &#8220;Sharp Eye&#8221; yra pagamintas i\u0161 nat\u016brali\u0173 augalini\u0173 ingredient\u0173 ir naudojamas kaip papildomas mineral\u0173 ir vitamin\u0173 \u0161altinis. \u201eA\u0161tri akis\u201c padeda pagerinti spalv\u0173 suvokim\u0105, reg\u0117jimo a\u0161trum\u0105 tamsoje, gerina tinklain\u0117s ir dugno kraujagysli\u0173 b\u016bkl\u0119, taip pat ma\u017eina \u017ealing\u0105 elektromagnetin\u0117s spinduliuot\u0117s poveik\u012f.&lt;br&gt; Veikliosios med\u017eiagos M\u0117lyn\u0117s \u2013 50 % Morkos \u2013 50 % Sud\u0117tyje yra vitamin\u0173: A, B1, B2, [&hellip;]<\/p>\n","protected":false},"featured_media":7346,"comment_status":"open","ping_status":"closed","template":"","meta":[],"product_brand":[],"product_cat":[217,220],"product_tag":[],"class_list":{"0":"post-7348","1":"product","2":"type-product","3":"status-publish","4":"has-post-thumbnail","6":"product_cat-sveikatos-prieziura","7":"product_cat-zarnyno-sveikata","9":"first","10":"outofstock","11":"shipping-taxable","12":"purchasable","13":"product-type-simple"},"_links":{"self":[{"href":"https:\/\/beautysba.co.uk\/lt\/wp-json\/wp\/v2\/product\/7348","targetHints":{"allow":["GET"]}}],"collection":[{"href":"https:\/\/beautysba.co.uk\/lt\/wp-json\/wp\/v2\/product"}],"about":[{"href":"https:\/\/beautysba.co.uk\/lt\/wp-json\/wp\/v2\/types\/product"}],"replies":[{"embeddable":true,"href":"https:\/\/beautysba.co.uk\/lt\/wp-json\/wp\/v2\/comments?post=7348"}],"wp:featuredmedia":[{"embeddable":true,"href":"https:\/\/beautysba.co.uk\/lt\/wp-json\/wp\/v2\/media\/7346"}],"wp:attachment":[{"href":"https:\/\/beautysba.co.uk\/lt\/wp-json\/wp\/v2\/media?parent=7348"}],"wp:term":[{"taxonomy":"product_brand","embeddable":true,"href":"https:\/\/beautysba.co.uk\/lt\/wp-json\/wp\/v2\/product_brand?post=7348"},{"taxonomy":"product_cat","embeddable":true,"href":"https:\/\/beautysba.co.uk\/lt\/wp-json\/wp\/v2\/product_cat?post=7348"},{"taxonomy":"product_tag","embeddable":true,"href":"https:\/\/beautysba.co.uk\/lt\/wp-json\/wp\/v2\/product_tag?post=7348"}],"curies":[{"name":"wp","href":"https:\/\/api.w.org\/{rel}","templated":true}]}}