{"id":7394,"date":"2022-01-14T22:22:17","date_gmt":"2022-01-14T22:22:17","guid":{"rendered":"https:\/\/beautysba.co.uk\/?post_type=product&#038;p=7394"},"modified":"2026-04-24T09:53:12","modified_gmt":"2026-04-24T09:53:12","slug":"ae-vitaminai-forte-caps-350-mg-nr-20","status":"publish","type":"product","link":"https:\/\/beautysba.co.uk\/lt\/produktas\/ae-vitaminai-forte-caps-350-mg-nr-20\/","title":{"rendered":"Vitaminas AE-Forte, kapsul\u0117s 350 mg Nr. 20"},"content":{"rendered":"<p>Rekomenduojamas kaip papildomas vitamin\u0173 A, E \u0161altinis. Vitaminas E apsaugo nuo kraujo kre\u0161uli\u0173 susidarymo ir skatina j\u0173 rezorbcij\u0105. Tai taip pat pagerina vaisingum\u0105 ir suma\u017eina menopauz\u0117s kar\u0161\u010dio bangas bei apsaugo nuo j\u0173. Vitaminas E kosmetologijoje naudojamas odos jaunatvi\u0161kumui i\u0161saugoti, skatina \u017eaizd\u0173 gijim\u0105, ma\u017eina rando audinio susidarymo rizik\u0105. Vitaminas E labai svarbus raudoniesiems kraujo k\u016bneliams, gerina l\u0105steli\u0173 kv\u0117pavim\u0105, didina i\u0161tverm\u0119. Vitaminas A u\u017etikrina normali\u0105 tinklain\u0117s veikl\u0105, dalyvauja l\u0105steli\u0173 diferenciacijos procese, tai yra leid\u017eia kiekvienai organizmo l\u0105stelei atlikti savo unikali\u0105 funkcij\u0105. Padidina organizmo atsparum\u0105 infekcijoms. B\u016btinas tinkamam embriono vystymuisi, ypa\u010d jo gal\u016bn\u0117ms, \u0161ird\u017eiai, akims, ausims.<\/p>\n","protected":false},"excerpt":{"rendered":"<p>Rekomenduojamas kaip papildomas vitamin\u0173 A, E \u0161altinis. Vitaminas E apsaugo nuo kraujo kre\u0161uli\u0173 susidarymo ir skatina j\u0173 rezorbcij\u0105. Tai taip pat pagerina vaisingum\u0105 ir suma\u017eina menopauz\u0117s kar\u0161\u010dio bangas bei apsaugo nuo j\u0173. Vitaminas E kosmetologijoje naudojamas odos jaunatvi\u0161kumui i\u0161saugoti, skatina \u017eaizd\u0173 gijim\u0105, ma\u017eina rando audinio susidarymo rizik\u0105. Vitaminas E labai svarbus raudoniesiems kraujo k\u016bneliams, gerina [&hellip;]<\/p>\n","protected":false},"featured_media":7392,"comment_status":"open","ping_status":"closed","template":"","meta":[],"product_brand":[],"product_cat":[217,220],"product_tag":[],"class_list":{"0":"post-7394","1":"product","2":"type-product","3":"status-publish","4":"has-post-thumbnail","6":"product_cat-sveikatos-prieziura","7":"product_cat-zarnyno-sveikata","9":"first","10":"instock","11":"shipping-taxable","12":"purchasable","13":"product-type-simple"},"_links":{"self":[{"href":"https:\/\/beautysba.co.uk\/lt\/wp-json\/wp\/v2\/product\/7394","targetHints":{"allow":["GET"]}}],"collection":[{"href":"https:\/\/beautysba.co.uk\/lt\/wp-json\/wp\/v2\/product"}],"about":[{"href":"https:\/\/beautysba.co.uk\/lt\/wp-json\/wp\/v2\/types\/product"}],"replies":[{"embeddable":true,"href":"https:\/\/beautysba.co.uk\/lt\/wp-json\/wp\/v2\/comments?post=7394"}],"wp:featuredmedia":[{"embeddable":true,"href":"https:\/\/beautysba.co.uk\/lt\/wp-json\/wp\/v2\/media\/7392"}],"wp:attachment":[{"href":"https:\/\/beautysba.co.uk\/lt\/wp-json\/wp\/v2\/media?parent=7394"}],"wp:term":[{"taxonomy":"product_brand","embeddable":true,"href":"https:\/\/beautysba.co.uk\/lt\/wp-json\/wp\/v2\/product_brand?post=7394"},{"taxonomy":"product_cat","embeddable":true,"href":"https:\/\/beautysba.co.uk\/lt\/wp-json\/wp\/v2\/product_cat?post=7394"},{"taxonomy":"product_tag","embeddable":true,"href":"https:\/\/beautysba.co.uk\/lt\/wp-json\/wp\/v2\/product_tag?post=7394"}],"curies":[{"name":"wp","href":"https:\/\/api.w.org\/{rel}","templated":true}]}}