{"id":7415,"date":"2022-01-14T22:33:07","date_gmt":"2022-01-14T22:33:07","guid":{"rendered":"https:\/\/beautysba.co.uk\/?post_type=product&#038;p=7415"},"modified":"2026-04-24T09:13:28","modified_gmt":"2026-04-24T09:13:28","slug":"sirupas-saldymedzio-saknis-100ml-su-vitaminu-c","status":"publish","type":"product","link":"https:\/\/beautysba.co.uk\/lt\/produktas\/sirupas-saldymedzio-saknis-100ml-su-vitaminu-c\/","title":{"rendered":"Saldymed\u017eio \u0161akn\u0173 sirupas 100ml su vitaminu C"},"content":{"rendered":"<div class=\"detail-product__PROPERTIES-ITEM\">Vartojamas esant u\u017edegimin\u0117ms kv\u0117pavimo tak\u0173 ligoms, kurias lydi kosulys ir sunku i\u0161siskirti skrepliais. Kiekis 15 ml sirupo (vidutini\u0161kai) Vitaminas C 40,5 mg Glicirizo r\u016bg\u0161tis 6,0 mg Tamsios spalvos skystis<\/div>\n<div class=\"detail-product__PROPERTIES-ITEM\">\n<h3 class=\"detail-product__PROPERTIES-ITEM-NAME\">Sud\u0117tis:<\/h3>\n<p>Saldymed\u017eio \u0161aknis, askorbo r\u016bg\u0161tis (vitaminas C), cukrus, citrin\u0173 r\u016bg\u0161tis (E330), natrio benzoatas (E211), i\u0161grynintas geriamasis vanduo<\/p>\n<\/div>\n<div class=\"detail-product__PROPERTIES-ITEM\">\n<div class=\"detail-product__PROPERTIES-ITEM-VALUE\"><\/div>\n<\/div>\n<div class=\"detail-product__PROPERTIES-ITEM\">\n<h3 class=\"detail-product__PROPERTIES-ITEM-NAME\">Taikymo b\u016bdas \/ dozavimas:<\/h3>\n<div class=\"detail-product__PROPERTIES-ITEM-VALUE readmore-js-section readmore-js-collapsed\">Viduje suaugusiems ir vyresniems nei 12 met\u0173 vaikams po 1 arbatin\u012f \u0161auk\u0161tel\u012f (anks\u010diau praskiest\u0105 1\/2 puodelio vandens) 3 kartus per dien\u0105. Vaikams iki 2 met\u0173 &#8211; 1-2 la\u0161ai (anks\u010diau praskiesti 1 arbatiniu \u0161auk\u0161teliu vandens) 3 kartus per dien\u0105; Vaikams nuo 2 iki 6 met\u0173 &#8211; 2-10 la\u0161\u0173 (anks\u010diau praskiest\u0173 1 arbatiniu \u0161auk\u0161teliu vandens) 3 kartus per dien\u0105; Vaikams nuo 6 iki 12 met\u0173 &#8211; 50 la\u0161\u0173 (prie\u0161 tai praskiesta 1\/2 stiklin\u0117s vandens) 3 kartus per dien\u0105. Gydymo kursas yra 7-10 dien\u0173.<\/div>\n<\/div>\n","protected":false},"excerpt":{"rendered":"<p>Vartojamas esant u\u017edegimin\u0117ms kv\u0117pavimo tak\u0173 ligoms, kurias lydi kosulys ir sunku i\u0161siskirti skrepliais. Kiekis 15 ml sirupo (vidutini\u0161kai) Vitaminas C 40,5 mg Glicirizo r\u016bg\u0161tis 6,0 mg Tamsios spalvos skystis Sud\u0117tis: Saldymed\u017eio \u0161aknis, askorbo r\u016bg\u0161tis (vitaminas C), cukrus, citrin\u0173 r\u016bg\u0161tis (E330), natrio benzoatas (E211), i\u0161grynintas geriamasis vanduo Taikymo b\u016bdas \/ dozavimas: Viduje suaugusiems ir vyresniems nei [&hellip;]<\/p>\n","protected":false},"featured_media":7413,"comment_status":"open","ping_status":"closed","template":"","meta":[],"product_brand":[],"product_cat":[333,217,220],"product_tag":[],"class_list":{"0":"post-7415","1":"product","2":"type-product","3":"status-publish","4":"has-post-thumbnail","6":"product_cat-persalimo-ligoms-ir-psichinei-sveikatai","7":"product_cat-sveikatos-prieziura","8":"product_cat-zarnyno-sveikata","10":"first","11":"instock","12":"shipping-taxable","13":"purchasable","14":"product-type-simple"},"_links":{"self":[{"href":"https:\/\/beautysba.co.uk\/lt\/wp-json\/wp\/v2\/product\/7415","targetHints":{"allow":["GET"]}}],"collection":[{"href":"https:\/\/beautysba.co.uk\/lt\/wp-json\/wp\/v2\/product"}],"about":[{"href":"https:\/\/beautysba.co.uk\/lt\/wp-json\/wp\/v2\/types\/product"}],"replies":[{"embeddable":true,"href":"https:\/\/beautysba.co.uk\/lt\/wp-json\/wp\/v2\/comments?post=7415"}],"wp:featuredmedia":[{"embeddable":true,"href":"https:\/\/beautysba.co.uk\/lt\/wp-json\/wp\/v2\/media\/7413"}],"wp:attachment":[{"href":"https:\/\/beautysba.co.uk\/lt\/wp-json\/wp\/v2\/media?parent=7415"}],"wp:term":[{"taxonomy":"product_brand","embeddable":true,"href":"https:\/\/beautysba.co.uk\/lt\/wp-json\/wp\/v2\/product_brand?post=7415"},{"taxonomy":"product_cat","embeddable":true,"href":"https:\/\/beautysba.co.uk\/lt\/wp-json\/wp\/v2\/product_cat?post=7415"},{"taxonomy":"product_tag","embeddable":true,"href":"https:\/\/beautysba.co.uk\/lt\/wp-json\/wp\/v2\/product_tag?post=7415"}],"curies":[{"name":"wp","href":"https:\/\/api.w.org\/{rel}","templated":true}]}}