{"id":7478,"date":"2022-01-15T23:14:14","date_gmt":"2022-01-15T23:14:15","guid":{"rendered":"https:\/\/beautysba.co.uk\/?post_type=product&#038;p=7478"},"modified":"2022-07-20T09:29:12","modified_gmt":"2022-07-20T09:29:12","slug":"vitamir-motherwort-ekstraktas-su-vitaminais","status":"publish","type":"product","link":"https:\/\/beautysba.co.uk\/lt\/produktas\/vitamir-motherwort-ekstraktas-su-vitaminais\/","title":{"rendered":"Vitamir sukat\u017eol\u0117s ekstraktas su vitaminu B6 tablet\u0117s, 50 vnt"},"content":{"rendered":"<p>Motinos \u017eol\u0117s ekstrakte 14 mg + B6 yra vitamino B6 (piridoksino), kuris padeda i\u0161vengti \u012fvairi\u0173 nerv\u0173 sutrikim\u0173, ir motinin\u0117s \u017eol\u0117s ekstrakto.<\/p>\n<p>Motinos ekstraktas yra augalin\u0117s kilm\u0117s raminamoji priemon\u0117. Jis turi raminam\u0105j\u012f poveik\u012f, ma\u017eina \u0161irdies susitraukim\u0173 da\u017en\u012f ir stiprum\u0105, pasi\u017eymi hipotenzin\u0117mis savyb\u0117mis.<\/p>\n<div>Motinos ekstrakte yra alkaloid\u0173, mineralini\u0173 drusk\u0173, flavonoid\u0173, glikozid\u0173, saponin\u0173, tanin\u0173, eterinio aliejaus, organini\u0173 r\u016bg\u0161\u010di\u0173, kar\u010di\u0173j\u0173 ir sald\u017ei\u0173 med\u017eiag\u0173, vitamin\u0173 (A, E, C).<\/div>\n<div><\/div>\n<div>Pagal veikimo \u017emogaus organizm\u0105 pob\u016bd\u012f motinin\u0117s \u017eol\u0117s ekstraktas yra artimas valerijono preparatams, ta\u010diau savo poveikiu yra daug prana\u0161esnis u\u017e j\u012f, ypa\u010d gydant \u0161irdies ir kraujagysli\u0173 neurozes bei kitas \u0161irdies ligas. Motinos \u017eol\u0117 silpnina adrenalino poveik\u012f kraujagysl\u0117ms.<\/div>\n<p>Motinos ekstraktas rekomenduojamas esant neurastenijai, isterijai, galvos skausmui ir nemigai; normalizuoja hormon\u0173 disbalans\u0105 ir ma\u017eina nerim\u0105, kuris da\u017enai lydi moter\u0173 menopauz\u0119; kardioskleroz\u0117, skydliauk\u0117s ligos, epilepsija.<\/p>\n<p>Motinos ekstraktas turi ry\u0161ki\u0173 raminam\u0173j\u0173, antispazmini\u0173 ir hipotenzini\u0173 savybi\u0173, ma\u017eina centrin\u0117s nerv\u0173 sistemos jaudrum\u0105, didina \u0161irdies susitraukim\u0173 stiprum\u0105, l\u0117tina \u0161irdies ritm\u0105, ma\u017eina nervingum\u0105, dirglum\u0105, l\u0117tin\u012f nuovarg\u012f, gerina nuotaik\u0105.<\/p>\n<p>Motinos ekstraktas buvo pla\u010diai naudojamas kaip liaudies gynimo priemon\u0117 daugelyje \u0161ali\u0173: Rusijoje &#8211; kaip populiari \u0161irdies priemon\u0117 nuo nuolatinio kosulio, Vokietijoje &#8211; nuo \u0161irdies plakimo, galvos skausmo, anemijos, vir\u0161kinimo trakto diegli\u0173, astmos, dusulio, esant skausmingoms m\u0117nesin\u0117ms ir j\u0173. delsimas; Anglijoje &#8211; kaip vaistas nuo dusulio, neuralgijos, isterijos, \u0161irdies silpnumo, Rumunijoje jie gydomi nuo Greivso ligos, epilepsijos, Indijoje vartojama kaip prakaituojanti ir skrand\u012f ma\u017einanti priemon\u0117; Kin\u0173 medicina motinin\u0119 \u017eol\u0119 naudoja kaip hemostazin\u0119 priemon\u0119, nuo kraujavimo i\u0161 gimdos, nuo endometrito, kaip hipotenzij\u0105, gerina kraujotak\u0105 ir stimuliuojan\u010di\u0105 priemon\u0119. Motinos \u017eol\u0117 taip pat naudojama liaudies medicinoje nuo edemos, kolito, gastrito ir per\u0161alimo, impotencijos, kaip pieno i\u0161traukimo priemon\u0117, gerina mieg\u0105 ir bendr\u0105 savijaut\u0105.<\/p>\n<p>Motinos ekstraktas padeda mal\u0161inti spazmus ir skausm\u0105, turi prie\u0161u\u017edegimini\u0173 ir atsikos\u0117jim\u0105 skatinan\u010di\u0173 savybi\u0173, o jame esantys alkaloidai padeda gydyti pankreatit\u0105, kepen\u0173 ir inkst\u0173 ligas; gliukoz\u0117s, piruvo ir pieno r\u016bg\u0161\u010di\u0173 kiekis, stabilizuoja baltym\u0173 apykait\u0105 ir pa\u0161alina riebal\u0173 pertekli\u0173.<\/p>\n<p>Motinos \u017eol\u0117 da\u017enai rekomenduojama \u017emon\u0117ms, kurie sirgo sunkiomis ligomis, kurios sekina organizm\u0105, arba tiems, kurie serga ma\u017eakraujyste.<br \/>\nMotinos ekstraktas ma\u017eina kraujosp\u016bd\u012f, turi nedidel\u012f diuretik\u0173 poveik\u012f, ma\u017eina gimdos susitraukimus, reguliuoja m\u0117nesini\u0173 cikl\u0105, padeda esant vir\u0161kinimo trakto sutrikimams, vartojamas esant viduri\u0173 p\u016btimui, skrand\u017eio spazmams, ma\u017eina per\u0161alimo ir infekcini\u0173 lig\u0173 padarinius.<\/p>\n<p>Motinos ekstraktas rekomenduojamas esant padid\u0117jusiam nerviniam jaudrumui, neurastenijai, kartu su nemiga, \u012ftampos jausmu; taip pat vegetovaskulin\u0117 distonija ir neuroz\u0117s.<\/p>\n<p>Piridoksinas vartojamas kompleksin\u0117je nerv\u0173 sistemos lig\u0173 terapijoje, ma\u017eina naktinius raumen\u0173 spazmus, blauzdos raumen\u0173 m\u0117\u0161lung\u012f, rank\u0173 tirpim\u0105, tam tikras gal\u016bni\u0173 neurito formas, radikulit\u0105, parkinsonizm\u0105.<\/p>\n","protected":false},"excerpt":{"rendered":"<p>Motinos \u017eol\u0117s ekstrakte 14 mg + B6 yra vitamino B6 (piridoksino), kuris padeda i\u0161vengti \u012fvairi\u0173 nerv\u0173 sutrikim\u0173, ir motinin\u0117s \u017eol\u0117s ekstrakto. Motinos ekstraktas yra augalin\u0117s kilm\u0117s raminamoji priemon\u0117. Jis turi raminam\u0105j\u012f poveik\u012f, ma\u017eina \u0161irdies susitraukim\u0173 da\u017en\u012f ir stiprum\u0105, pasi\u017eymi hipotenzin\u0117mis savyb\u0117mis. Motinos ekstrakte yra alkaloid\u0173, mineralini\u0173 drusk\u0173, flavonoid\u0173, glikozid\u0173, saponin\u0173, tanin\u0173, eterinio aliejaus, organini\u0173 r\u016bg\u0161\u010di\u0173, [&hellip;]<\/p>\n","protected":false},"featured_media":7476,"comment_status":"open","ping_status":"closed","template":"","meta":[],"product_brand":[],"product_cat":[217,220],"product_tag":[],"class_list":{"0":"post-7478","1":"product","2":"type-product","3":"status-publish","4":"has-post-thumbnail","6":"product_cat-sveikatos-prieziura","7":"product_cat-zarnyno-sveikata","9":"first","10":"outofstock","11":"shipping-taxable","12":"purchasable","13":"product-type-simple"},"_links":{"self":[{"href":"https:\/\/beautysba.co.uk\/lt\/wp-json\/wp\/v2\/product\/7478","targetHints":{"allow":["GET"]}}],"collection":[{"href":"https:\/\/beautysba.co.uk\/lt\/wp-json\/wp\/v2\/product"}],"about":[{"href":"https:\/\/beautysba.co.uk\/lt\/wp-json\/wp\/v2\/types\/product"}],"replies":[{"embeddable":true,"href":"https:\/\/beautysba.co.uk\/lt\/wp-json\/wp\/v2\/comments?post=7478"}],"wp:featuredmedia":[{"embeddable":true,"href":"https:\/\/beautysba.co.uk\/lt\/wp-json\/wp\/v2\/media\/7476"}],"wp:attachment":[{"href":"https:\/\/beautysba.co.uk\/lt\/wp-json\/wp\/v2\/media?parent=7478"}],"wp:term":[{"taxonomy":"product_brand","embeddable":true,"href":"https:\/\/beautysba.co.uk\/lt\/wp-json\/wp\/v2\/product_brand?post=7478"},{"taxonomy":"product_cat","embeddable":true,"href":"https:\/\/beautysba.co.uk\/lt\/wp-json\/wp\/v2\/product_cat?post=7478"},{"taxonomy":"product_tag","embeddable":true,"href":"https:\/\/beautysba.co.uk\/lt\/wp-json\/wp\/v2\/product_tag?post=7478"}],"curies":[{"name":"wp","href":"https:\/\/api.w.org\/{rel}","templated":true}]}}