{"id":7573,"date":"2022-01-23T20:37:33","date_gmt":"2022-01-23T20:37:34","guid":{"rendered":"https:\/\/beautysba.co.uk\/?post_type=product&#038;p=7573"},"modified":"2022-05-02T22:22:00","modified_gmt":"2022-05-02T22:22:00","slug":"kremas-maitinamas-gerontolis-41g","status":"publish","type":"product","link":"https:\/\/beautysba.co.uk\/lt\/produktas\/kremas-maitinamas-gerontolis-41g\/","title":{"rendered":"Maitinamasis kremas &#8220;Gerontol&#8221; 41g"},"content":{"rendered":"<p>Su am\u017eiumi odai reikia ypatingos prie\u017ei\u016bros. Jos nat\u016bralios apsaugin\u0117s ir atkuriamosios funkcijos susilpn\u0117ja, ji praranda buvus\u012f gro\u017e\u012f. Tod\u0117l naudojami kremai tur\u0117t\u0173 tur\u0117ti sustiprint\u0105 regeneruojan\u010di\u0105 ir atkurian\u010di\u0105 funkcij\u0105.<\/p>\n<p>Rusi\u0161ko prek\u0117s \u017eenklo \u201eSvoboda\u201c meistrai jau seniai gamina puik\u0173 maitinam\u0105j\u012f naktin\u012f krem\u0105 \u201eGerontol\u201c, kuris geriausiai tinka odai su pirmaisiais sen\u0117jimo po\u017eymiais. Jo sud\u0117tis yra prisotinta oroto r\u016bg\u0161ties, kuri pagerina med\u017eiag\u0173 apykaitos procesus l\u0105steli\u0173 lygiu, aktyvina baltym\u0173 ir nukleor\u016bg\u0161\u010di\u0173 sintez\u0119, taip pat padeda suma\u017einti matomas rauk\u0161li\u0173 aprai\u0161kas. Augaliniai aliejai, \u012fskaitant alyvuogi\u0173 aliej\u0173, aktyviai s\u0105veikauja su lanoinu, o kartu su bi\u010di\u0173 va\u0161ku atkuria ir palaiko odos lipidin\u012f sluoksn\u012f, suteikdama jai dr\u0117gm\u0117s ir didindama elastingum\u0105.<\/p>\n<p><strong>Naudojimas:<\/strong> Tepkite krem\u0105 ant nuvalyto veido likus 2 valandoms iki miego, likus\u012f krem\u0105 nuvalykite servet\u0117le.<\/p>\n","protected":false},"excerpt":{"rendered":"<p>Su am\u017eiumi odai reikia ypatingos prie\u017ei\u016bros. Jos nat\u016bralios apsaugin\u0117s ir atkuriamosios funkcijos susilpn\u0117ja, ji praranda buvus\u012f gro\u017e\u012f. Tod\u0117l naudojami kremai tur\u0117t\u0173 tur\u0117ti sustiprint\u0105 regeneruojan\u010di\u0105 ir atkurian\u010di\u0105 funkcij\u0105. Rusi\u0161ko prek\u0117s \u017eenklo \u201eSvoboda\u201c meistrai jau seniai gamina puik\u0173 maitinam\u0105j\u012f naktin\u012f krem\u0105 \u201eGerontol\u201c, kuris geriausiai tinka odai su pirmaisiais sen\u0117jimo po\u017eymiais. Jo sud\u0117tis yra prisotinta oroto r\u016bg\u0161ties, kuri [&hellip;]<\/p>\n","protected":false},"featured_media":7571,"comment_status":"open","ping_status":"closed","template":"","meta":[],"product_brand":[],"product_cat":[209,127],"product_tag":[],"class_list":{"0":"post-7573","1":"product","2":"type-product","3":"status-publish","4":"has-post-thumbnail","6":"product_cat-naktiniai-kremai","7":"product_cat-veidas","9":"first","10":"outofstock","11":"shipping-taxable","12":"purchasable","13":"product-type-simple"},"_links":{"self":[{"href":"https:\/\/beautysba.co.uk\/lt\/wp-json\/wp\/v2\/product\/7573","targetHints":{"allow":["GET"]}}],"collection":[{"href":"https:\/\/beautysba.co.uk\/lt\/wp-json\/wp\/v2\/product"}],"about":[{"href":"https:\/\/beautysba.co.uk\/lt\/wp-json\/wp\/v2\/types\/product"}],"replies":[{"embeddable":true,"href":"https:\/\/beautysba.co.uk\/lt\/wp-json\/wp\/v2\/comments?post=7573"}],"wp:featuredmedia":[{"embeddable":true,"href":"https:\/\/beautysba.co.uk\/lt\/wp-json\/wp\/v2\/media\/7571"}],"wp:attachment":[{"href":"https:\/\/beautysba.co.uk\/lt\/wp-json\/wp\/v2\/media?parent=7573"}],"wp:term":[{"taxonomy":"product_brand","embeddable":true,"href":"https:\/\/beautysba.co.uk\/lt\/wp-json\/wp\/v2\/product_brand?post=7573"},{"taxonomy":"product_cat","embeddable":true,"href":"https:\/\/beautysba.co.uk\/lt\/wp-json\/wp\/v2\/product_cat?post=7573"},{"taxonomy":"product_tag","embeddable":true,"href":"https:\/\/beautysba.co.uk\/lt\/wp-json\/wp\/v2\/product_tag?post=7573"}],"curies":[{"name":"wp","href":"https:\/\/api.w.org\/{rel}","templated":true}]}}