{"id":7665,"date":"2022-02-06T00:01:06","date_gmt":"2022-02-06T00:01:06","guid":{"rendered":"https:\/\/beautysba.co.uk\/?post_type=product&#038;p=7665"},"modified":"2022-10-20T22:06:05","modified_gmt":"2022-10-20T22:06:05","slug":"balzamas-plaukams-dr-sante-hyaluron-hair-gilus-hidratacija-200-ml","status":"publish","type":"product","link":"https:\/\/beautysba.co.uk\/lt\/produktas\/balzamas-plaukams-dr-sante-hyaluron-hair-gilus-hidratacija-200-ml\/","title":{"rendered":"Dr.Sante Hyaluron Hair Giliai dr\u0117kinantis plauk\u0173 balzamas 200 ml"},"content":{"rendered":"<p><b>Hyaluron Hair<\/b> serija yra plauk\u0173 dr\u0117kinimo programa. Hialurono r\u016bg\u0161ties molekuli\u0173 ir augalinio dr\u0117kinimo komplekso sinergija suteikia 3D efekt\u0105: blizges\u012f, glotnum\u0105, elastingum\u0105. Dr\u0117gm\u0117s kompleksas 4 viename \u2013 skirtingo molekulinio svorio augalini\u0173 dr\u0117kinam\u0173j\u0173 priemoni\u0173 ir hialurono r\u016bg\u0161\u010di\u0173 mi\u0161inys, sukuriantis optimizuot\u0105 vietin\u0119 buferin\u0119 vandens pl\u0117vel\u0119 ant plauk\u0173 stiebo.<\/p>\n<p>Lengva balzamo formul\u0117 palengvina i\u0161\u0161ukavim\u0105 ir neleid\u017eia plaukams susivelti.<\/p>\n<p>Hialurono r\u016bg\u0161tis suteikia galvos odai reikiamos dr\u0117gm\u0117s, gerina nat\u016bral\u0173 plauk\u0173 vandens balans\u0105.<\/p>\n<p>Alavij\u0173 gelis palaiko reikiam\u0105 dr\u0117gm\u0117s lyg\u012f ir apsaugo nuo plauk\u0173 l\u016b\u017ein\u0117jimo.<\/p>\n<p>&nbsp;<\/p>\n<div class=\"characteristics-full__item ng-star-inserted\">Sud\u0117tis<\/p>\n<ul class=\"characteristics-full__sub-list\">\n<li class=\"ng-star-inserted\"><span class=\"ng-star-inserted\">Vanduo, miristilo alkoholis, cetilo esteriai, propilenglikolis, natrio hialuronatas, hidrolizuota hialurono r\u016bg\u0161tis, alavijo lap\u0173 sultys, trehaloz\u0117, cetrimonio chloridas, kvaternis-80, amodimetikonas, tridecetas-10, acetilsalicilo r\u016bg\u0161tis, katricidas LPG-3. Kalio sorbatas, natrio benzoatas, kvepalai, benzilo alkoholis, metilchlorizotiazolinonas, metilizotiazolinonas, trietilenglikolis, fenoksietanolis, sintetinis \u017e\u0117rutis, titano dioksidas, alavo oksidas, heksilo cinamonas, limonenas, natrio sulfatas20,0CI4.<\/span><\/li>\n<\/ul>\n<\/div>\n<div class=\"characteristics-full__item ng-star-inserted\">Taikymas<\/p>\n<ul class=\"characteristics-full__sub-list\">\n<li class=\"ng-star-inserted\"><span class=\"ng-star-inserted\">Tepkite ant \u0161vari\u0173, dr\u0117gn\u0173 plauk\u0173, paskirstykite per vis\u0105 ilg\u012f, vengdami \u0161akn\u0173 zonos. Palikite 1-2 minutes, tada kruop\u0161\u010diai nuplaukite.<br \/>\nAtsargumo priemon\u0117s: Patekus \u012f akis, praplauti vandeniu. Galimas padid\u0117j\u0119s individualus jautrumas atskiriems komponentams.<\/span><\/li>\n<\/ul>\n<\/div>\n","protected":false},"excerpt":{"rendered":"<p>Hyaluron Hair serija yra plauk\u0173 dr\u0117kinimo programa. Hialurono r\u016bg\u0161ties molekuli\u0173 ir augalinio dr\u0117kinimo komplekso sinergija suteikia 3D efekt\u0105: blizges\u012f, glotnum\u0105, elastingum\u0105. Dr\u0117gm\u0117s kompleksas 4 viename \u2013 skirtingo molekulinio svorio augalini\u0173 dr\u0117kinam\u0173j\u0173 priemoni\u0173 ir hialurono r\u016bg\u0161\u010di\u0173 mi\u0161inys, sukuriantis optimizuot\u0105 vietin\u0119 buferin\u0119 vandens pl\u0117vel\u0119 ant plauk\u0173 stiebo. Lengva balzamo formul\u0117 palengvina i\u0161\u0161ukavim\u0105 ir neleid\u017eia plaukams susivelti. Hialurono [&hellip;]<\/p>\n","protected":false},"featured_media":7663,"comment_status":"open","ping_status":"closed","template":"","meta":[],"product_brand":[],"product_cat":[211,212],"product_tag":[],"class_list":{"0":"post-7665","1":"product","2":"type-product","3":"status-publish","4":"has-post-thumbnail","6":"product_cat-hair-lt","7":"product_cat-kondicionieriai-balzamai","9":"first","10":"outofstock","11":"shipping-taxable","12":"purchasable","13":"product-type-simple"},"_links":{"self":[{"href":"https:\/\/beautysba.co.uk\/lt\/wp-json\/wp\/v2\/product\/7665","targetHints":{"allow":["GET"]}}],"collection":[{"href":"https:\/\/beautysba.co.uk\/lt\/wp-json\/wp\/v2\/product"}],"about":[{"href":"https:\/\/beautysba.co.uk\/lt\/wp-json\/wp\/v2\/types\/product"}],"replies":[{"embeddable":true,"href":"https:\/\/beautysba.co.uk\/lt\/wp-json\/wp\/v2\/comments?post=7665"}],"wp:featuredmedia":[{"embeddable":true,"href":"https:\/\/beautysba.co.uk\/lt\/wp-json\/wp\/v2\/media\/7663"}],"wp:attachment":[{"href":"https:\/\/beautysba.co.uk\/lt\/wp-json\/wp\/v2\/media?parent=7665"}],"wp:term":[{"taxonomy":"product_brand","embeddable":true,"href":"https:\/\/beautysba.co.uk\/lt\/wp-json\/wp\/v2\/product_brand?post=7665"},{"taxonomy":"product_cat","embeddable":true,"href":"https:\/\/beautysba.co.uk\/lt\/wp-json\/wp\/v2\/product_cat?post=7665"},{"taxonomy":"product_tag","embeddable":true,"href":"https:\/\/beautysba.co.uk\/lt\/wp-json\/wp\/v2\/product_tag?post=7665"}],"curies":[{"name":"wp","href":"https:\/\/api.w.org\/{rel}","templated":true}]}}