{"id":7696,"date":"2022-02-06T00:01:27","date_gmt":"2022-02-06T00:01:27","guid":{"rendered":"https:\/\/beautysba.co.uk\/?post_type=product&#038;p=7696"},"modified":"2022-03-23T09:26:49","modified_gmt":"2022-03-23T09:26:49","slug":"plauku-kauke-alavijo-rekonstrukcija-dr-sante-300-ml","status":"publish","type":"product","link":"https:\/\/beautysba.co.uk\/lt\/produktas\/plauku-kauke-alavijo-rekonstrukcija-dr-sante-300-ml\/","title":{"rendered":"Plauk\u0173 kauk\u0117 ALOE VERA &#8220;Rekonstrukcija&#8221; Dr.Sante, 300 ml"},"content":{"rendered":"<p>Plauk\u0173 kauk\u0117 \u201eRekonstrukcija\u201c sukurta specialiai pa\u017eeistiems plaukams b\u016bdingoms problemoms spr\u0119sti. Priemon\u0117 giliai atkuria strukt\u016br\u0105, intensyviai dr\u0117kina i\u0161saus\u0117jusias vietas ir pa\u0161alina i\u0161si\u0161akojusi\u0173 plauk\u0173 galiuk\u0173 problem\u0105.<\/p>\n<p>Alavijas pla\u010diai naudojamas kosmetikoje, kiekviena moteris \u017eino apie jo nepaprast\u0105 efektyvum\u0105. Alavij\u0173 gelis, kuris yra produkto dalis, i\u0161laik\u0117 visas nauding\u0105sias \u0161io augalo, \u017einomo d\u0117l savo gydom\u0173j\u0173 savybi\u0173, savybes. Giliai dr\u0117kina ir prisotina plaukus j\u0173 sveikatai reikalingomis med\u017eiagomis.<\/p>\n<p>Nat\u016bral\u016bs alyvuogi\u0173, taukmed\u017eio ir avokad\u0173 aliejai maitina plaukus ir apsaugo nuo galiuk\u0173 skilin\u0117jimo. Keratinas turi ry\u0161k\u0173 regeneruojant\u012f poveik\u012f, veikia pa\u017eeistas vietas. Augaliniai keramidai apsaugo nuo galim\u0173 pa\u017eeidim\u0173, suteikia plaukams tvirtumo ir veidrodinio blizgesio.<\/p>\n<p><strong>Naudojimo instrukcija:<\/strong> Tepkite ant i\u0161plaut\u0173, rank\u0161luos\u010diu nusausint\u0173 plauk\u0173. Palikite 5-10 minu\u010di\u0173. Kruop\u0161\u010diai i\u0161skalauti. Patekus \u012f akis, praplauti vandeniu. Galimas padid\u0117j\u0119s individualus jautrumas atskiriems komponentams.<\/p>\n<p>&nbsp;<\/p>\n","protected":false},"excerpt":{"rendered":"<p>Plauk\u0173 kauk\u0117 \u201eRekonstrukcija\u201c sukurta specialiai pa\u017eeistiems plaukams b\u016bdingoms problemoms spr\u0119sti. Priemon\u0117 giliai atkuria strukt\u016br\u0105, intensyviai dr\u0117kina i\u0161saus\u0117jusias vietas ir pa\u0161alina i\u0161si\u0161akojusi\u0173 plauk\u0173 galiuk\u0173 problem\u0105. Alavijas pla\u010diai naudojamas kosmetikoje, kiekviena moteris \u017eino apie jo nepaprast\u0105 efektyvum\u0105. Alavij\u0173 gelis, kuris yra produkto dalis, i\u0161laik\u0117 visas nauding\u0105sias \u0161io augalo, \u017einomo d\u0117l savo gydom\u0173j\u0173 savybi\u0173, savybes. Giliai dr\u0117kina ir [&hellip;]<\/p>\n","protected":false},"featured_media":7694,"comment_status":"open","ping_status":"closed","template":"","meta":[],"product_brand":[],"product_cat":[211,214],"product_tag":[],"class_list":{"0":"post-7696","1":"product","2":"type-product","3":"status-publish","4":"has-post-thumbnail","6":"product_cat-hair-lt","7":"product_cat-plauku-kaukes","9":"first","10":"instock","11":"shipping-taxable","12":"purchasable","13":"product-type-simple"},"_links":{"self":[{"href":"https:\/\/beautysba.co.uk\/lt\/wp-json\/wp\/v2\/product\/7696","targetHints":{"allow":["GET"]}}],"collection":[{"href":"https:\/\/beautysba.co.uk\/lt\/wp-json\/wp\/v2\/product"}],"about":[{"href":"https:\/\/beautysba.co.uk\/lt\/wp-json\/wp\/v2\/types\/product"}],"replies":[{"embeddable":true,"href":"https:\/\/beautysba.co.uk\/lt\/wp-json\/wp\/v2\/comments?post=7696"}],"wp:featuredmedia":[{"embeddable":true,"href":"https:\/\/beautysba.co.uk\/lt\/wp-json\/wp\/v2\/media\/7694"}],"wp:attachment":[{"href":"https:\/\/beautysba.co.uk\/lt\/wp-json\/wp\/v2\/media?parent=7696"}],"wp:term":[{"taxonomy":"product_brand","embeddable":true,"href":"https:\/\/beautysba.co.uk\/lt\/wp-json\/wp\/v2\/product_brand?post=7696"},{"taxonomy":"product_cat","embeddable":true,"href":"https:\/\/beautysba.co.uk\/lt\/wp-json\/wp\/v2\/product_cat?post=7696"},{"taxonomy":"product_tag","embeddable":true,"href":"https:\/\/beautysba.co.uk\/lt\/wp-json\/wp\/v2\/product_tag?post=7696"}],"curies":[{"name":"wp","href":"https:\/\/api.w.org\/{rel}","templated":true}]}}