{"id":7708,"date":"2022-02-06T00:01:02","date_gmt":"2022-02-06T00:01:02","guid":{"rendered":"https:\/\/beautysba.co.uk\/?post_type=product&#038;p=7708"},"modified":"2022-03-11T21:08:40","modified_gmt":"2022-03-11T21:08:40","slug":"veido-kremas-dr-sante-vitaminas-c-jauninanti-diena","status":"publish","type":"product","link":"https:\/\/beautysba.co.uk\/lt\/produktas\/veido-kremas-dr-sante-vitaminas-c-jauninanti-diena\/","title":{"rendered":"Veido kremas Dr.Sante Vitamin C Rejuvenating Day SPF 20 50ml"},"content":{"rendered":"<p>Atjauninantis dieninis kremas SPF 20 gr\u0105\u017eina odai gaivi\u0105 ir pails\u0117jusi\u0105 i\u0161vaizd\u0105, suteikia sveik\u0105 spindes\u012f, gaivina ir atjaunina od\u0105. Dr\u0117kina ir lygina, daro od\u0105 lygi\u0105 ir \u0161ilkin\u0119 liesti. Pa\u0161alina blankum\u0105, i\u0161lygina smulkias rauk\u0161leles ir i\u0161lygina odos atspalv\u012f. Reguliariai naudojant, oda \u012fgauna energijos ir spinduliuoja sveik\u0105 spindes\u012f. Tinka kaip makia\u017eo pagrindas.<\/p>\n<p><strong>Veikliosios med\u017eiagos:<\/strong> labai koncentruotas vitaminas C, vitamin\u0173 A, B, E, H kompleksas<\/p>\n<p><strong>Kaip veikia kremas:<\/strong><\/p>\n<ul>\n<li>labai koncentruotas vitaminas C \u2013 vienas veiksmingiausi\u0173 antioksidant\u0173, l\u0117tinantis rauk\u0161li\u0173 susidarym\u0105. Sugr\u0105\u017eina pavargusiai ir papilk\u0117jusiai odai spindes\u012f, apr\u016bpina kiekvien\u0105 l\u0105stel\u0119 energijos. Suaktyv\u0117ja i\u0161 karto po u\u017etepimo ant odos ir veikia ilgai<\/li>\n<li>vitamin\u0173 A, B, E, H kompleksas yra laisv\u0173j\u0173 radikal\u0173 \u201esp\u0105stai\u201c, l\u0117tina oksidacinius procesus odoje, u\u017ekertant keli\u0105 prie\u0161laikiniam jos sen\u0117jimui.<\/li>\n<\/ul>\n<p><strong>Rezultatas:<\/strong><\/p>\n<ul>\n<li>pa\u0161alina odos bly\u0161kum\u0105<\/li>\n<li>gerina odos stangrum\u0105 ir elastingum\u0105<\/li>\n<li>apsaugo nuo prie\u0161laikinio sen\u0117jimo<\/li>\n<li>suma\u017eina rauk\u0161li\u0173 skai\u010di\u0173\n<div class=\"characteristics-full__item ng-star-inserted\">Sud\u0117tis<\/p>\n<ul class=\"characteristics-full__sub-list\">\n<li class=\"ng-star-inserted\"><span class=\"ng-star-inserted\">Vanduo, etilheksilo metoksicinnamatas, C12\u201315 alkilo benzoatas, propilheptilo kaprilatas, alkoholis, dietilamino hidroksibenzoilheksilo benzoatas, cetearilo alkoholis, etilheksilo salicilatas, glicerilo stearatas, soperilo stearatas, peg-100 glicerolio stearatas, mentapijokos stearatas, lekoro-tobio stearatas. Hialuronatas, glicerinas, gliukozilo keramidas, skvalanas, pentilenglikolis, propilenglikolis, Peg-40 hidrintas ricin\u0173 aliejus, Hamamelis Virginiana vanduo, pantenolis, Arnica Montana g\u0117li\u0173 vanduo, niacinamidas, tiamino HCl, biolomicidas, arachisas, retinilo palmitatas, retinilas. Hypogaea aliejus, Helianthus Annuus s\u0117kl\u0173 aliejus, vynas, Caesalpinia Spinosa guma, maltodekstrinas, Serenoa Serrulata vaisi\u0173 ekstraktas, Ceteareth-20, amonio akriloildimetiltauratas \/ Vp kopolimeras, bis-Peg-18 metilo eteris, parfumilolis dimetilo toferolis, pan. , natrio benzoatas, kalio sorbatas, fenoksietanolis, etilheksilglicerinas, limonenas, linalolis, geraniolis, citralis<\/span><\/li>\n<\/ul>\n<\/div>\n<div class=\"characteristics-full__item ng-star-inserted\">Taikymo b\u016bdas<\/p>\n<ul class=\"characteristics-full__sub-list\">\n<li class=\"ng-star-inserted\"><span class=\"ng-star-inserted\">Ryte nedidel\u012f kiek\u012f kremo u\u017etepkite ant anks\u010diau nuvalytos veido ir kaklo odos i\u0161ilgai masa\u017eo linij\u0173.<br \/>\nAtsargumo priemon\u0117s: padid\u0117j\u0119s individualus jautrumas atskiriems komponentams<\/span><\/li>\n<\/ul>\n<\/div>\n<\/li>\n<\/ul>\n","protected":false},"excerpt":{"rendered":"<p>Atjauninantis dieninis kremas SPF 20 gr\u0105\u017eina odai gaivi\u0105 ir pails\u0117jusi\u0105 i\u0161vaizd\u0105, suteikia sveik\u0105 spindes\u012f, gaivina ir atjaunina od\u0105. Dr\u0117kina ir lygina, daro od\u0105 lygi\u0105 ir \u0161ilkin\u0119 liesti. Pa\u0161alina blankum\u0105, i\u0161lygina smulkias rauk\u0161leles ir i\u0161lygina odos atspalv\u012f. Reguliariai naudojant, oda \u012fgauna energijos ir spinduliuoja sveik\u0105 spindes\u012f. Tinka kaip makia\u017eo pagrindas. Veikliosios med\u017eiagos: labai koncentruotas vitaminas C, [&hellip;]<\/p>\n","protected":false},"featured_media":7700,"comment_status":"open","ping_status":"closed","template":"","meta":[],"product_brand":[],"product_cat":[133,127],"product_tag":[],"class_list":{"0":"post-7708","1":"product","2":"type-product","3":"status-publish","4":"has-post-thumbnail","6":"product_cat-dienos-kremai","7":"product_cat-veidas","9":"first","10":"outofstock","11":"shipping-taxable","12":"purchasable","13":"product-type-simple"},"_links":{"self":[{"href":"https:\/\/beautysba.co.uk\/lt\/wp-json\/wp\/v2\/product\/7708","targetHints":{"allow":["GET"]}}],"collection":[{"href":"https:\/\/beautysba.co.uk\/lt\/wp-json\/wp\/v2\/product"}],"about":[{"href":"https:\/\/beautysba.co.uk\/lt\/wp-json\/wp\/v2\/types\/product"}],"replies":[{"embeddable":true,"href":"https:\/\/beautysba.co.uk\/lt\/wp-json\/wp\/v2\/comments?post=7708"}],"wp:featuredmedia":[{"embeddable":true,"href":"https:\/\/beautysba.co.uk\/lt\/wp-json\/wp\/v2\/media\/7700"}],"wp:attachment":[{"href":"https:\/\/beautysba.co.uk\/lt\/wp-json\/wp\/v2\/media?parent=7708"}],"wp:term":[{"taxonomy":"product_brand","embeddable":true,"href":"https:\/\/beautysba.co.uk\/lt\/wp-json\/wp\/v2\/product_brand?post=7708"},{"taxonomy":"product_cat","embeddable":true,"href":"https:\/\/beautysba.co.uk\/lt\/wp-json\/wp\/v2\/product_cat?post=7708"},{"taxonomy":"product_tag","embeddable":true,"href":"https:\/\/beautysba.co.uk\/lt\/wp-json\/wp\/v2\/product_tag?post=7708"}],"curies":[{"name":"wp","href":"https:\/\/api.w.org\/{rel}","templated":true}]}}