{"id":7762,"date":"2022-02-06T00:01:14","date_gmt":"2022-02-06T00:01:14","guid":{"rendered":"https:\/\/beautysba.co.uk\/?post_type=product&#038;p=7762"},"modified":"2022-02-05T20:46:01","modified_gmt":"2022-02-05T20:46:01","slug":"dieninis-kremas-veidui-juodasis-perlas-ec","status":"publish","type":"product","link":"https:\/\/beautysba.co.uk\/lt\/produktas\/dieninis-kremas-veidui-juodasis-perlas-ec\/","title":{"rendered":"Dieninis veido kremas Black Pearl Extreme Moisturizing 50 ml"},"content":{"rendered":"<p>M\u016bs\u0173 odai reikia nuolatinio dr\u0117kinimo. Stresas, aktyvus gyvenimo ritmas, nepakankamas miego valand\u0173 skai\u010dius ir skys\u010di\u0173 pusiausvyros sutrikimas organizme lemia dehidratacij\u0105, kuri pirmiausia paveikia veido odos b\u016bkl\u0119.<br \/>\n<strong>Extreme Moisturizing Black Pearl<\/strong> dieniniame kreme yra gryno hialurono, kuris atkuria odos vandens balans\u0105 ir palaiko odai reikaling\u0105 dr\u0117gm\u0117s lyg\u012f.<\/p>\n<ul>\n<li>Ledyno vanduo, mikrobiologi\u0161kai grynas ir praturtintas mikroelementais Ca2 +, Mg2 +, K +, giliai* regeneruoja od\u0105, ramina ir gaivina.<\/li>\n<li>Laminaria ekstraktas skatina kolageno gamyb\u0105.<\/li>\n<li>Migdol\u0173 aliejus mink\u0161tina, maitina ir ramina.<\/li>\n<li>Vitaminas E, \u017einomas d\u0117l savo antioksidacini\u0173 savybi\u0173, saugo odos l\u0105steles nuo oksidacinio streso ir atkuria mikroreljef\u0105.<\/li>\n<\/ul>\n<p>* Epidermio viduje.<\/p>\n<div class=\"characteristics-full__item ng-star-inserted\">Sud\u0117tis<\/p>\n<ul class=\"characteristics-full__sub-list\">\n<li class=\"ng-star-inserted\"><span class=\"ng-star-inserted\">Aqua (sud\u0117tyje yra ledyno vandens), propilenglikolis, kokoso kaprilatas \/ kapratas, Prunus Amygdalus Dulcis (sald\u017ei\u0173j\u0173 migdol\u0173) aliejus, dimetikonas, glicerinas, cetearilo dimetikono kry\u017eminis polimeras, laminaria Digitata ekstraktas, retinilo palmitatas, natrio hialuronatas (atrio hialuronatas), Alaninas, amonio laktatas, butileno glikolis, kaprilglikolis, cholesterolis, desamido kolagenas, dipropileno glikolis, dinatrio EDTA, etilparabenas, etilheksilglicerinas, hidroksietilo akrilatas \/ natrio akriloildimetiltaurato kopolimeras, otriloildimetiltaurato kopolimeras, natrio akriloildimetiltaurato kopolimeras, otriloildimetiltaurato kopolimeras, heloksilo hidroksilas 1 , Hidrintas lecitinas, izoheksadekanas, maltitolis, metilparabenas, polisorbatas 60, PEG-40 hidrintas ricin\u0173 aliejus, fenoksietanolis, propilparabenas, kvepalai, natrio karageninas, j\u016bros druska, natrio poliakrilatas, natrio benzoatas, natrio chloridas, tohanas, natrio chloridas, CI 42090<\/span><\/li>\n<\/ul>\n<\/div>\n<div class=\"characteristics-full__item ng-star-inserted\">Taikymo b\u016bdas<\/p>\n<ul class=\"characteristics-full__sub-list\">\n<li class=\"ng-star-inserted\"><span class=\"ng-star-inserted\">Tepkite krem\u0105 ant \u0161varios, sausos veido odos, tolygiai paskirstykite, masa\u017euokite<\/span><\/li>\n<\/ul>\n<\/div>\n<div class=\"characteristics-full__item ng-star-inserted\">Veiksmas<\/p>\n<ul class=\"characteristics-full__sub-list\">\n<li class=\"ng-star-inserted\"><span class=\"ng-star-inserted\">Atkuria<\/span><\/li>\n<li class=\"ng-star-inserted\"><span class=\"ng-star-inserted\">Atgaivina<\/span><\/li>\n<li class=\"ng-star-inserted\"><span class=\"ng-star-inserted\">Maitina<\/span><\/li>\n<li class=\"ng-star-inserted\"><span class=\"ng-star-inserted\">Dr\u0117kina<\/span><\/li>\n<li class=\"ng-star-inserted\"><span class=\"ng-star-inserted\">Ramina<\/span><\/li>\n<\/ul>\n<\/div>\n","protected":false},"excerpt":{"rendered":"<p>M\u016bs\u0173 odai reikia nuolatinio dr\u0117kinimo. Stresas, aktyvus gyvenimo ritmas, nepakankamas miego valand\u0173 skai\u010dius ir skys\u010di\u0173 pusiausvyros sutrikimas organizme lemia dehidratacij\u0105, kuri pirmiausia paveikia veido odos b\u016bkl\u0119. Extreme Moisturizing Black Pearl dieniniame kreme yra gryno hialurono, kuris atkuria odos vandens balans\u0105 ir palaiko odai reikaling\u0105 dr\u0117gm\u0117s lyg\u012f. Ledyno vanduo, mikrobiologi\u0161kai grynas ir praturtintas mikroelementais Ca2 +, [&hellip;]<\/p>\n","protected":false},"featured_media":7760,"comment_status":"open","ping_status":"closed","template":"","meta":[],"product_brand":[],"product_cat":[133,127],"product_tag":[],"class_list":{"0":"post-7762","1":"product","2":"type-product","3":"status-publish","4":"has-post-thumbnail","6":"product_cat-dienos-kremai","7":"product_cat-veidas","9":"first","10":"outofstock","11":"shipping-taxable","12":"purchasable","13":"product-type-simple"},"_links":{"self":[{"href":"https:\/\/beautysba.co.uk\/lt\/wp-json\/wp\/v2\/product\/7762","targetHints":{"allow":["GET"]}}],"collection":[{"href":"https:\/\/beautysba.co.uk\/lt\/wp-json\/wp\/v2\/product"}],"about":[{"href":"https:\/\/beautysba.co.uk\/lt\/wp-json\/wp\/v2\/types\/product"}],"replies":[{"embeddable":true,"href":"https:\/\/beautysba.co.uk\/lt\/wp-json\/wp\/v2\/comments?post=7762"}],"wp:featuredmedia":[{"embeddable":true,"href":"https:\/\/beautysba.co.uk\/lt\/wp-json\/wp\/v2\/media\/7760"}],"wp:attachment":[{"href":"https:\/\/beautysba.co.uk\/lt\/wp-json\/wp\/v2\/media?parent=7762"}],"wp:term":[{"taxonomy":"product_brand","embeddable":true,"href":"https:\/\/beautysba.co.uk\/lt\/wp-json\/wp\/v2\/product_brand?post=7762"},{"taxonomy":"product_cat","embeddable":true,"href":"https:\/\/beautysba.co.uk\/lt\/wp-json\/wp\/v2\/product_cat?post=7762"},{"taxonomy":"product_tag","embeddable":true,"href":"https:\/\/beautysba.co.uk\/lt\/wp-json\/wp\/v2\/product_tag?post=7762"}],"curies":[{"name":"wp","href":"https:\/\/api.w.org\/{rel}","templated":true}]}}