{"id":7768,"date":"2022-02-06T00:01:23","date_gmt":"2022-02-06T00:01:23","guid":{"rendered":"https:\/\/beautysba.co.uk\/?post_type=product&#038;p=7768"},"modified":"2022-02-05T20:55:11","modified_gmt":"2022-02-05T20:55:11","slug":"naktinis-kremas-veidui-juodasis-perlas-ex","status":"publish","type":"product","link":"https:\/\/beautysba.co.uk\/lt\/produktas\/naktinis-kremas-veidui-juodasis-perlas-ex\/","title":{"rendered":"Naktinis veido kremas Black Pearl Extreme Moisture 50 ml"},"content":{"rendered":"<p>Kol mes miegame, oda atsistato ir dirba toliau. Naudodami <strong>Black Pearl<\/strong> naktin\u012f krem\u0105 galite b\u016bti tikri, kad j\u016bs\u0173 oda bus visi\u0161kai atkurta, pamaitinta ir dr\u0117kinama.<\/p>\n<ul>\n<li>Grynas hialuronas atkuria odos dr\u0117gm\u0117s balans\u0105 ir palaiko dr\u0117gm\u0117s lyg\u012f.<\/li>\n<li>Ledyno vanduo, mikrobiologi\u0161kai grynas ir praturtintas mikroelementais Ca2 +, Mg2 +, K +, giliai* regeneruoja od\u0105, ramina ir gaivina.<\/li>\n<li>Alantoinas ramina, dr\u0117kina ir regeneruoja od\u0105.<\/li>\n<li>Migdol\u0173 aliejus padeda atsikratyti i\u0161saus\u0117jimo, dr\u0117kina, maitina ir mink\u0161tina od\u0105.<\/li>\n<\/ul>\n<p>Kremas prisotina od\u0105 dr\u0117gme, jo dr\u0117kinamieji ingredientai neleid\u017eia skys\u010diui i\u0161garuoti nuo pavir\u0161iaus, i\u0161laikant barjerinio sluoksnio vientisum\u0105.<\/p>\n<p>* Epidermio viduje.<\/p>\n<div class=\"characteristics-full__item ng-star-inserted\">Sud\u0117tis<\/p>\n<ul class=\"characteristics-full__sub-list\">\n<li class=\"ng-star-inserted\"><span class=\"ng-star-inserted\">Aqua (sud\u0117tyje yra ledyno vandens), hidrintas poliizobutenas, etilheksilo stearatas, propilenglikolis, sorbitano stearatas, glicerilo stearatas citratas, kaprilo \/ kaprio trigliceridas, glicerinas, izopropilo izostearatas, C12-15 alkilbenzoatas (Stearalo stearatas, almondalio stearatas) , natrio hialuronatas (hialuronas), alantoinas, desamido kolagenas, dinatrio EDTA, etilparabenas, hidroksietilo akrilatas \/ natrio akriloildimetiltaurato kopolimeras, izoheksadekanas, pieno r\u016bg\u0161tis, metilparabenas, kvepalai, PEG-40, hidrogenizuotas ricino sulfatas , sacharoz\u0117s kokosas, sorbitilo lauratas, natrio benzoatas, natrio karageninas, natrio chloridas, natrio citratas, ksantano derva<\/span><\/li>\n<\/ul>\n<\/div>\n<div class=\"characteristics-full__item ng-star-inserted\">Taikymo b\u016bdas<\/p>\n<ul class=\"characteristics-full__sub-list\">\n<li class=\"ng-star-inserted\"><span class=\"ng-star-inserted\">Tepkite krem\u0105 ant \u0161varios, sausos veido odos, tolygiai paskirstykite, masa\u017euokite<\/span><\/li>\n<\/ul>\n<\/div>\n<div class=\"characteristics-full__item ng-star-inserted\">Veiksmas<\/p>\n<ul class=\"characteristics-full__sub-list\">\n<li class=\"ng-star-inserted\"><span class=\"ng-star-inserted\">Atkuria<\/span><\/li>\n<li class=\"ng-star-inserted\"><span class=\"ng-star-inserted\">Atgaivina<\/span><\/li>\n<li class=\"ng-star-inserted\"><span class=\"ng-star-inserted\">Maitina<\/span><\/li>\n<li class=\"ng-star-inserted\"><span class=\"ng-star-inserted\">Dr\u0117kina<\/span><\/li>\n<li class=\"ng-star-inserted\"><span class=\"ng-star-inserted\">Ramina<\/span><\/li>\n<\/ul>\n<\/div>\n","protected":false},"excerpt":{"rendered":"<p>Kol mes miegame, oda atsistato ir dirba toliau. Naudodami Black Pearl naktin\u012f krem\u0105 galite b\u016bti tikri, kad j\u016bs\u0173 oda bus visi\u0161kai atkurta, pamaitinta ir dr\u0117kinama. Grynas hialuronas atkuria odos dr\u0117gm\u0117s balans\u0105 ir palaiko dr\u0117gm\u0117s lyg\u012f. Ledyno vanduo, mikrobiologi\u0161kai grynas ir praturtintas mikroelementais Ca2 +, Mg2 +, K +, giliai* regeneruoja od\u0105, ramina ir gaivina. Alantoinas [&hellip;]<\/p>\n","protected":false},"featured_media":7766,"comment_status":"open","ping_status":"closed","template":"","meta":[],"product_brand":[],"product_cat":[125,209,127],"product_tag":[],"class_list":{"0":"post-7768","1":"product","2":"type-product","3":"status-publish","4":"has-post-thumbnail","6":"product_cat-ispardavimas","7":"product_cat-naktiniai-kremai","8":"product_cat-veidas","10":"first","11":"outofstock","12":"sale","13":"shipping-taxable","14":"purchasable","15":"product-type-simple"},"_links":{"self":[{"href":"https:\/\/beautysba.co.uk\/lt\/wp-json\/wp\/v2\/product\/7768","targetHints":{"allow":["GET"]}}],"collection":[{"href":"https:\/\/beautysba.co.uk\/lt\/wp-json\/wp\/v2\/product"}],"about":[{"href":"https:\/\/beautysba.co.uk\/lt\/wp-json\/wp\/v2\/types\/product"}],"replies":[{"embeddable":true,"href":"https:\/\/beautysba.co.uk\/lt\/wp-json\/wp\/v2\/comments?post=7768"}],"wp:featuredmedia":[{"embeddable":true,"href":"https:\/\/beautysba.co.uk\/lt\/wp-json\/wp\/v2\/media\/7766"}],"wp:attachment":[{"href":"https:\/\/beautysba.co.uk\/lt\/wp-json\/wp\/v2\/media?parent=7768"}],"wp:term":[{"taxonomy":"product_brand","embeddable":true,"href":"https:\/\/beautysba.co.uk\/lt\/wp-json\/wp\/v2\/product_brand?post=7768"},{"taxonomy":"product_cat","embeddable":true,"href":"https:\/\/beautysba.co.uk\/lt\/wp-json\/wp\/v2\/product_cat?post=7768"},{"taxonomy":"product_tag","embeddable":true,"href":"https:\/\/beautysba.co.uk\/lt\/wp-json\/wp\/v2\/product_tag?post=7768"}],"curies":[{"name":"wp","href":"https:\/\/api.w.org\/{rel}","templated":true}]}}