{"id":7780,"date":"2022-02-06T00:01:42","date_gmt":"2022-02-06T00:01:42","guid":{"rendered":"https:\/\/beautysba.co.uk\/?post_type=product&#038;p=7780"},"modified":"2022-07-19T09:49:37","modified_gmt":"2022-07-19T09:49:37","slug":"naktinis-kremas-kauke-veidui-juodas-perlas","status":"publish","type":"product","link":"https:\/\/beautysba.co.uk\/lt\/produktas\/naktinis-kremas-kauke-veidui-juodas-perlas\/","title":{"rendered":"Naktinis kremas-kauk\u0117 veidui Black Pearl Nourishment 46 ml"},"content":{"rendered":"<p>Naktinis kremas-kauk\u0117 veidui Black Pearl Nourishment.<\/p>\n<p>Kolageno viena aplikacija \u2013 naktinis kursas. Atkuria kolageno tr\u016bkum\u0105, atstato tank\u012f. Kiekviename indelyje yra ekspert\u0173 rekomenduojama naktinio kolageno vert\u0117. Susigeria akimirksniu. Nepalieka riebios pl\u0117vel\u0117s. Idealiai tinka kaip naktin\u0117 kauk\u0117.<\/p>\n<p>1 kart\u0105: 92% intensyviai maitina, 88% ramina, suteikia komforto jausm\u0105, 68% u\u017epildo mimikos linijas. Kolagenas yra b\u016btinas odos baltymas, pagrindin\u0117 jos med\u017eiaga. Suma\u017e\u0117j\u0119s kolageno kiekis suaktyvina pirm\u0173j\u0173 su am\u017eiumi susijusi\u0173 poky\u010di\u0173 atsiradimo mechanizm\u0105. Intensyviai maitinantis naktinis kremas papildo kolageno tr\u016bkum\u0105.<\/p>\n<p>Rekomenduoja ekspertai nuo 25 met\u0173. Met\u0173? Tik gro\u017eis!<\/p>\n<div class=\"characteristics-full__item ng-star-inserted\">Sud\u0117tis<\/p>\n<ul class=\"characteristics-full__sub-list\">\n<li class=\"ng-star-inserted\"><span class=\"ng-star-inserted\">Vanduo, propilenglikolis, PEG-12, kaprilo \/ kaprio trigliceridas, cetearilo alkoholis, glicerilo stearatas. C15-19 alkanas, dimetikonas, alantoinas, alavijo lap\u0173 sultys, butyrospermum Parkii (taukmed\u017eio sviestas), hidrolizuotas kolagenas, makadamijos integrifolia s\u0117kl\u0173 aliejus, slyv\u0173 amygdalus dulcis (sald\u017ei\u0173j\u0173 migdol\u0173) aliejus, tropini\u0173 \u0161alavij\u0173 aliejus Lap\u0173 \/ stieb\u0173 ekstraktas,<\/span><\/li>\n<\/ul>\n<\/div>\n<div class=\"characteristics-full__item ng-star-inserted\">Taikymo b\u016bdas<\/p>\n<ul class=\"characteristics-full__sub-list\">\n<li class=\"ng-star-inserted\"><span class=\"ng-star-inserted\">Tepkite krem\u0105 ant \u0161varios, sausos veido odos, tolygiai paskirstykite, masa\u017euokite.<\/span><\/li>\n<\/ul>\n<\/div>\n<div class=\"characteristics-full__item ng-star-inserted\">Veiksmas<\/p>\n<ul class=\"characteristics-full__sub-list\">\n<li class=\"ng-star-inserted\"><span class=\"ng-star-inserted\">Maitina<\/span><\/li>\n<li class=\"ng-star-inserted\"><span class=\"ng-star-inserted\">Dr\u0117kina<\/span><\/li>\n<\/ul>\n<\/div>\n","protected":false},"excerpt":{"rendered":"<p>Naktinis kremas-kauk\u0117 veidui Black Pearl Nourishment. Kolageno viena aplikacija \u2013 naktinis kursas. Atkuria kolageno tr\u016bkum\u0105, atstato tank\u012f. Kiekviename indelyje yra ekspert\u0173 rekomenduojama naktinio kolageno vert\u0117. Susigeria akimirksniu. Nepalieka riebios pl\u0117vel\u0117s. Idealiai tinka kaip naktin\u0117 kauk\u0117. 1 kart\u0105: 92% intensyviai maitina, 88% ramina, suteikia komforto jausm\u0105, 68% u\u017epildo mimikos linijas. Kolagenas yra b\u016btinas odos baltymas, pagrindin\u0117 [&hellip;]<\/p>\n","protected":false},"featured_media":7778,"comment_status":"open","ping_status":"closed","template":"","meta":[],"product_brand":[],"product_cat":[125,209,127],"product_tag":[],"class_list":{"0":"post-7780","1":"product","2":"type-product","3":"status-publish","4":"has-post-thumbnail","6":"product_cat-ispardavimas","7":"product_cat-naktiniai-kremai","8":"product_cat-veidas","10":"first","11":"outofstock","12":"sale","13":"shipping-taxable","14":"purchasable","15":"product-type-simple"},"_links":{"self":[{"href":"https:\/\/beautysba.co.uk\/lt\/wp-json\/wp\/v2\/product\/7780","targetHints":{"allow":["GET"]}}],"collection":[{"href":"https:\/\/beautysba.co.uk\/lt\/wp-json\/wp\/v2\/product"}],"about":[{"href":"https:\/\/beautysba.co.uk\/lt\/wp-json\/wp\/v2\/types\/product"}],"replies":[{"embeddable":true,"href":"https:\/\/beautysba.co.uk\/lt\/wp-json\/wp\/v2\/comments?post=7780"}],"wp:featuredmedia":[{"embeddable":true,"href":"https:\/\/beautysba.co.uk\/lt\/wp-json\/wp\/v2\/media\/7778"}],"wp:attachment":[{"href":"https:\/\/beautysba.co.uk\/lt\/wp-json\/wp\/v2\/media?parent=7780"}],"wp:term":[{"taxonomy":"product_brand","embeddable":true,"href":"https:\/\/beautysba.co.uk\/lt\/wp-json\/wp\/v2\/product_brand?post=7780"},{"taxonomy":"product_cat","embeddable":true,"href":"https:\/\/beautysba.co.uk\/lt\/wp-json\/wp\/v2\/product_cat?post=7780"},{"taxonomy":"product_tag","embeddable":true,"href":"https:\/\/beautysba.co.uk\/lt\/wp-json\/wp\/v2\/product_tag?post=7780"}],"curies":[{"name":"wp","href":"https:\/\/api.w.org\/{rel}","templated":true}]}}