{"id":7798,"date":"2022-02-06T00:01:30","date_gmt":"2022-02-06T00:01:30","guid":{"rendered":"https:\/\/beautysba.co.uk\/?post_type=product&#038;p=7798"},"modified":"2022-02-05T21:10:44","modified_gmt":"2022-02-05T21:10:44","slug":"rinkinys-dovana-juodas-perlas-inten","status":"publish","type":"product","link":"https:\/\/beautysba.co.uk\/lt\/produktas\/rinkinys-dovana-juodas-perlas-inten\/","title":{"rendered":"Dovan\u0173 rinkinys Black Pearl Intensive mitybos (micelinis vanduo + veido kremas + paaki\u0173 pleistrai)"},"content":{"rendered":"<p>Suteikite savo odai \u0161velni\u0105 ir efektyvi\u0105 prie\u017ei\u016br\u0105 naudodami prek\u0117s \u017eenklo \u201eBlack Pearl\u201c intensyvios mitybos program\u0105. Serijos produktai skirti gerai subalansuotai odos mitybai.<br \/>\nsu ekspert\u0173 rekomenduota dieta* \u2013 veikli\u0173j\u0173 med\u017eiag\u0173 kompleksu, u\u017etikrinan\u010diu dr\u0117kinim\u0105, odos regeneracij\u0105 ir sav\u0173 jaunyst\u0117s molekuli\u0173 sintez\u0119.<br \/>\nPirmas \u017eingsnis link i\u0161puosel\u0117tos odos yra Intense Nourishing Micellar Water \u2013 vienu br\u016bk\u0161tel\u0117jimu pa\u0161alina makia\u017e\u0105, taip pat suteikia prie\u017ei\u016bros ir maitinimo: dr\u0117kina ir mink\u0161tina od\u0105 nuo 1 sekund\u0117s**. Suteikia greit\u0105 komfort\u0105 su \u0161ilko baltymais, skystu kolagenu, kamelijomis ir hialuronu. D\u0117l to oda puikiai i\u0161valoma, \u0161velni ir \u0161velni. Micelinis vanduo visi\u0161kai pa\u0161alina net \u012fsisen\u0117jus\u012f makia\u017e\u0105.<br \/>\nKitas \u017eingsnis \u2013 audini\u0173 lopai po akimis.Intensyvi mityba, ma\u017eina paburkim\u0105, maitina od\u0105 aplink akis, efektyviai dr\u0117kina ir gr\u0105\u017eina odai sveik\u0105 \u0161vyt\u0117jim\u0105. Akimirksniu*** suma\u017eina tamsius ratilus po akimis. Oda akimirksniu tampa \u0161velnesn\u0117 ir aksomin\u0117. Intensyv\u0173 maitinim\u0105 suteikia impregnuojamojo pleistro serumo formul\u0117, kurioje yra kolageno, hialurono ir alavijo sul\u010di\u0173. Testo rezultatais patvirtintas efektyvumas: 70,4% \u2013 pleistrai akimirksniu suma\u017eina tamsius ratilus po akimis; 70,4% &#8211; pleistrai padaro od\u0105 tankesn\u0119, stangresn\u0119 ir elastingesn\u0119; 92,6% \u2013 oda akimirksniu tapo \u0161velnesn\u0117, \u0161velnesn\u0117, lygesn\u0117 ir aksomin\u0117 liesti**.<br \/>\nPaskutinis \u017eingsnis \u2013 Intensive Nourishing Day Cream tepimas. Jis prisotina od\u0105 dr\u0117gme, o dr\u0117gm\u0119 sulaikantys komponentai neleid\u017eia jai i\u0161garuoti nuo epidermio pavir\u0161iaus, kompozicijoje esantys nat\u016bral\u016bs augaliniai aliejai palaiko barjerinio sluoksnio vientisum\u0105. Kremas taip pat pagerina kolageno gamyb\u0105 ir pagerina odos tonus\u0105. Susigeria akimirksniu, nepalikdamas riebaus blizgesio ir yra puikus pagrindas makia\u017eui. 1 kart\u0105: 88% intensyviai maitina, 79% i\u0161lygina odos tekst\u016br\u0105, 69% i\u0161lygina mimikos rauk\u0161les ****. Rekomenduoja ekspertai* nuo 25 m.<br \/>\n* OOO Unilever Rus ekspertai<br \/>\n** Savyb\u0117s patvirtintos testo rezultatais, 100 moter\u0173, min 85% sutiko, RF, 2017 m.<br \/>\n*** Savyb\u0117s patvirtintos testavimu, kuriame dalyvavo 27 moterys, vizualinis \u012fvertinimas, min. 70,4% sutiko, RF, 2020 m.<br \/>\n**** Savyb\u0117s patvirtintos testuojant, dalyvaujant 100 moter\u0173, sutiko min 69%, RF, 2019 m.<\/p>\n<h3 class=\"collapse-trigger\" data-target=\"#element-composition\" data-toggle=\"collapse\" aria-expanded=\"true\"><span title=\"\" data-toggle=\"tooltip\" data-original-title=\"\u041d\u0430\u0436\u043c\u0438\u0442\u0435, \u0447\u0442\u043e\u0431\u044b \u043f\u043e\u0441\u043c\u043e\u0442\u0440\u0435\u0442\u044c \u0441\u043e\u0441\u0442\u0430\u0432.\">Sud\u0117tis<\/span><\/h3>\n<p id=\"element-composition\" class=\"text-justify collapse in\" aria-expanded=\"true\">micelinis vanduo: vanduo, propilenglikolis, peg-6 kaprilo\/kaprio gliceridai, kamelijos japonijos s\u0117kl\u0173 aliejus, desamido kolagenas, hidrolizuotas \u0161ilkas, natrio hialuronatas, tropaeolum majus \u017eied\u0173\/lap\u0173\/stieb\u0173 ekstraktas, alantoinas, amonio laktatas, betotosteris, biosacharidas-1, kaprilglikolis, citrin\u0173 r\u016bg\u0161tis, ciklopentasiloksanas, dipalmitoilo hidroksiprolinas, dipropilenglikolis, dinatrio edta, glicerinas, glicerilo kaprilatas, hidroksietilo karbamidas, lecitinas, linolo r\u016bg\u0161tis, manitolis, hidroksietilo parfumas 4, natrio karbonatas, p. , natrio metilparabenas, tokoferolis, ksantano derva, ci 14720. grietin\u0117l\u0117: vanduo, hidrintas poliizobutenas, poligliceril-2 dipolihidroksistearatas, c12-15 alkilo benzoatas, persea gratissima (avokad\u0173) aliejus, c15-19 alkanas, glicerinas, kaprilo\/kaprio trigliceridas, cetearilo alkoholis, etilheksilo s\u0117klido stearatas dulcis (sald\u017ei\u0173j\u0173 migdol\u0173) aliejus, alantoinas, biosacharido derva-1, hidrolizuotas kolagenas, natrio karageninas, undaria pinnatifida ekstraktas, boro nitridas, kaprilglikolis, citrin\u0173 r\u016bg\u0161tis, dinatrio cetearilo sulfosukcinatas, dinatrio edta, dimetilo etikonas ,2-heksandiolis, metilparabenas, polimetilsilzeskvioksanas, peg-40 stearatas, fenoksietanolis, kvapioji med\u017eiaga, stearetas-2, stearetas-21, stearilo heptanoatas, stearilo kaprilatas, natrio poliakrilatas, natrio laurilo chlorido natrio druska, natrio karboksichlorido natrio druska, natrio karboksichloridas benzoatas, sorbo r\u016bg\u0161tis, ksantano derva, benzilo salicilatas, citronellolis, geraniolis, heksilo cinamalas, limonenas. pleistrai: vanduo, butileno glikolis, hamamelis virginiana (hamamelio) vanduo, propandiolis, glicerinas, trehaloz\u0117, kukur\u016bz\u0173 glitimo aminor\u016bg\u0161tys, alavijo lap\u0173 sultys (alavijo ekstraktas), hidrolizuotas kolagenas (kolagenas), natrio hialuronatas (hialuronas), 1, 2-heksandiolis, alantoinas, beta-gliukanas, citrin\u0173 r\u016bg\u0161tis, cucumis sativus (agurk\u0173) sultys, denatonio benzoatas, dinatrio edta, etilheksilglicerinas, glikoziltrehaloz\u0117, heksilenglikolis, hidrintas krakmolo hidrolizatas, metilo fermento l\u0105stel\u0117, metilo benzilo celiulioz\u0117, metilo fermento l\u0105stel\u0117, metilo benzilaceta , opuntia streptacantha stiebo ekstraktas, paeonia suffruticosa \u0161aknies ekstraktas, pantenolis, kvapioji med\u017eiaga, peg-40 hidrintas ricinos aliejus, pentilenglikolis, fenoksietanolis, poliglutamo r\u016bg\u0161tis, daugiakamp\u0117s bistortos \u0161akn\u0173 ekstraktas, portulaca oleracea ekstraktas, kalio sacacharidas sorbatas, propbencharidaso sorbatas , natrio citratas, natrio poliakrilatas, natrio sulfitas, tapijokos krakmolas, ksantano derva.<\/p>\n","protected":false},"excerpt":{"rendered":"<p>Suteikite savo odai \u0161velni\u0105 ir efektyvi\u0105 prie\u017ei\u016br\u0105 naudodami prek\u0117s \u017eenklo \u201eBlack Pearl\u201c intensyvios mitybos program\u0105. Serijos produktai skirti gerai subalansuotai odos mitybai. su ekspert\u0173 rekomenduota dieta* \u2013 veikli\u0173j\u0173 med\u017eiag\u0173 kompleksu, u\u017etikrinan\u010diu dr\u0117kinim\u0105, odos regeneracij\u0105 ir sav\u0173 jaunyst\u0117s molekuli\u0173 sintez\u0119. Pirmas \u017eingsnis link i\u0161puosel\u0117tos odos yra Intense Nourishing Micellar Water \u2013 vienu br\u016bk\u0161tel\u0117jimu pa\u0161alina makia\u017e\u0105, taip [&hellip;]<\/p>\n","protected":false},"featured_media":7796,"comment_status":"open","ping_status":"closed","template":"","meta":[],"product_brand":[],"product_cat":[203,133,207,208,127],"product_tag":[],"class_list":{"0":"post-7798","1":"product","2":"type-product","3":"status-publish","4":"has-post-thumbnail","6":"product_cat-akiu-kaukes-arba-pleistrai","7":"product_cat-dienos-kremai","8":"product_cat-dovanu-rinkiniai","9":"product_cat-micelinis-vanduo","10":"product_cat-veidas","12":"first","13":"outofstock","14":"shipping-taxable","15":"purchasable","16":"product-type-simple"},"_links":{"self":[{"href":"https:\/\/beautysba.co.uk\/lt\/wp-json\/wp\/v2\/product\/7798","targetHints":{"allow":["GET"]}}],"collection":[{"href":"https:\/\/beautysba.co.uk\/lt\/wp-json\/wp\/v2\/product"}],"about":[{"href":"https:\/\/beautysba.co.uk\/lt\/wp-json\/wp\/v2\/types\/product"}],"replies":[{"embeddable":true,"href":"https:\/\/beautysba.co.uk\/lt\/wp-json\/wp\/v2\/comments?post=7798"}],"wp:featuredmedia":[{"embeddable":true,"href":"https:\/\/beautysba.co.uk\/lt\/wp-json\/wp\/v2\/media\/7796"}],"wp:attachment":[{"href":"https:\/\/beautysba.co.uk\/lt\/wp-json\/wp\/v2\/media?parent=7798"}],"wp:term":[{"taxonomy":"product_brand","embeddable":true,"href":"https:\/\/beautysba.co.uk\/lt\/wp-json\/wp\/v2\/product_brand?post=7798"},{"taxonomy":"product_cat","embeddable":true,"href":"https:\/\/beautysba.co.uk\/lt\/wp-json\/wp\/v2\/product_cat?post=7798"},{"taxonomy":"product_tag","embeddable":true,"href":"https:\/\/beautysba.co.uk\/lt\/wp-json\/wp\/v2\/product_tag?post=7798"}],"curies":[{"name":"wp","href":"https:\/\/api.w.org\/{rel}","templated":true}]}}