{"id":7962,"date":"2022-02-20T10:03:16","date_gmt":"2022-02-20T10:03:16","guid":{"rendered":"https:\/\/beautysba.co.uk\/product\/%d0%b2%d0%b8%d1%82%d0%b0%d0%bc%d0%b8%d1%80-%d0%bb%d0%b8%d0%bf%d0%be%d0%b5%d0%b2%d0%b0%d1%8f-%d0%ba%d0%b8%d1%81%d0%bb%d0%be%d1%82%d0%b0-%d1%82%d0%b0%d0%b1%d0%bb%d0%b5%d1%82%d0%ba%d0%b8-30-%d1%88%d1%82\/"},"modified":"2026-04-24T09:58:05","modified_gmt":"2026-04-24T09:58:05","slug":"vitaminir-liporugsties-tabletes-30-vnt","status":"publish","type":"product","link":"https:\/\/beautysba.co.uk\/lt\/produktas\/vitaminir-liporugsties-tabletes-30-vnt\/","title":{"rendered":"Vitamir Lipoin\u0117s r\u016bg\u0161ties tablet\u0117s, 30 vnt."},"content":{"rendered":"<p>\u201eLipoic acid Vitamir\u00ae\u201c sud\u0117tyje yra lipoin\u0117s r\u016bg\u0161ties, kuri skatina riebal\u0173 deginimo proces\u0105, kurio efektyvumas daug kart\u0173 padid\u0117ja kartu su fiziniu aktyvumu. Jis veikia u\u017e apetit\u0105 atsakingas smegen\u0173 sritis, ma\u017eina alk\u012f, skatina energijos suvartojim\u0105, kokybi\u0161kai pagerina gliukoz\u0117s pasisavinim\u0105 l\u0105stel\u0117se, ma\u017eina jos kiek\u012f kraujyje, ma\u017eina kepen\u0173 polink\u012f kaupti riebalus, didina jautrum\u0105 insulinui.<br \/>\nLipoin\u0117 r\u016bg\u0161tis gerina ir aktyvina med\u017eiag\u0173 apykaitos procesus. Tai nat\u016brali, o ne sintetin\u0117 med\u017eiaga, j\u0105 ma\u017eais kiekiais gamina \u017emogaus organizmas. Lipoin\u0117s r\u016bg\u0161ties vartojimui prakti\u0161kai n\u0117ra kontraindikacij\u0173 ir \u0161alutini\u0173 poveiki\u0173. Tai leid\u017eia numesti svorio nesilaikant diet\u0173 ir nevalgius, nat\u016braliai paver\u010diant riebalus energija. Numetus svorio ant odos nelieka strij\u0173, i\u0161liks jaunyst\u0117 ir gro\u017eis. Kartu su liekn\u0117jimu ger\u0117ja bendra savijauta, skrand\u017eio b\u016bkl\u0117, reg\u0117jimas, ma\u017e\u0117ja cukraus kiekis kraujyje.<\/p>\n<div id=\"instruction_COMPOSITION\" class=\"offer-instruction__item clearfix active\" data-role=\"product-property\" data-source=\"\">\n<h3 class=\"offer-instruction__item-title\">Sud\u0117tis<\/h3>\n<div class=\"offer-instruction__item-text\">Inulinas, lipoin\u0117 r\u016bg\u0161tis, stearino r\u016bg\u0161tis, kalcio stearatas, tablet\u0117s apvalkalas (E464, E171, E1521, E172).<\/div>\n<\/div>\n<div id=\"instruction_RECOMMENDATIONS\" class=\"offer-instruction__item clearfix active\" data-role=\"product-property\" data-source=\"\">\n<h3 class=\"offer-instruction__item-title\">Naudojimo rekomendacijos<\/h3>\n<div class=\"offer-instruction__item-text\">\n<p>Suaugusiesiems po 1 tablet\u0119 2 kartus per dien\u0105 po valgio. Vartojimo trukm\u0117 &#8211; 1 m\u0117nuo. Jei reikia, pri\u0117mim\u0105 galima pakartoti.<\/p>\n<\/div>\n<\/div>\n","protected":false},"excerpt":{"rendered":"<p>\u201eLipoic acid Vitamir\u00ae\u201c sud\u0117tyje yra lipoin\u0117s r\u016bg\u0161ties, kuri skatina riebal\u0173 deginimo proces\u0105, kurio efektyvumas daug kart\u0173 padid\u0117ja kartu su fiziniu aktyvumu. Jis veikia u\u017e apetit\u0105 atsakingas smegen\u0173 sritis, ma\u017eina alk\u012f, skatina energijos suvartojim\u0105, kokybi\u0161kai pagerina gliukoz\u0117s pasisavinim\u0105 l\u0105stel\u0117se, ma\u017eina jos kiek\u012f kraujyje, ma\u017eina kepen\u0173 polink\u012f kaupti riebalus, didina jautrum\u0105 insulinui. Lipoin\u0117 r\u016bg\u0161tis gerina ir aktyvina [&hellip;]<\/p>\n","protected":false},"featured_media":7960,"comment_status":"open","ping_status":"closed","template":"","meta":[],"product_brand":[],"product_cat":[217,220],"product_tag":[],"class_list":{"0":"post-7962","1":"product","2":"type-product","3":"status-publish","4":"has-post-thumbnail","6":"product_cat-sveikatos-prieziura","7":"product_cat-zarnyno-sveikata","9":"first","10":"instock","11":"shipping-taxable","12":"purchasable","13":"product-type-simple"},"_links":{"self":[{"href":"https:\/\/beautysba.co.uk\/lt\/wp-json\/wp\/v2\/product\/7962","targetHints":{"allow":["GET"]}}],"collection":[{"href":"https:\/\/beautysba.co.uk\/lt\/wp-json\/wp\/v2\/product"}],"about":[{"href":"https:\/\/beautysba.co.uk\/lt\/wp-json\/wp\/v2\/types\/product"}],"replies":[{"embeddable":true,"href":"https:\/\/beautysba.co.uk\/lt\/wp-json\/wp\/v2\/comments?post=7962"}],"wp:featuredmedia":[{"embeddable":true,"href":"https:\/\/beautysba.co.uk\/lt\/wp-json\/wp\/v2\/media\/7960"}],"wp:attachment":[{"href":"https:\/\/beautysba.co.uk\/lt\/wp-json\/wp\/v2\/media?parent=7962"}],"wp:term":[{"taxonomy":"product_brand","embeddable":true,"href":"https:\/\/beautysba.co.uk\/lt\/wp-json\/wp\/v2\/product_brand?post=7962"},{"taxonomy":"product_cat","embeddable":true,"href":"https:\/\/beautysba.co.uk\/lt\/wp-json\/wp\/v2\/product_cat?post=7962"},{"taxonomy":"product_tag","embeddable":true,"href":"https:\/\/beautysba.co.uk\/lt\/wp-json\/wp\/v2\/product_tag?post=7962"}],"curies":[{"name":"wp","href":"https:\/\/api.w.org\/{rel}","templated":true}]}}