{"id":7997,"date":"2022-02-21T12:00:21","date_gmt":"2022-02-21T12:00:21","guid":{"rendered":"https:\/\/beautysba.co.uk\/?post_type=product&#038;p=7997"},"modified":"2022-04-12T17:39:00","modified_gmt":"2022-04-12T17:39:00","slug":"vesinimo-gelis-pedoms-su-mentoliu-sn","status":"publish","type":"product","link":"https:\/\/beautysba.co.uk\/lt\/produktas\/vesinimo-gelis-pedoms-su-mentoliu-sn\/","title":{"rendered":"Crevil Essentials Foot Active Cooling Gel 250 ml"},"content":{"rendered":"<p>Gelis kojoms nuo nuovargio su mentoliu. Eukaliptu praturtinta formul\u0117 efektyviai atlieka pavargusias kojas atpalaiduojan\u010di\u0105 ir atpalaiduojan\u010di\u0105 funkcij\u0105. Apsaugo ir mink\u0161tina od\u0105, ma\u017eina paraudim\u0105 ir \u012ftr\u016bkimus. Naudojimas \u2013 masa\u017euojamaisiais judesiais tepkite ant nuvalytos koj\u0173 odos, kol visi\u0161kai susigers.<\/p>\n","protected":false},"excerpt":{"rendered":"<p>Gelis kojoms nuo nuovargio su mentoliu. Eukaliptu praturtinta formul\u0117 efektyviai atlieka pavargusias kojas atpalaiduojan\u010di\u0105 ir atpalaiduojan\u010di\u0105 funkcij\u0105. Apsaugo ir mink\u0161tina od\u0105, ma\u017eina paraudim\u0105 ir \u012ftr\u016bkimus. Naudojimas \u2013 masa\u017euojamaisiais judesiais tepkite ant nuvalytos koj\u0173 odos, kol visi\u0161kai susigers.<\/p>\n","protected":false},"featured_media":7995,"comment_status":"open","ping_status":"closed","template":"","meta":[],"product_brand":[],"product_cat":[219,217,169,171],"product_tag":[],"class_list":{"0":"post-7997","1":"product","2":"type-product","3":"status-publish","4":"has-post-thumbnail","6":"product_cat-pedu-prieziura-lt","7":"product_cat-sveikatos-prieziura","8":"product_cat-169","9":"product_cat----ru","11":"first","12":"outofstock","13":"shipping-taxable","14":"purchasable","15":"product-type-simple"},"_links":{"self":[{"href":"https:\/\/beautysba.co.uk\/lt\/wp-json\/wp\/v2\/product\/7997","targetHints":{"allow":["GET"]}}],"collection":[{"href":"https:\/\/beautysba.co.uk\/lt\/wp-json\/wp\/v2\/product"}],"about":[{"href":"https:\/\/beautysba.co.uk\/lt\/wp-json\/wp\/v2\/types\/product"}],"replies":[{"embeddable":true,"href":"https:\/\/beautysba.co.uk\/lt\/wp-json\/wp\/v2\/comments?post=7997"}],"wp:featuredmedia":[{"embeddable":true,"href":"https:\/\/beautysba.co.uk\/lt\/wp-json\/wp\/v2\/media\/7995"}],"wp:attachment":[{"href":"https:\/\/beautysba.co.uk\/lt\/wp-json\/wp\/v2\/media?parent=7997"}],"wp:term":[{"taxonomy":"product_brand","embeddable":true,"href":"https:\/\/beautysba.co.uk\/lt\/wp-json\/wp\/v2\/product_brand?post=7997"},{"taxonomy":"product_cat","embeddable":true,"href":"https:\/\/beautysba.co.uk\/lt\/wp-json\/wp\/v2\/product_cat?post=7997"},{"taxonomy":"product_tag","embeddable":true,"href":"https:\/\/beautysba.co.uk\/lt\/wp-json\/wp\/v2\/product_tag?post=7997"}],"curies":[{"name":"wp","href":"https:\/\/api.w.org\/{rel}","templated":true}]}}