{"id":8017,"date":"2022-02-21T12:00:00","date_gmt":"2022-02-21T12:00:00","guid":{"rendered":"https:\/\/beautysba.co.uk\/?post_type=product&#038;p=8017"},"modified":"2022-04-12T17:38:27","modified_gmt":"2022-04-12T17:38:27","slug":"muilas-buitine-neva-kosmetika","status":"publish","type":"product","link":"https:\/\/beautysba.co.uk\/lt\/produktas\/muilas-buitine-neva-kosmetika\/","title":{"rendered":"Skalbimo muilas Nevskaya kosmetikos universalus 72% 100 g x 4 vnt"},"content":{"rendered":"<p>Tradicin\u0117s r\u016b\u0161ies skalbimo muilas \u201e <b>Sarma<\/b> \u201c tinka skalbimui, valymui, ind\u0173 plovimui ir rank\u0173 plovimui.<\/p>\n<p><b>Ypatumai:<\/b><\/p>\n<ul>\n<li>Auk\u0161tos kokyb\u0117s komponentai<\/li>\n<li>Be kvapi\u0173j\u0173 med\u017eiag\u0173 ir da\u017eikli\u0173<\/li>\n<li>Gausiai kremin\u0117s putos, net ir kietame vandenyje<\/li>\n<li>Pagaminta pagal klasikin\u0119 muilo gamybos technologij\u0105 (katilo metodas)<\/li>\n<\/ul>\n<p>&nbsp;<\/p>\n<p><b>Sud\u0117tis:<\/b> augalini\u0173 aliej\u0173 ir gyvulini\u0173 riebal\u0173 riebal\u0173 r\u016bg\u0161\u010di\u0173 natrio druskos, vanduo, glicerinas, trietanolaminas, PEG-400, EDTA dinatrio druska, citrin\u0173 r\u016bg\u0161tis, natrio karboksimetilceliulioz\u0117, benzenkarboksir\u016bg\u0161tis, natrio chloridas.<br \/>\n<b>Svoris:<\/b> 400 g<\/p>\n","protected":false},"excerpt":{"rendered":"<p>Tradicin\u0117s r\u016b\u0161ies skalbimo muilas \u201e Sarma \u201c tinka skalbimui, valymui, ind\u0173 plovimui ir rank\u0173 plovimui. Ypatumai: Auk\u0161tos kokyb\u0117s komponentai Be kvapi\u0173j\u0173 med\u017eiag\u0173 ir da\u017eikli\u0173 Gausiai kremin\u0117s putos, net ir kietame vandenyje Pagaminta pagal klasikin\u0119 muilo gamybos technologij\u0105 (katilo metodas) &nbsp; Sud\u0117tis: augalini\u0173 aliej\u0173 ir gyvulini\u0173 riebal\u0173 riebal\u0173 r\u016bg\u0161\u010di\u0173 natrio druskos, vanduo, glicerinas, trietanolaminas, PEG-400, EDTA [&hellip;]<\/p>\n","protected":false},"featured_media":8015,"comment_status":"open","ping_status":"closed","template":"","meta":[],"product_brand":[],"product_cat":[200],"product_tag":[],"class_list":{"0":"post-8017","1":"product","2":"type-product","3":"status-publish","4":"has-post-thumbnail","6":"product_cat-namams","8":"first","9":"outofstock","10":"shipping-taxable","11":"purchasable","12":"product-type-simple"},"_links":{"self":[{"href":"https:\/\/beautysba.co.uk\/lt\/wp-json\/wp\/v2\/product\/8017","targetHints":{"allow":["GET"]}}],"collection":[{"href":"https:\/\/beautysba.co.uk\/lt\/wp-json\/wp\/v2\/product"}],"about":[{"href":"https:\/\/beautysba.co.uk\/lt\/wp-json\/wp\/v2\/types\/product"}],"replies":[{"embeddable":true,"href":"https:\/\/beautysba.co.uk\/lt\/wp-json\/wp\/v2\/comments?post=8017"}],"wp:featuredmedia":[{"embeddable":true,"href":"https:\/\/beautysba.co.uk\/lt\/wp-json\/wp\/v2\/media\/8015"}],"wp:attachment":[{"href":"https:\/\/beautysba.co.uk\/lt\/wp-json\/wp\/v2\/media?parent=8017"}],"wp:term":[{"taxonomy":"product_brand","embeddable":true,"href":"https:\/\/beautysba.co.uk\/lt\/wp-json\/wp\/v2\/product_brand?post=8017"},{"taxonomy":"product_cat","embeddable":true,"href":"https:\/\/beautysba.co.uk\/lt\/wp-json\/wp\/v2\/product_cat?post=8017"},{"taxonomy":"product_tag","embeddable":true,"href":"https:\/\/beautysba.co.uk\/lt\/wp-json\/wp\/v2\/product_tag?post=8017"}],"curies":[{"name":"wp","href":"https:\/\/api.w.org\/{rel}","templated":true}]}}