{"id":8065,"date":"2022-02-21T12:00:42","date_gmt":"2022-02-21T12:00:42","guid":{"rendered":"https:\/\/beautysba.co.uk\/?post_type=product&#038;p=8065"},"modified":"2022-11-19T12:13:53","modified_gmt":"2022-11-19T12:13:53","slug":"aroma-kuno-sveitiklis-special-series-for-b","status":"publish","type":"product","link":"https:\/\/beautysba.co.uk\/lt\/produktas\/aroma-kuno-sveitiklis-special-series-for-b\/","title":{"rendered":"Aromatinis k\u016bno \u0161veitiklis SPECIALIEJI SERIJA vonioms ir saunoms gaivinanti Malta juoda kava ir apelsin\u0173 aliejus 500ml"},"content":{"rendered":"<p>Gaivinantis aromatinis \u0161veitiklis \u0161velniai nu\u0161vei\u010dia negyvas odos l\u0105steles, atkurdamas jos tonus\u0105. Nat\u016bralus kavos ekstraktas aktyvina med\u017eiag\u0173 apykaitos procesus, prisideda prie tikslingai pa\u0161alinant riebal\u0173 sankaupas problemin\u0117se odos vietose ir skatinant jos nat\u016bral\u0173 geb\u0117jim\u0105 deginti riebalus. 100% nat\u016bralus apelsin\u0173 eterinis aliejus turi anticeliulitin\u012f poveik\u012f, skatina regeneracij\u0105 ir padeda atkurti odos elastingum\u0105. Aroma scrub puikiai tinka naudoti vonioje ar saunoje.<\/p>\n","protected":false},"excerpt":{"rendered":"<p>Gaivinantis aromatinis \u0161veitiklis \u0161velniai nu\u0161vei\u010dia negyvas odos l\u0105steles, atkurdamas jos tonus\u0105. Nat\u016bralus kavos ekstraktas aktyvina med\u017eiag\u0173 apykaitos procesus, prisideda prie tikslingai pa\u0161alinant riebal\u0173 sankaupas problemin\u0117se odos vietose ir skatinant jos nat\u016bral\u0173 geb\u0117jim\u0105 deginti riebalus. 100% nat\u016bralus apelsin\u0173 eterinis aliejus turi anticeliulitin\u012f poveik\u012f, skatina regeneracij\u0105 ir padeda atkurti odos elastingum\u0105. Aroma scrub puikiai tinka naudoti vonioje [&hellip;]<\/p>\n","protected":false},"featured_media":8063,"comment_status":"open","ping_status":"closed","template":"","meta":[],"product_brand":[],"product_cat":[119,122],"product_tag":[],"class_list":{"0":"post-8065","1":"product","2":"type-product","3":"status-publish","4":"has-post-thumbnail","6":"product_cat-kuno-produktai","7":"product_cat-kuno-sveitikliai","9":"first","10":"outofstock","11":"shipping-taxable","12":"purchasable","13":"product-type-simple"},"_links":{"self":[{"href":"https:\/\/beautysba.co.uk\/lt\/wp-json\/wp\/v2\/product\/8065","targetHints":{"allow":["GET"]}}],"collection":[{"href":"https:\/\/beautysba.co.uk\/lt\/wp-json\/wp\/v2\/product"}],"about":[{"href":"https:\/\/beautysba.co.uk\/lt\/wp-json\/wp\/v2\/types\/product"}],"replies":[{"embeddable":true,"href":"https:\/\/beautysba.co.uk\/lt\/wp-json\/wp\/v2\/comments?post=8065"}],"wp:featuredmedia":[{"embeddable":true,"href":"https:\/\/beautysba.co.uk\/lt\/wp-json\/wp\/v2\/media\/8063"}],"wp:attachment":[{"href":"https:\/\/beautysba.co.uk\/lt\/wp-json\/wp\/v2\/media?parent=8065"}],"wp:term":[{"taxonomy":"product_brand","embeddable":true,"href":"https:\/\/beautysba.co.uk\/lt\/wp-json\/wp\/v2\/product_brand?post=8065"},{"taxonomy":"product_cat","embeddable":true,"href":"https:\/\/beautysba.co.uk\/lt\/wp-json\/wp\/v2\/product_cat?post=8065"},{"taxonomy":"product_tag","embeddable":true,"href":"https:\/\/beautysba.co.uk\/lt\/wp-json\/wp\/v2\/product_tag?post=8065"}],"curies":[{"name":"wp","href":"https:\/\/api.w.org\/{rel}","templated":true}]}}