{"id":8089,"date":"2022-02-21T12:00:54","date_gmt":"2022-02-21T12:00:54","guid":{"rendered":"https:\/\/beautysba.co.uk\/?post_type=product&#038;p=8089"},"modified":"2023-05-08T20:19:34","modified_gmt":"2023-05-08T20:19:34","slug":"911-sulsen-forte-pasta-nuo-pleiskanu-saules","status":"publish","type":"product","link":"https:\/\/beautysba.co.uk\/lt\/produktas\/911-sulsen-forte-pasta-nuo-pleiskanu-saules\/","title":{"rendered":"911 sulsen forte pasta nuo pleiskan\u0173 vis\u0173 tip\u0173 plaukams 85ml"},"content":{"rendered":"<h3>911 sulsen forte pasta nuo pleiskan\u0173 vis\u0173 tip\u0173 plaukams<\/h3>\n<p>Pasta &#8220;Sulsen forte&#8221; vis\u0173 tip\u0173 plaukams turi ry\u0161k\u0173 sebostatin\u012f, \u0161vei\u010diam\u0105j\u012f poveik\u012f. Sud\u0117tyje yra sulseno (seleno disulfido) \u2013 aktyvaus dermatologinio komponento. Jis turi trigub\u0105 veikimo mechanizm\u0105 galvos od\u0105: pa\u0161alina pleiskanas, nu\u0161vei\u010dia negyvas l\u0105steles, normalizuoja riebalini\u0173 liauk\u0173 veikl\u0105. Norint pasiekti rezultat\u0105, pakanka priemon\u0119 naudoti 2 kartus per savait\u0119 3-4 savaites, v\u0117liau norint i\u0161vengti pleiskan\u0173 atsiradimo \u2013 2 kartus per m\u0117nes\u012f.<br \/>\nSud\u0117tis<br \/>\nSud\u0117tis ir i\u0161leidimo forma 911 sulsen forte pasta nuo pleiskan\u0173 vis\u0173 tip\u0173 plaukams 85ml<br \/>\nVanduo, mineralin\u0117 alyva, cetearilo alkoholis, glicerilo stearatas (ir) PEG-100 stearatas, glicerinas, seleno disulfidas, silikono kvaternis-16 (ir) undecetas-11 (ir) butiloktanolis (ir) undecetas-5, kokoso glikozidas, polikvaternis-47. , amonio akriloildimetiltaurato\/VP kopolimeras, citrin\u0173 r\u016bg\u0161tis, Trilon B, metilchlorizotiazolinonas (ir) metilizotiazolinonas, kvepal\u0173 kompozicija.<\/p>\n","protected":false},"excerpt":{"rendered":"<p>911 sulsen forte pasta nuo pleiskan\u0173 vis\u0173 tip\u0173 plaukams Pasta &#8220;Sulsen forte&#8221; vis\u0173 tip\u0173 plaukams turi ry\u0161k\u0173 sebostatin\u012f, \u0161vei\u010diam\u0105j\u012f poveik\u012f. Sud\u0117tyje yra sulseno (seleno disulfido) \u2013 aktyvaus dermatologinio komponento. Jis turi trigub\u0105 veikimo mechanizm\u0105 galvos od\u0105: pa\u0161alina pleiskanas, nu\u0161vei\u010dia negyvas l\u0105steles, normalizuoja riebalini\u0173 liauk\u0173 veikl\u0105. Norint pasiekti rezultat\u0105, pakanka priemon\u0119 naudoti 2 kartus per savait\u0119 [&hellip;]<\/p>\n","protected":false},"featured_media":8087,"comment_status":"open","ping_status":"closed","template":"","meta":[],"product_brand":[],"product_cat":[211,214],"product_tag":[],"class_list":{"0":"post-8089","1":"product","2":"type-product","3":"status-publish","4":"has-post-thumbnail","6":"product_cat-hair-lt","7":"product_cat-plauku-kaukes","9":"first","10":"outofstock","11":"shipping-taxable","12":"purchasable","13":"product-type-simple"},"_links":{"self":[{"href":"https:\/\/beautysba.co.uk\/lt\/wp-json\/wp\/v2\/product\/8089","targetHints":{"allow":["GET"]}}],"collection":[{"href":"https:\/\/beautysba.co.uk\/lt\/wp-json\/wp\/v2\/product"}],"about":[{"href":"https:\/\/beautysba.co.uk\/lt\/wp-json\/wp\/v2\/types\/product"}],"replies":[{"embeddable":true,"href":"https:\/\/beautysba.co.uk\/lt\/wp-json\/wp\/v2\/comments?post=8089"}],"wp:featuredmedia":[{"embeddable":true,"href":"https:\/\/beautysba.co.uk\/lt\/wp-json\/wp\/v2\/media\/8087"}],"wp:attachment":[{"href":"https:\/\/beautysba.co.uk\/lt\/wp-json\/wp\/v2\/media?parent=8089"}],"wp:term":[{"taxonomy":"product_brand","embeddable":true,"href":"https:\/\/beautysba.co.uk\/lt\/wp-json\/wp\/v2\/product_brand?post=8089"},{"taxonomy":"product_cat","embeddable":true,"href":"https:\/\/beautysba.co.uk\/lt\/wp-json\/wp\/v2\/product_cat?post=8089"},{"taxonomy":"product_tag","embeddable":true,"href":"https:\/\/beautysba.co.uk\/lt\/wp-json\/wp\/v2\/product_tag?post=8089"}],"curies":[{"name":"wp","href":"https:\/\/api.w.org\/{rel}","templated":true}]}}