{"id":8095,"date":"2022-02-21T12:00:22","date_gmt":"2022-02-21T12:00:22","guid":{"rendered":"https:\/\/beautysba.co.uk\/?post_type=product&#038;p=8095"},"modified":"2023-01-14T13:21:55","modified_gmt":"2023-01-14T13:21:55","slug":"ecodenta-juoda-balinanti-dantu-pasta-100ml","status":"publish","type":"product","link":"https:\/\/beautysba.co.uk\/lt\/produktas\/ecodenta-juoda-balinanti-dantu-pasta-100ml\/","title":{"rendered":"ECODENTA juoda balinanti dant\u0173 pasta 100ml"},"content":{"rendered":"<p>Sud\u0117tyje yra juodos anglies + Teavigo\u2122, u\u017etikrinan\u010dios puik\u0173 na\u0161um\u0105. Veiksmingai balina dantis, s\u0117kmingai \u0161alina apna\u0161as, o itin ilgai i\u0161liekantis gaivumo efektas \u2013 fenomenalus. J\u016bs\u0173 dant\u0173 blizgesys ir balinimas garantuotas.<\/p>\n<h3>98% nat\u016bralios kilm\u0117s ingredient\u0173<\/h3>\n<p>Vanduo<i class=\"fas fa-leaf\"><\/i> , glicerinas<i class=\"fas fa-leaf\"><\/i> , hidratuotas silicio dioksidas<i class=\"fas fa-leaf\"><\/i> , sorbitolis<i class=\"fas fa-leaf\"><\/i> , mononatrio kokoilo glutamatas<i class=\"fas fa-leaf\"><\/i> , aromatas, natrio pirofosfatas<i class=\"fas fa-leaf\"><\/i> , anglies milteliai<i class=\"fas fa-leaf\"><\/i> , epigalokatechino galatas<i class=\"fas fa-leaf\"><\/i> , pipirm\u0117\u010di\u0173 aliejus<i class=\"fas fa-leaf\"><\/i> (limoneno), ksantano dervos<i class=\"fas fa-leaf\"><\/i> , natrio sacharinas, poligliceril-10 stearatas<i class=\"fas fa-leaf\"><\/i> , poligliceril-10, miristatas<i class=\"fas fa-leaf\"><\/i> , poliglicerolis-10<i class=\"fas fa-leaf\"><\/i> , natrio dehidroacetatas<i class=\"fas fa-leaf\"><\/i> , citrinos r\u016bg\u0161tis<i class=\"fas fa-leaf\"><\/i> .<\/p>\n","protected":false},"excerpt":{"rendered":"<p>Sud\u0117tyje yra juodos anglies + Teavigo\u2122, u\u017etikrinan\u010dios puik\u0173 na\u0161um\u0105. Veiksmingai balina dantis, s\u0117kmingai \u0161alina apna\u0161as, o itin ilgai i\u0161liekantis gaivumo efektas \u2013 fenomenalus. J\u016bs\u0173 dant\u0173 blizgesys ir balinimas garantuotas. 98% nat\u016bralios kilm\u0117s ingredient\u0173 Vanduo , glicerinas , hidratuotas silicio dioksidas , sorbitolis , mononatrio kokoilo glutamatas , aromatas, natrio pirofosfatas , anglies milteliai , epigalokatechino [&hellip;]<\/p>\n","protected":false},"featured_media":8093,"comment_status":"open","ping_status":"closed","template":"","meta":[],"product_brand":[],"product_cat":[189,191],"product_tag":[],"class_list":{"0":"post-8095","1":"product","2":"type-product","3":"status-publish","4":"has-post-thumbnail","6":"product_cat-dantu-prieziura","7":"product_cat-tualeto-reikmenys","9":"first","10":"outofstock","11":"shipping-taxable","12":"purchasable","13":"product-type-simple"},"_links":{"self":[{"href":"https:\/\/beautysba.co.uk\/lt\/wp-json\/wp\/v2\/product\/8095","targetHints":{"allow":["GET"]}}],"collection":[{"href":"https:\/\/beautysba.co.uk\/lt\/wp-json\/wp\/v2\/product"}],"about":[{"href":"https:\/\/beautysba.co.uk\/lt\/wp-json\/wp\/v2\/types\/product"}],"replies":[{"embeddable":true,"href":"https:\/\/beautysba.co.uk\/lt\/wp-json\/wp\/v2\/comments?post=8095"}],"wp:featuredmedia":[{"embeddable":true,"href":"https:\/\/beautysba.co.uk\/lt\/wp-json\/wp\/v2\/media\/8093"}],"wp:attachment":[{"href":"https:\/\/beautysba.co.uk\/lt\/wp-json\/wp\/v2\/media?parent=8095"}],"wp:term":[{"taxonomy":"product_brand","embeddable":true,"href":"https:\/\/beautysba.co.uk\/lt\/wp-json\/wp\/v2\/product_brand?post=8095"},{"taxonomy":"product_cat","embeddable":true,"href":"https:\/\/beautysba.co.uk\/lt\/wp-json\/wp\/v2\/product_cat?post=8095"},{"taxonomy":"product_tag","embeddable":true,"href":"https:\/\/beautysba.co.uk\/lt\/wp-json\/wp\/v2\/product_tag?post=8095"}],"curies":[{"name":"wp","href":"https:\/\/api.w.org\/{rel}","templated":true}]}}