{"id":8107,"date":"2022-02-21T12:00:46","date_gmt":"2022-02-21T12:00:46","guid":{"rendered":"https:\/\/beautysba.co.uk\/?post_type=product&#038;p=8107"},"modified":"2024-08-22T10:51:44","modified_gmt":"2024-08-22T10:51:44","slug":"muilas-skystis-buitinis-klasika","status":"publish","type":"product","link":"https:\/\/beautysba.co.uk\/lt\/produktas\/muilas-skystis-buitinis-klasika\/","title":{"rendered":"Skystas muilas Buitinis klasikinis 925ml"},"content":{"rendered":"<p>Skystas skalbini\u0173 muilas MODUM bus puikus pagalbininkas kasdieniame gyvenime ir susidoros su bet kokia tar\u0161a net ir nesant kar\u0161to vandens.<\/p>\n<p>Daugiafunkcis gaminys tinka:<\/p>\n<p>\u2022 indams ir virtuv\u0117s darbo pavir\u0161iams plauti,<br \/>\n\u2022 Skalbimas rankomis,<br \/>\n\u2022 kompleksiniam dr\u0117gnam namo valymui (dur\u0173, grind\u0173, kriaukli\u0173, plyteli\u0173).<\/p>\n<p>&#8211; Nat\u016bralios kilm\u0117s komponentai<br \/>\n&#8211; Nesausina rank\u0173 odos<br \/>\n&#8211; Efektyvumas \u0161altame vandenyje<\/p>\n<p><strong>Sud\u0117tis:<\/strong> ma\u017eiau nei 5% &#8211; aktyviosios pavir\u0161iaus med\u017eiagos, natrio chloridas, drumstiklis, da\u017eiklis, konservantas, 5% ir daugiau, bet ne ma\u017eiau kaip 15% &#8211; aktyviosios pavir\u0161iaus med\u017eiagos; 30% ir daugiau \u2013 i\u0161grynintas geriamasis vanduo. N\u0117ra kvapo.<\/p>\n","protected":false},"excerpt":{"rendered":"<p>Skystas skalbini\u0173 muilas MODUM bus puikus pagalbininkas kasdieniame gyvenime ir susidoros su bet kokia tar\u0161a net ir nesant kar\u0161to vandens. Daugiafunkcis gaminys tinka: \u2022 indams ir virtuv\u0117s darbo pavir\u0161iams plauti, \u2022 Skalbimas rankomis, \u2022 kompleksiniam dr\u0117gnam namo valymui (dur\u0173, grind\u0173, kriaukli\u0173, plyteli\u0173). &#8211; Nat\u016bralios kilm\u0117s komponentai &#8211; Nesausina rank\u0173 odos &#8211; Efektyvumas \u0161altame vandenyje Sud\u0117tis: [&hellip;]<\/p>\n","protected":false},"featured_media":8105,"comment_status":"open","ping_status":"closed","template":"","meta":[],"product_brand":[],"product_cat":[200],"product_tag":[],"class_list":{"0":"post-8107","1":"product","2":"type-product","3":"status-publish","4":"has-post-thumbnail","6":"product_cat-namams","8":"first","9":"outofstock","10":"shipping-taxable","11":"purchasable","12":"product-type-simple"},"_links":{"self":[{"href":"https:\/\/beautysba.co.uk\/lt\/wp-json\/wp\/v2\/product\/8107","targetHints":{"allow":["GET"]}}],"collection":[{"href":"https:\/\/beautysba.co.uk\/lt\/wp-json\/wp\/v2\/product"}],"about":[{"href":"https:\/\/beautysba.co.uk\/lt\/wp-json\/wp\/v2\/types\/product"}],"replies":[{"embeddable":true,"href":"https:\/\/beautysba.co.uk\/lt\/wp-json\/wp\/v2\/comments?post=8107"}],"wp:featuredmedia":[{"embeddable":true,"href":"https:\/\/beautysba.co.uk\/lt\/wp-json\/wp\/v2\/media\/8105"}],"wp:attachment":[{"href":"https:\/\/beautysba.co.uk\/lt\/wp-json\/wp\/v2\/media?parent=8107"}],"wp:term":[{"taxonomy":"product_brand","embeddable":true,"href":"https:\/\/beautysba.co.uk\/lt\/wp-json\/wp\/v2\/product_brand?post=8107"},{"taxonomy":"product_cat","embeddable":true,"href":"https:\/\/beautysba.co.uk\/lt\/wp-json\/wp\/v2\/product_cat?post=8107"},{"taxonomy":"product_tag","embeddable":true,"href":"https:\/\/beautysba.co.uk\/lt\/wp-json\/wp\/v2\/product_tag?post=8107"}],"curies":[{"name":"wp","href":"https:\/\/api.w.org\/{rel}","templated":true}]}}