{"id":8156,"date":"2022-03-04T22:29:07","date_gmt":"2022-03-04T22:29:07","guid":{"rendered":"https:\/\/beautysba.co.uk\/product\/%d1%81%d0%bf%d1%80%d0%b5%d0%b9-%d0%ba%d0%be%d0%bd%d0%b4%d0%b8%d1%86%d0%b8%d0%be%d0%bd%d0%b5%d1%80-%d0%b4%d0%bb%d1%8f-%d0%b2%d0%be%d0%bb%d0%be%d1%81-%d0%b0%d0%bb%d0%b8%d1%81%d0%b0-%d0%bb%d0%b5%d0%b3\/"},"modified":"2022-03-04T22:29:47","modified_gmt":"2022-03-04T22:29:47","slug":"purskiamas-kondicionierius-plaukams-alisa-kojai","status":"publish","type":"product","link":"https:\/\/beautysba.co.uk\/lt\/produktas\/purskiamas-kondicionierius-plaukams-alisa-kojai\/","title":{"rendered":"PLAUK\u0172 PUR\u0160KAS-KONDICIONIERIUS `ALICE` LENGVAS \u0160UKAVIMAS (BRA\u0160KI\u0172 LEDAI) 140 ml"},"content":{"rendered":"<div class=\"__text\">Vaik\u0173 plaukai vis dar tokie \u0161veln\u016bs ir ploni, tod\u0117l da\u017enai link\u0119 susiv\u0117lti ir sunkiai \u0161ukuojami. Nenuplaunamas pur\u0161kiamas kondicionierius &#8220;Alisa&#8221; pad\u0117s ilg\u0173 ir garbanot\u0173 plauk\u0173 savinink\u0117ms palengvinti kasdien\u012f \u0161ukavim\u0105, tod\u0117l tai bus paprasta ir neskausminga. Pur\u0161kimo sud\u0117tis praturtinta bra\u0161ki\u0173 ekstraktu, kvie\u010di\u0173 baltymais, pantenoliu, avi\u017eomis ir kokos\u0173 pienu. Toks kompleksas kruop\u0161\u010diai maitina ir dr\u0117kina plaukus, apsaugo juos nuo trapumo, daro juos mink\u0161tus ir nat\u016bral\u0173 \u017evilges\u012f. Dabar galite nebijoti eksperimentuoti ir sukurti \u012fvairiausi\u0173 \u0161ukuosen\u0173!<\/div>\n<div class=\"__sub_title\">TAIKYMO B\u016aDAS:<\/div>\n<div class=\"__text\">Tepkite ant plauk\u0173, \u0161ukuokite<\/div>\n<div class=\"second\">\n<div class=\"__sub_title\">SUD\u0116TIS:<\/div>\n<div class=\"__text\">Aqua, Cetrimonium chloridas, PEG-40 hidrintas ricinos aliejus, imidazolidinil karbamidas, dinatrio EDTA, POLYSORBATE 20, POLYSORBATE 20, laurdimonio hidroksipropilo hidrolizuoti kvie\u010di\u0173 baltymai, kokoso pieno ekstraktas, avi\u017e\u0173 pieno ekstraktas, Pantenolis, fragaria ananassa vaisi\u0173 ekstraktas, citrin\u0173 R\u016aG\u0160TIS.<\/div>\n<\/div>\n","protected":false},"excerpt":{"rendered":"<p>Vaik\u0173 plaukai vis dar tokie \u0161veln\u016bs ir ploni, tod\u0117l da\u017enai link\u0119 susiv\u0117lti ir sunkiai \u0161ukuojami. Nenuplaunamas pur\u0161kiamas kondicionierius &#8220;Alisa&#8221; pad\u0117s ilg\u0173 ir garbanot\u0173 plauk\u0173 savinink\u0117ms palengvinti kasdien\u012f \u0161ukavim\u0105, tod\u0117l tai bus paprasta ir neskausminga. Pur\u0161kimo sud\u0117tis praturtinta bra\u0161ki\u0173 ekstraktu, kvie\u010di\u0173 baltymais, pantenoliu, avi\u017eomis ir kokos\u0173 pienu. Toks kompleksas kruop\u0161\u010diai maitina ir dr\u0117kina plaukus, apsaugo juos [&hellip;]<\/p>\n","protected":false},"featured_media":8154,"comment_status":"open","ping_status":"closed","template":"","meta":[],"product_brand":[],"product_cat":[117,114],"product_tag":[],"class_list":{"0":"post-8156","1":"product","2":"type-product","3":"status-publish","4":"has-post-thumbnail","6":"product_cat-plaukai","7":"product_cat-vaikiska-kosmetika","9":"first","10":"outofstock","11":"shipping-taxable","12":"purchasable","13":"product-type-simple"},"_links":{"self":[{"href":"https:\/\/beautysba.co.uk\/lt\/wp-json\/wp\/v2\/product\/8156","targetHints":{"allow":["GET"]}}],"collection":[{"href":"https:\/\/beautysba.co.uk\/lt\/wp-json\/wp\/v2\/product"}],"about":[{"href":"https:\/\/beautysba.co.uk\/lt\/wp-json\/wp\/v2\/types\/product"}],"replies":[{"embeddable":true,"href":"https:\/\/beautysba.co.uk\/lt\/wp-json\/wp\/v2\/comments?post=8156"}],"wp:featuredmedia":[{"embeddable":true,"href":"https:\/\/beautysba.co.uk\/lt\/wp-json\/wp\/v2\/media\/8154"}],"wp:attachment":[{"href":"https:\/\/beautysba.co.uk\/lt\/wp-json\/wp\/v2\/media?parent=8156"}],"wp:term":[{"taxonomy":"product_brand","embeddable":true,"href":"https:\/\/beautysba.co.uk\/lt\/wp-json\/wp\/v2\/product_brand?post=8156"},{"taxonomy":"product_cat","embeddable":true,"href":"https:\/\/beautysba.co.uk\/lt\/wp-json\/wp\/v2\/product_cat?post=8156"},{"taxonomy":"product_tag","embeddable":true,"href":"https:\/\/beautysba.co.uk\/lt\/wp-json\/wp\/v2\/product_tag?post=8156"}],"curies":[{"name":"wp","href":"https:\/\/api.w.org\/{rel}","templated":true}]}}