{"id":8245,"date":"2022-03-20T21:18:05","date_gmt":"2022-03-20T21:18:05","guid":{"rendered":"https:\/\/beautysba.co.uk\/product\/%d0%bf%d0%bb%d0%b0%d1%82%d0%b8%d0%bd%d0%be%d0%b2%d1%8b%d0%b9-%d0%b1%d0%bb%d0%be%d0%bd%d0%b4%d0%b8%d0%bd-%e2%84%96-9-1-%d0%b4%d0%bb%d1%8f-%d0%be%d1%81%d0%b2%d0%b5%d1%82%d0%bb%d0%b5%d0%bd%d0%bd%d1%8b\/"},"modified":"2022-03-20T21:18:55","modified_gmt":"2022-03-20T21:18:55","slug":"platinos-blond-9-1-uz-sviesintas","status":"publish","type":"product","link":"https:\/\/beautysba.co.uk\/lt\/produktas\/platinos-blond-9-1-uz-sviesintas\/","title":{"rendered":"Platinum Blonde Nr. 9.1 \u0160viesiems ir \u0161viesiems plaukams"},"content":{"rendered":"<div id=\"rec162424869\" class=\"r t-rec\" data-animationappear=\"off\" data-record-type=\"396\">\n<div class=\"t396\">\n<div class=\"t396__artboard rendered\" data-artboard-recid=\"162424869\" data-artboard-height=\"62\" data-artboard-height-res-960=\"62\" data-artboard-height-res-640=\"38\" data-artboard-height-res-320=\"30\" data-artboard-height_vh=\"\" data-artboard-valign=\"center\" data-artboard-upscale=\"\" data-artboard-ovrflw=\"\" data-artboard-proxy-min-offset-top=\"0\" data-artboard-proxy-min-height=\"62\" data-artboard-proxy-max-height=\"62\">\n<div class=\"t396__elem tn-elem tn-elem__1624248691568997001465\" data-elem-id=\"1568997001465\" data-elem-type=\"text\" data-field-top-value=\"0\" data-field-top-res-960-value=\"0\" data-field-top-res-640-value=\"0\" data-field-top-res-480-value=\"0\" data-field-top-res-320-value=\"0\" data-field-left-value=\"320\" data-field-left-res-960-value=\"170\" data-field-left-res-640-value=\"90\" data-field-left-res-480-value=\"10\" data-field-left-res-320-value=\"10\" data-field-width-value=\"560\" data-field-width-res-960-value=\"620\" data-field-width-res-640-value=\"460\" data-field-width-res-480-value=\"460\" data-field-width-res-320-value=\"300\" data-field-axisy-value=\"top\" data-field-axisx-value=\"left\" data-field-container-value=\"grid\" data-field-topunits-value=\"\" data-field-leftunits-value=\"\" data-field-heightunits-value=\"\" data-field-widthunits-value=\"\" data-fields=\"top,left,width,container,axisx,axisy,widthunits,leftunits,topunits\">\n<h2 class=\"tn-atom\">Rekomendacijos<\/h2>\n<\/div>\n<\/div>\n<\/div>\n<\/div>\n<div id=\"rec162424870\" class=\"r t-rec\" data-animationappear=\"off\" data-record-type=\"396\">\n<div class=\"t396\">\n<div class=\"t396__artboard rendered\" data-artboard-recid=\"162424870\" data-artboard-height=\"102\" data-artboard-height-res-960=\"112\" data-artboard-height-res-640=\"150\" data-artboard-height-res-480=\"150\" data-artboard-height-res-320=\"188\" data-artboard-height_vh=\"\" data-artboard-valign=\"center\" data-artboard-upscale=\"\" data-artboard-ovrflw=\"\" data-artboard-proxy-min-offset-top=\"0\" data-artboard-proxy-min-height=\"102\" data-artboard-proxy-max-height=\"102\">\n<div class=\"t396__elem tn-elem tn-elem__1624248701568997001465\" data-elem-id=\"1568997001465\" data-elem-type=\"text\" data-field-top-value=\"16\" data-field-top-res-960-value=\"16\" data-field-top-res-640-value=\"12\" data-field-top-res-480-value=\"12\" data-field-top-res-320-value=\"10\" data-field-left-value=\"320\" data-field-left-res-960-value=\"170\" data-field-left-res-640-value=\"90\" data-field-left-res-480-value=\"10\" data-field-left-res-320-value=\"10\" data-field-width-value=\"560\" data-field-width-res-960-value=\"620\" data-field-width-res-640-value=\"460\" data-field-width-res-480-value=\"460\" data-field-width-res-320-value=\"300\" data-field-axisy-value=\"top\" data-field-axisx-value=\"left\" data-field-container-value=\"grid\" data-field-topunits-value=\"px\" data-field-leftunits-value=\"px\" data-field-heightunits-value=\"\" data-field-widthunits-value=\"px\" data-fields=\"top,left,width,container,axisx,axisy,widthunits,leftunits,topunits\">\n<div class=\"tn-atom\">Svarbu pasirinkti jums reikaling\u0105 naudojimo b\u016bd\u0105 ir tinkam\u0105 ekspozicijos laik\u0105, atsi\u017evelgiant \u012f plauk\u0173 \u0161viesinimo laipsn\u012f. Prie\u0161 da\u017eym\u0105 rekomenduojama atlikti atskiros gijos test\u0105, atkreipiant d\u0117mes\u012f \u012f norimo rezultato pasirei\u0161kimo laik\u0105.<\/div>\n<\/div>\n<\/div>\n<\/div>\n<\/div>\n<div id=\"rec162424871\" class=\"r t-rec\" data-animationappear=\"off\" data-record-type=\"396\">\n<div class=\"t396\">\n<div class=\"t396__artboard rendered\" data-artboard-recid=\"162424871\" data-artboard-height=\"152\" data-artboard-height-res-960=\"164\" data-artboard-height-res-640=\"184\" data-artboard-height-res-480=\"184\" data-artboard-height-res-320=\"246\" data-artboard-height_vh=\"\" data-artboard-valign=\"center\" data-artboard-upscale=\"\" data-artboard-ovrflw=\"\" data-artboard-proxy-min-offset-top=\"0\" data-artboard-proxy-min-height=\"152\" data-artboard-proxy-max-height=\"152\">\n<div class=\"t396__carrier\" data-artboard-recid=\"162424871\"><\/div>\n<div class=\"t396__filter\" data-artboard-recid=\"162424871\"><\/div>\n<div class=\"t396__elem tn-elem tn-elem__1624248711568997001465\" data-elem-id=\"1568997001465\" data-elem-type=\"text\" data-field-top-value=\"46\" data-field-top-res-960-value=\"48\" data-field-top-res-640-value=\"46\" data-field-top-res-480-value=\"46\" data-field-top-res-320-value=\"36\" data-field-left-value=\"320\" data-field-left-res-960-value=\"170\" data-field-left-res-640-value=\"90\" data-field-left-res-480-value=\"10\" data-field-left-res-320-value=\"10\" data-field-width-value=\"550\" data-field-width-res-960-value=\"610\" data-field-width-res-640-value=\"460\" data-field-width-res-480-value=\"460\" data-field-width-res-320-value=\"300\" data-field-axisy-value=\"top\" data-field-axisx-value=\"left\" data-field-container-value=\"grid\" data-field-topunits-value=\"px\" data-field-leftunits-value=\"px\" data-field-heightunits-value=\"\" data-field-widthunits-value=\"px\" data-fields=\"top,left,width,container,axisx,axisy,widthunits,leftunits,topunits\">\n<div class=\"tn-atom\">Atspalvio balzamo spalva gali skirtis nuo gauto plauk\u0173 atspalvio. Patekus \u012f akis, nuplaukite \u0161variu vandeniu. Prie\u0161 naudojim\u0105 patikrinkite, ar n\u0117ra alergini\u0173 reakcij\u0173. Jei da\u017eai patenka ant interjero daikt\u0173 ir vonios pavir\u0161iaus, nuplaukite juos sanitarini\u0173 gamini\u0173 valikliu.<\/div>\n<\/div>\n<div class=\"t396__elem tn-elem tn-elem__1624248711570805499856\" data-elem-id=\"1570805499856\" data-elem-type=\"text\" data-field-top-value=\"16\" data-field-top-res-960-value=\"16\" data-field-top-res-640-value=\"16\" data-field-top-res-480-value=\"16\" data-field-top-res-320-value=\"10\" data-field-left-value=\"320\" data-field-left-res-960-value=\"170\" data-field-left-res-640-value=\"90\" data-field-left-res-480-value=\"10\" data-field-left-res-320-value=\"10\" data-field-width-value=\"560\" data-field-width-res-960-value=\"620\" data-field-width-res-640-value=\"460\" data-field-width-res-480-value=\"460\" data-field-width-res-320-value=\"300\" data-field-axisy-value=\"top\" data-field-axisx-value=\"left\" data-field-container-value=\"grid\" data-field-topunits-value=\"px\" data-field-leftunits-value=\"px\" data-field-heightunits-value=\"\" data-field-widthunits-value=\"px\" data-fields=\"top,left,width,container,axisx,axisy,widthunits,leftunits,topunits\">\n<div class=\"tn-atom\">D\u0117mesio<\/div>\n<\/div>\n<\/div>\n<\/div>\n<\/div>\n<div id=\"rec162424872\" class=\"r t-rec\" data-animationappear=\"off\" data-record-type=\"396\">\n<div class=\"t396\">\n<div class=\"t396__artboard rendered\" data-artboard-recid=\"162424872\" data-artboard-height=\"120\" data-artboard-height-res-960=\"120\" data-artboard-height-res-640=\"100\" data-artboard-height-res-480=\"100\" data-artboard-height-res-320=\"80\" data-artboard-height_vh=\"\" data-artboard-valign=\"center\" data-artboard-upscale=\"\" data-artboard-ovrflw=\"\" data-artboard-proxy-min-offset-top=\"0\" data-artboard-proxy-min-height=\"120\" data-artboard-proxy-max-height=\"120\">\n<div class=\"t396__filter\" data-artboard-recid=\"162424872\"><\/div>\n<\/div>\n<\/div>\n<\/div>\n<div id=\"rec162424873\" class=\"r t-rec\" data-animationappear=\"off\" data-record-type=\"396\">\n<div class=\"t396\">\n<div class=\"t396__artboard rendered\" data-artboard-recid=\"162424873\" data-artboard-height=\"62\" data-artboard-height-res-960=\"62\" data-artboard-height-res-640=\"38\" data-artboard-height-res-320=\"30\" data-artboard-height_vh=\"\" data-artboard-valign=\"center\" data-artboard-upscale=\"\" data-artboard-ovrflw=\"\" data-artboard-proxy-min-offset-top=\"0\" data-artboard-proxy-min-height=\"62\" data-artboard-proxy-max-height=\"62\">\n<div class=\"t396__elem tn-elem tn-elem__1624248731568997001465\" data-elem-id=\"1568997001465\" data-elem-type=\"text\" data-field-top-value=\"0\" data-field-top-res-960-value=\"0\" data-field-top-res-640-value=\"0\" data-field-top-res-480-value=\"0\" data-field-top-res-320-value=\"0\" data-field-left-value=\"320\" data-field-left-res-960-value=\"170\" data-field-left-res-640-value=\"90\" data-field-left-res-480-value=\"10\" data-field-left-res-320-value=\"10\" data-field-width-value=\"560\" data-field-width-res-960-value=\"620\" data-field-width-res-640-value=\"460\" data-field-width-res-480-value=\"460\" data-field-width-res-320-value=\"300\" data-field-axisy-value=\"top\" data-field-axisx-value=\"left\" data-field-container-value=\"grid\" data-field-topunits-value=\"\" data-field-leftunits-value=\"\" data-field-heightunits-value=\"\" data-field-widthunits-value=\"\" data-fields=\"top,left,width,container,axisx,axisy,widthunits,leftunits,topunits\">\n<h2 class=\"tn-atom\">Taikymas<\/h2>\n<\/div>\n<\/div>\n<\/div>\n<\/div>\n<div id=\"rec162424875\" class=\"r t-rec\" data-animationappear=\"off\" data-record-type=\"396\">\n<div class=\"t396\">\n<div class=\"t396__artboard rendered\" data-artboard-recid=\"162424875\" data-artboard-height=\"126\" data-artboard-height-res-960=\"126\" data-artboard-height-res-640=\"148\" data-artboard-height-res-480=\"148\" data-artboard-height-res-320=\"210\" data-artboard-height_vh=\"\" data-artboard-valign=\"center\" data-artboard-upscale=\"\" data-artboard-ovrflw=\"\" data-artboard-proxy-min-offset-top=\"0\" data-artboard-proxy-min-height=\"126\" data-artboard-proxy-max-height=\"126\">\n<div class=\"t396__elem tn-elem tn-elem__1624248751568997001465\" data-elem-id=\"1568997001465\" data-elem-type=\"text\" data-field-top-value=\"40\" data-field-top-res-960-value=\"40\" data-field-top-res-640-value=\"40\" data-field-top-res-480-value=\"40\" data-field-top-res-320-value=\"40\" data-field-left-value=\"392\" data-field-left-res-960-value=\"252\" data-field-left-res-640-value=\"162\" data-field-left-res-480-value=\"80\" data-field-left-res-320-value=\"66\" data-field-width-value=\"488\" data-field-width-res-960-value=\"540\" data-field-width-res-640-value=\"388\" data-field-width-res-480-value=\"390\" data-field-width-res-320-value=\"244\" data-field-axisy-value=\"top\" data-field-axisx-value=\"left\" data-field-container-value=\"grid\" data-field-topunits-value=\"px\" data-field-leftunits-value=\"px\" data-field-heightunits-value=\"\" data-field-widthunits-value=\"px\" data-fields=\"top,left,width,container,axisx,axisy,widthunits,leftunits,topunits\">\n<div class=\"tn-atom\">Naudokite pir\u0161tines ir rank\u0161luost\u012f, kad apsaugotum\u0117te savo drabu\u017eius. Tepkite rieb\u0173 krem\u0105 i\u0161ilgai plauk\u0173 linijos ir ant aus\u0173, kad nesuteptum\u0117te odos. Tepkite balzam\u0105 ant \u0161vari\u0173, dr\u0117gn\u0173 plauk\u0173 ir tolygiai paskirstykite.<\/div>\n<\/div>\n<div class=\"t396__elem tn-elem tn-elem__1624248751571151080170\" data-elem-id=\"1571151080170\" data-elem-type=\"shape\" data-field-top-value=\"0\" data-field-top-res-960-value=\"0\" data-field-top-res-640-value=\"0\" data-field-top-res-480-value=\"0\" data-field-left-value=\"320\" data-field-left-res-960-value=\"170\" data-field-left-res-640-value=\"90\" data-field-left-res-480-value=\"10\" data-field-height-value=\"48\" data-field-height-res-320-value=\"40\" data-field-width-value=\"48\" data-field-width-res-320-value=\"40\" data-field-axisy-value=\"top\" data-field-axisx-value=\"left\" data-field-container-value=\"grid\" data-field-topunits-value=\"px\" data-field-leftunits-value=\"px\" data-field-heightunits-value=\"px\" data-field-widthunits-value=\"px\" data-fields=\"width,height,top,left,container,axisx,axisy,widthunits,heightunits,leftunits,topunits\">\n<div class=\"tn-atom\"><\/div>\n<\/div>\n<div class=\"t396__elem tn-elem tn-elem__1624248751571152399623\" data-elem-id=\"1571152399623\" data-elem-type=\"text\" data-field-top-value=\"12\" data-field-top-res-960-value=\"12\" data-field-top-res-640-value=\"14\" data-field-top-res-480-value=\"14\" data-field-top-res-320-value=\"10\" data-field-left-value=\"392\" data-field-left-res-960-value=\"252\" data-field-left-res-640-value=\"162\" data-field-left-res-480-value=\"80\" data-field-left-res-320-value=\"66\" data-field-width-value=\"448\" data-field-width-res-960-value=\"540\" data-field-width-res-640-value=\"388\" data-field-width-res-480-value=\"390\" data-field-width-res-320-value=\"244\" data-field-axisy-value=\"top\" data-field-axisx-value=\"left\" data-field-container-value=\"grid\" data-field-topunits-value=\"px\" data-field-leftunits-value=\"px\" data-field-heightunits-value=\"\" data-field-widthunits-value=\"px\" data-fields=\"top,left,width,container,axisx,axisy,widthunits,leftunits,topunits\">\n<div class=\"tn-atom\">Taikymas<\/div>\n<\/div>\n<\/div>\n<\/div>\n<\/div>\n<div id=\"rec162424876\" class=\"r t-rec\" data-animationappear=\"off\" data-record-type=\"396\">\n<div class=\"t396\">\n<div class=\"t396__artboard rendered\" data-artboard-recid=\"162424876\" data-artboard-height=\"32\" data-artboard-height-res-640=\"24\" data-artboard-height-res-480=\"24\" data-artboard-height-res-320=\"24\" data-artboard-height_vh=\"\" data-artboard-valign=\"center\" data-artboard-upscale=\"\" data-artboard-ovrflw=\"\" data-artboard-proxy-min-offset-top=\"0\" data-artboard-proxy-min-height=\"32\" data-artboard-proxy-max-height=\"32\">\n<div class=\"t396__filter\" data-artboard-recid=\"162424876\">&#8211; iki 5 minu\u010di\u0173 i\u0161laikyti spalv\u0105;<\/div>\n<\/div>\n<\/div>\n<\/div>\n<div id=\"rec162424890\" class=\"r t-rec\" data-animationappear=\"off\" data-record-type=\"396\">\n<div class=\"t396\">\n<div class=\"t396__artboard rendered\" data-artboard-recid=\"162424890\" data-artboard-height=\"192\" data-artboard-height-res-960=\"172\" data-artboard-height-res-640=\"192\" data-artboard-height-res-480=\"192\" data-artboard-height-res-320=\"342\" data-artboard-height_vh=\"\" data-artboard-valign=\"center\" data-artboard-upscale=\"\" data-artboard-ovrflw=\"\" data-artboard-proxy-min-offset-top=\"0\" data-artboard-proxy-min-height=\"192\" data-artboard-proxy-max-height=\"192\">\n<div class=\"t396__elem tn-elem tn-elem__1624248901568997001465\" data-elem-id=\"1568997001465\" data-elem-type=\"text\" data-field-top-value=\"40\" data-field-top-res-960-value=\"40\" data-field-top-res-640-value=\"40\" data-field-top-res-480-value=\"40\" data-field-top-res-320-value=\"40\" data-field-left-value=\"392\" data-field-left-res-960-value=\"250\" data-field-left-res-640-value=\"162\" data-field-left-res-480-value=\"80\" data-field-left-res-320-value=\"66\" data-field-width-value=\"488\" data-field-width-res-960-value=\"540\" data-field-width-res-640-value=\"388\" data-field-width-res-480-value=\"390\" data-field-width-res-320-value=\"244\" data-field-axisy-value=\"top\" data-field-axisx-value=\"left\" data-field-container-value=\"grid\" data-field-topunits-value=\"px\" data-field-leftunits-value=\"px\" data-field-heightunits-value=\"\" data-field-widthunits-value=\"px\" data-fields=\"top,left,width,container,axisx,axisy,widthunits,leftunits,topunits\">\n<div class=\"tn-atom\">&#8211; iki 10 minu\u010di\u0173 \u0161viesiam atspalviui;<br \/>\n&#8211; Iki 30 minu\u010di\u0173 sodresniam atspalviui.<\/div>\n<\/div>\n<div class=\"t396__elem tn-elem tn-elem__1624248901571151080170\" data-elem-id=\"1571151080170\" data-elem-type=\"shape\" data-field-top-value=\"0\" data-field-top-res-960-value=\"0\" data-field-top-res-640-value=\"0\" data-field-top-res-480-value=\"0\" data-field-left-value=\"320\" data-field-left-res-960-value=\"170\" data-field-left-res-640-value=\"90\" data-field-left-res-480-value=\"10\" data-field-height-value=\"48\" data-field-height-res-320-value=\"40\" data-field-width-value=\"48\" data-field-width-res-320-value=\"40\" data-field-axisy-value=\"top\" data-field-axisx-value=\"left\" data-field-container-value=\"grid\" data-field-topunits-value=\"px\" data-field-leftunits-value=\"px\" data-field-heightunits-value=\"px\" data-field-widthunits-value=\"px\" data-fields=\"width,height,top,left,container,axisx,axisy,widthunits,heightunits,leftunits,topunits\">\n<div class=\"tn-atom\"><\/div>\n<\/div>\n<div class=\"t396__elem tn-elem tn-elem__1624248901571152399623\" data-elem-id=\"1571152399623\" data-elem-type=\"text\" data-field-top-value=\"12\" data-field-top-res-960-value=\"12\" data-field-top-res-640-value=\"14\" data-field-top-res-480-value=\"14\" data-field-top-res-320-value=\"10\" data-field-left-value=\"392\" data-field-left-res-960-value=\"250\" data-field-left-res-640-value=\"162\" data-field-left-res-480-value=\"80\" data-field-left-res-320-value=\"66\" data-field-width-value=\"448\" data-field-width-res-960-value=\"540\" data-field-width-res-640-value=\"388\" data-field-width-res-480-value=\"390\" data-field-width-res-320-value=\"244\" data-field-axisy-value=\"top\" data-field-axisx-value=\"left\" data-field-container-value=\"grid\" data-field-topunits-value=\"px\" data-field-leftunits-value=\"px\" data-field-heightunits-value=\"\" data-field-widthunits-value=\"px\" data-fields=\"top,left,width,container,axisx,axisy,widthunits,leftunits,topunits\">\n<div class=\"tn-atom\">Laikymo laikas<\/div>\n<\/div>\n<div class=\"t396__elem tn-elem tn-elem__1624248901571152667301\" data-elem-id=\"1571152667301\" data-elem-type=\"text\" data-field-top-value=\"108\" data-field-top-res-960-value=\"108\" data-field-top-res-640-value=\"108\" data-field-top-res-480-value=\"108\" data-field-top-res-320-value=\"172\" data-field-left-value=\"392\" data-field-left-res-960-value=\"250\" data-field-left-res-640-value=\"162\" data-field-left-res-480-value=\"80\" data-field-left-res-320-value=\"66\" data-field-width-value=\"428\" data-field-width-res-960-value=\"540\" data-field-width-res-640-value=\"388\" data-field-width-res-480-value=\"390\" data-field-width-res-320-value=\"244\" data-field-axisy-value=\"top\" data-field-axisx-value=\"left\" data-field-container-value=\"grid\" data-field-topunits-value=\"px\" data-field-leftunits-value=\"px\" data-field-heightunits-value=\"\" data-field-widthunits-value=\"px\" data-fields=\"top,left,width,container,axisx,axisy,widthunits,leftunits,topunits\">\n<div class=\"tn-atom\">Labai balintiems plaukams rekomenduojame atspalvio balzam\u0105 praskiesti \u012fprastu balzamu santykiu 1\/3 (1 dalis &#8211; tonikas, 3 dalys &#8211; \u012fprastas balzamas). Laikymo laikas iki 5 minu\u010di\u0173.<\/div>\n<\/div>\n<\/div>\n<\/div>\n<\/div>\n<div id=\"rec162424877\" class=\"r t-rec\" data-animationappear=\"off\" data-record-type=\"396\">\n<div class=\"t396\">\n<div class=\"t396__artboard rendered\" data-artboard-recid=\"162424877\" data-artboard-height=\"32\" data-artboard-height-res-640=\"24\" data-artboard-height-res-480=\"24\" data-artboard-height-res-320=\"24\" data-artboard-height_vh=\"\" data-artboard-valign=\"center\" data-artboard-upscale=\"\" data-artboard-ovrflw=\"\" data-artboard-proxy-min-offset-top=\"0\" data-artboard-proxy-min-height=\"32\" data-artboard-proxy-max-height=\"32\">\n<div class=\"t396__carrier\" data-artboard-recid=\"162424877\"><\/div>\n<div class=\"t396__filter\" data-artboard-recid=\"162424877\">Pra\u0117jus laikui, plaukite plaukus \u0161iltu vandeniu, kol jie taps skaidr\u016bs. Pataisykite rezultat\u0105 praskiestomis citrin\u0173 sultimis (1\/2 citrinos 200 ml vandens). Da\u017eytiems plaukams naudokite kondicionieri\u0173.<\/div>\n<\/div>\n<\/div>\n<\/div>\n<div id=\"rec162424891\" class=\"r t-rec\" data-animationappear=\"off\" data-record-type=\"396\">\n<div class=\"t396\">\n<div class=\"t396__artboard rendered\" data-artboard-recid=\"162424891\" data-artboard-height=\"126\" data-artboard-height-res-960=\"126\" data-artboard-height-res-640=\"146\" data-artboard-height-res-480=\"146\" data-artboard-height-res-320=\"210\" data-artboard-height_vh=\"\" data-artboard-valign=\"center\" data-artboard-upscale=\"\" data-artboard-ovrflw=\"\" data-artboard-proxy-min-offset-top=\"0\" data-artboard-proxy-min-height=\"126\" data-artboard-proxy-max-height=\"126\">\n<div class=\"t396__elem tn-elem tn-elem__1624248911571151080170\" data-elem-id=\"1571151080170\" data-elem-type=\"shape\" data-field-top-value=\"0\" data-field-top-res-960-value=\"0\" data-field-top-res-640-value=\"0\" data-field-top-res-480-value=\"0\" data-field-left-value=\"320\" data-field-left-res-960-value=\"170\" data-field-left-res-640-value=\"90\" data-field-left-res-480-value=\"10\" data-field-height-value=\"48\" data-field-height-res-320-value=\"40\" data-field-width-value=\"48\" data-field-width-res-320-value=\"40\" data-field-axisy-value=\"top\" data-field-axisx-value=\"left\" data-field-container-value=\"grid\" data-field-topunits-value=\"px\" data-field-leftunits-value=\"px\" data-field-heightunits-value=\"px\" data-field-widthunits-value=\"px\" data-fields=\"width,height,top,left,container,axisx,axisy,widthunits,heightunits,leftunits,topunits\">\n<div class=\"tn-atom\"><\/div>\n<\/div>\n<div class=\"t396__elem tn-elem tn-elem__1624248911571152399623\" data-elem-id=\"1571152399623\" data-elem-type=\"text\" data-field-top-value=\"12\" data-field-top-res-960-value=\"12\" data-field-top-res-640-value=\"14\" data-field-top-res-480-value=\"14\" data-field-top-res-320-value=\"10\" data-field-left-value=\"392\" data-field-left-res-960-value=\"252\" data-field-left-res-640-value=\"162\" data-field-left-res-480-value=\"80\" data-field-left-res-320-value=\"66\" data-field-width-value=\"448\" data-field-width-res-960-value=\"540\" data-field-width-res-640-value=\"388\" data-field-width-res-480-value=\"390\" data-field-width-res-320-value=\"244\" data-field-axisy-value=\"top\" data-field-axisx-value=\"left\" data-field-container-value=\"grid\" data-field-topunits-value=\"px\" data-field-leftunits-value=\"px\" data-field-heightunits-value=\"\" data-field-widthunits-value=\"px\" data-fields=\"top,left,width,container,axisx,axisy,widthunits,leftunits,topunits\">\n<div class=\"tn-atom\">Sud\u0117tis<\/div>\n<\/div>\n<\/div>\n<\/div>\n<\/div>\n<div id=\"rec162424880\" class=\"r t-rec\" data-animationappear=\"off\" data-record-type=\"396\">\n<div class=\"t396\">\n<div class=\"t396__artboard rendered\" data-artboard-recid=\"162424880\" data-artboard-height=\"144\" data-artboard-height-res-960=\"124\" data-artboard-height-res-640=\"140\" data-artboard-height-res-480=\"140\" data-artboard-height-res-320=\"242\" data-artboard-height_vh=\"\" data-artboard-valign=\"center\" data-artboard-upscale=\"\" data-artboard-ovrflw=\"\" data-artboard-proxy-min-offset-top=\"0\" data-artboard-proxy-min-height=\"144\" data-artboard-proxy-max-height=\"144\">\n<div class=\"t396__carrier\" data-artboard-recid=\"162424880\"><\/div>\n<div class=\"t396__filter\" data-artboard-recid=\"162424880\"><\/div>\n<div class=\"t396__elem tn-elem tn-elem__1624248801568997001465\" data-elem-id=\"1568997001465\" data-elem-type=\"text\" data-field-top-value=\"16\" data-field-top-res-960-value=\"16\" data-field-top-res-640-value=\"12\" data-field-top-res-480-value=\"12\" data-field-top-res-320-value=\"10\" data-field-left-value=\"320\" data-field-left-res-960-value=\"170\" data-field-left-res-640-value=\"90\" data-field-left-res-480-value=\"10\" data-field-left-res-320-value=\"10\" data-field-width-value=\"560\" data-field-width-res-960-value=\"620\" data-field-width-res-640-value=\"460\" data-field-width-res-480-value=\"460\" data-field-width-res-320-value=\"300\" data-field-axisy-value=\"top\" data-field-axisx-value=\"left\" data-field-container-value=\"grid\" data-field-topunits-value=\"px\" data-field-leftunits-value=\"px\" data-field-heightunits-value=\"\" data-field-widthunits-value=\"px\" data-fields=\"top,left,width,container,axisx,axisy,widthunits,leftunits,topunits\">\n<div class=\"tn-atom\">Vanduo, cetearilo alkoholis, propilenglikolis, Laureth-11, kokamidas DEA, glicerilo palmitatas \/ stearatas, PEG-75 lanolinas, cetrimonio chloridas, Cera Alba, natrio laurilsulfatas, Linum Usitatissimum s\u0117kl\u0173 ekstraktas, linolo r\u016bg\u0161tis, linoleno r\u016bg\u0161tis, Parfum, Methylchloroisothiazolinone, Methylisothiazolinone, Linalool, Limonene, Basic Red 76, Basic Yellow 57, Disperse Violet 1.<\/div>\n<\/div>\n<\/div>\n<\/div>\n<\/div>\n<div id=\"rec162424881\" class=\"r t-rec\" data-animationappear=\"off\" data-record-type=\"396\">\n<div class=\"t396\">\n<div class=\"t396__artboard rendered\" data-artboard-recid=\"162424881\" data-artboard-height=\"64\" data-artboard-height-res-640=\"48\" data-artboard-height-res-320=\"32\" data-artboard-height_vh=\"\" data-artboard-valign=\"center\" data-artboard-upscale=\"\" data-artboard-ovrflw=\"\" data-artboard-proxy-min-offset-top=\"0\" data-artboard-proxy-min-height=\"64\" data-artboard-proxy-max-height=\"64\">\n<div class=\"t396__carrier\" data-artboard-recid=\"162424881\"><\/div>\n<\/div>\n<\/div>\n<\/div>\n","protected":false},"excerpt":{"rendered":"<p>Specialiai parinkta pigment\u0173 kompozicija sukurs sidabrinius \u017evilgan\u010dius plaukus, pabr\u0117\u0161 aristokratij\u0105 ir rafinuotum\u0105.<\/p>\n","protected":false},"featured_media":8243,"comment_status":"open","ping_status":"closed","template":"","meta":[],"product_brand":[],"product_cat":[211,213],"product_tag":[],"class_list":{"0":"post-8245","1":"product","2":"type-product","3":"status-publish","4":"has-post-thumbnail","6":"product_cat-hair-lt","7":"product_cat-plauku-dazai","9":"first","10":"outofstock","11":"shipping-taxable","12":"purchasable","13":"product-type-simple"},"_links":{"self":[{"href":"https:\/\/beautysba.co.uk\/lt\/wp-json\/wp\/v2\/product\/8245","targetHints":{"allow":["GET"]}}],"collection":[{"href":"https:\/\/beautysba.co.uk\/lt\/wp-json\/wp\/v2\/product"}],"about":[{"href":"https:\/\/beautysba.co.uk\/lt\/wp-json\/wp\/v2\/types\/product"}],"replies":[{"embeddable":true,"href":"https:\/\/beautysba.co.uk\/lt\/wp-json\/wp\/v2\/comments?post=8245"}],"wp:featuredmedia":[{"embeddable":true,"href":"https:\/\/beautysba.co.uk\/lt\/wp-json\/wp\/v2\/media\/8243"}],"wp:attachment":[{"href":"https:\/\/beautysba.co.uk\/lt\/wp-json\/wp\/v2\/media?parent=8245"}],"wp:term":[{"taxonomy":"product_brand","embeddable":true,"href":"https:\/\/beautysba.co.uk\/lt\/wp-json\/wp\/v2\/product_brand?post=8245"},{"taxonomy":"product_cat","embeddable":true,"href":"https:\/\/beautysba.co.uk\/lt\/wp-json\/wp\/v2\/product_cat?post=8245"},{"taxonomy":"product_tag","embeddable":true,"href":"https:\/\/beautysba.co.uk\/lt\/wp-json\/wp\/v2\/product_tag?post=8245"}],"curies":[{"name":"wp","href":"https:\/\/api.w.org\/{rel}","templated":true}]}}