{"id":8307,"date":"2022-03-28T14:30:36","date_gmt":"2022-03-28T14:30:36","guid":{"rendered":"https:\/\/beautysba.co.uk\/product\/%d0%b2%d0%b8%d1%82%d0%b0%d0%bc%d0%b8%d0%bd%d1%8b-%d0%b4%d0%bb%d1%8f-%d0%b3%d0%bb%d0%b0%d0%b7-%d0%bf%d0%bb%d1%8e%d1%81-30-%d1%82%d0%b0%d0%b1%d0%bb%d0%b5%d1%82%d0%be%d0%ba\/"},"modified":"2026-04-24T09:12:28","modified_gmt":"2026-04-24T09:12:28","slug":"vitaminai-akims-plius-30-tableciu","status":"publish","type":"product","link":"https:\/\/beautysba.co.uk\/lt\/produktas\/vitaminai-akims-plius-30-tableciu\/","title":{"rendered":"Aki\u0173 vitaminai Plus 30 table\u010di\u0173"},"content":{"rendered":"<p>Eye Vitamins Plus sud\u0117tyje yra nat\u016brali\u0173 m\u0117lyni\u0173 ir medetk\u0173 ekstrakt\u0173, kurie yra karotinoid\u0173 liuteino ir zeaksantino \u0161altinis.<\/p>\n<p>Liuteinas ir zeaksantinas yra galingi antioksidantai, tod\u0117l reguliarus j\u0173 vartojimas gali tur\u0117ti teigiamos \u012ftakos aki\u0173 funkcijai.<\/p>\n<p>M\u0117lyni\u0173 ekstraktas turi antioksidacin\u012f ir tonizuojant\u012f poveik\u012f aki\u0173 kraujagysles.<\/p>\n<p>Visi preparate esantys komponentai u\u017etikrina efektyvi\u0105 apsaug\u0105 ir sustiprina bendr\u0105 antioksidacin\u012f poveik\u012f, kuris prisideda prie reg\u0117jimo funkcij\u0173 gerinimo ir stabilizavimo.<\/p>\n<p>Vartojimas: Suaugusiesiems ir vyresniems nei 12 met\u0173 vaikams po 1 tablet\u0119 per dien\u0105.<\/p>\n","protected":false},"excerpt":{"rendered":"<p>Eye Vitamins Plus sud\u0117tyje yra nat\u016brali\u0173 m\u0117lyni\u0173 ir medetk\u0173 ekstrakt\u0173, kurie yra karotinoid\u0173 liuteino ir zeaksantino \u0161altinis. Liuteinas ir zeaksantinas yra galingi antioksidantai, tod\u0117l reguliarus j\u0173 vartojimas gali tur\u0117ti teigiamos \u012ftakos aki\u0173 funkcijai. M\u0117lyni\u0173 ekstraktas turi antioksidacin\u012f ir tonizuojant\u012f poveik\u012f aki\u0173 kraujagysles. Visi preparate esantys komponentai u\u017etikrina efektyvi\u0105 apsaug\u0105 ir sustiprina bendr\u0105 antioksidacin\u012f poveik\u012f, kuris [&hellip;]<\/p>\n","protected":false},"featured_media":8305,"comment_status":"open","ping_status":"closed","template":"","meta":[],"product_brand":[],"product_cat":[217,220],"product_tag":[],"class_list":{"0":"post-8307","1":"product","2":"type-product","3":"status-publish","4":"has-post-thumbnail","6":"product_cat-sveikatos-prieziura","7":"product_cat-zarnyno-sveikata","9":"first","10":"instock","11":"shipping-taxable","12":"purchasable","13":"product-type-simple"},"_links":{"self":[{"href":"https:\/\/beautysba.co.uk\/lt\/wp-json\/wp\/v2\/product\/8307","targetHints":{"allow":["GET"]}}],"collection":[{"href":"https:\/\/beautysba.co.uk\/lt\/wp-json\/wp\/v2\/product"}],"about":[{"href":"https:\/\/beautysba.co.uk\/lt\/wp-json\/wp\/v2\/types\/product"}],"replies":[{"embeddable":true,"href":"https:\/\/beautysba.co.uk\/lt\/wp-json\/wp\/v2\/comments?post=8307"}],"wp:featuredmedia":[{"embeddable":true,"href":"https:\/\/beautysba.co.uk\/lt\/wp-json\/wp\/v2\/media\/8305"}],"wp:attachment":[{"href":"https:\/\/beautysba.co.uk\/lt\/wp-json\/wp\/v2\/media?parent=8307"}],"wp:term":[{"taxonomy":"product_brand","embeddable":true,"href":"https:\/\/beautysba.co.uk\/lt\/wp-json\/wp\/v2\/product_brand?post=8307"},{"taxonomy":"product_cat","embeddable":true,"href":"https:\/\/beautysba.co.uk\/lt\/wp-json\/wp\/v2\/product_cat?post=8307"},{"taxonomy":"product_tag","embeddable":true,"href":"https:\/\/beautysba.co.uk\/lt\/wp-json\/wp\/v2\/product_tag?post=8307"}],"curies":[{"name":"wp","href":"https:\/\/api.w.org\/{rel}","templated":true}]}}