{"id":8442,"date":"2022-04-11T12:00:12","date_gmt":"2022-04-11T16:00:12","guid":{"rendered":"https:\/\/beautysba.co.uk\/?post_type=product&#038;p=8442"},"modified":"2022-04-18T09:34:16","modified_gmt":"2022-04-18T09:34:16","slug":"purskiamas-elfa-pharm-panthe-med-su-pantenoliu-ir-alavijo-sultimis","status":"publish","type":"product","link":"https:\/\/beautysba.co.uk\/lt\/produktas\/purskiamas-elfa-pharm-panthe-med-su-pantenoliu-ir-alavijo-sultimis\/","title":{"rendered":"Pur\u0161kite Elfa Pharm Panthe Med su pantenoliu ir alavijo sultimis 150 ml"},"content":{"rendered":"<p>SOS priemon\u0117 numeris 1. Pur\u0161kiklis naudojamas kompleksinei odos prie\u017ei\u016brai po saul\u0117s spinduli\u0173 poveikio. Sud\u0117tyje yra alavijo sul\u010di\u0173, kurios dr\u0117kina ir apsaugo od\u0105 nuo i\u0161saus\u0117jimo ir diskomforto.<\/p>\n<div class=\"characteristics-full__item ng-star-inserted\">Sud\u0117tis<\/p>\n<ul class=\"characteristics-full__sub-list\">\n<li class=\"ng-star-inserted\"><span class=\"ng-star-inserted\">Vanduo, pantenolis, izobutanas, alavijo barbadensio lap\u0173 sultys, heksildecilo lauratas, heksildekanolis, cetearilo alkoholis, hidroksietilo karbamidas, propanas, butanas, fenoksietanolis, amonio laktatas, cetearilo gliukozidas, etilo glikozidas, etilo laktatas, benzoholis.<\/span><\/li>\n<\/ul>\n<\/div>\n<div class=\"characteristics-full__item ng-star-inserted\">Taikymo b\u016bdas<\/p>\n<ul class=\"characteristics-full__sub-list\">\n<li class=\"ng-star-inserted\"><span class=\"ng-star-inserted\">Pur\u0161kalas tepamas vien\u0105 ar kelis kartus per dien\u0105 pur\u0161kiant i\u0161 nedidelio atstumo (10 -15 cm (cm)), kad odos pavir\u0161ius pasidengt\u0173 priemone. Prie\u0161 pur\u0161kim\u0105 buteliuk\u0105 gerai suplakite.<br \/>\nAtsargumo priemon\u0117s: PAVOJUS! Itin degus pur\u0161kalas. Sl\u0117gio butelis. Kaitinamas, gali sprogti. Laikyti vaikams nepasiekiamoje vietoje. Laikyti atokiai nuo u\u017edegimo\/\u0161ilumos\/kibirk\u0161\u010di\u0173\/atviros liepsnos \u0161altini\u0173. Ner\u016bkyti. Nepurk\u0161kite \u0161alia atviros liepsnos ar kit\u0173 u\u017edegimo \u0161altini\u0173. Nepa\u017eeiskite pakuot\u0117s vientisumo ir nesudeginkite net ir po naudojimo. Saugokite nuo saul\u0117s spinduli\u0173, ne\u0161ildykite vir\u0161 50 \u2070\u0421.<\/span><\/li>\n<\/ul>\n<\/div>\n","protected":false},"excerpt":{"rendered":"<p>SOS priemon\u0117 numeris 1. Pur\u0161kiklis naudojamas kompleksinei odos prie\u017ei\u016brai po saul\u0117s spinduli\u0173 poveikio. Sud\u0117tyje yra alavijo sul\u010di\u0173, kurios dr\u0117kina ir apsaugo od\u0105 nuo i\u0161saus\u0117jimo ir diskomforto. Sud\u0117tis Vanduo, pantenolis, izobutanas, alavijo barbadensio lap\u0173 sultys, heksildecilo lauratas, heksildekanolis, cetearilo alkoholis, hidroksietilo karbamidas, propanas, butanas, fenoksietanolis, amonio laktatas, cetearilo gliukozidas, etilo glikozidas, etilo laktatas, benzoholis. Taikymo b\u016bdas [&hellip;]<\/p>\n","protected":false},"featured_media":8438,"comment_status":"open","ping_status":"closed","template":"","meta":[],"product_brand":[],"product_cat":[264,218,217],"product_tag":[],"class_list":{"0":"post-8442","1":"product","2":"type-product","3":"status-publish","4":"has-post-thumbnail","6":"product_cat---lt","7":"product_cat-kuno-prieziura","8":"product_cat-sveikatos-prieziura","10":"first","11":"outofstock","12":"shipping-taxable","13":"purchasable","14":"product-type-simple"},"_links":{"self":[{"href":"https:\/\/beautysba.co.uk\/lt\/wp-json\/wp\/v2\/product\/8442","targetHints":{"allow":["GET"]}}],"collection":[{"href":"https:\/\/beautysba.co.uk\/lt\/wp-json\/wp\/v2\/product"}],"about":[{"href":"https:\/\/beautysba.co.uk\/lt\/wp-json\/wp\/v2\/types\/product"}],"replies":[{"embeddable":true,"href":"https:\/\/beautysba.co.uk\/lt\/wp-json\/wp\/v2\/comments?post=8442"}],"wp:featuredmedia":[{"embeddable":true,"href":"https:\/\/beautysba.co.uk\/lt\/wp-json\/wp\/v2\/media\/8438"}],"wp:attachment":[{"href":"https:\/\/beautysba.co.uk\/lt\/wp-json\/wp\/v2\/media?parent=8442"}],"wp:term":[{"taxonomy":"product_brand","embeddable":true,"href":"https:\/\/beautysba.co.uk\/lt\/wp-json\/wp\/v2\/product_brand?post=8442"},{"taxonomy":"product_cat","embeddable":true,"href":"https:\/\/beautysba.co.uk\/lt\/wp-json\/wp\/v2\/product_cat?post=8442"},{"taxonomy":"product_tag","embeddable":true,"href":"https:\/\/beautysba.co.uk\/lt\/wp-json\/wp\/v2\/product_tag?post=8442"}],"curies":[{"name":"wp","href":"https:\/\/api.w.org\/{rel}","templated":true}]}}