{"id":8463,"date":"2022-04-16T20:02:20","date_gmt":"2022-04-16T20:02:20","guid":{"rendered":"https:\/\/beautysba.co.uk\/product\/botavikos-%d0%bc%d0%b0%d1%81%d0%bb%d0%be-%d0%ba%d0%be%d1%81%d0%bc%d0%b5%d1%82%d0%b8%d1%87%d0%b5%d1%81%d0%ba%d0%be%d0%b5-100-%d0%bd%d0%b0%d1%82%d1%83%d1%80%d0%b0%d0%bb%d1%8c%d0%bd%d0%be%d0%b5-%d0%ba\/"},"modified":"2022-09-30T19:29:07","modified_gmt":"2022-09-30T19:29:07","slug":"botavikos-aliejus-kosmetika-100-naturalus-k","status":"publish","type":"product","link":"https:\/\/beautysba.co.uk\/lt\/produktas\/botavikos-aliejus-kosmetika-100-naturalus-k\/","title":{"rendered":"Botavikos kosmetinis aliejus 100% nat\u016bralus medetk\u0173 aliejus, 50 ml"},"content":{"rendered":"<div id=\"instruction_RECOMMENDATIONS\" class=\"offer-instruction__item clearfix active\" data-role=\"product-property\" data-source=\"\">\n<div class=\"offer-instruction__item-text\">\n<p>Augalin\u012f aliej\u0173 galima naudoti vien\u0105, mai\u0161yti su kitais augaliniais aliejais arba naudoti kaip eterini\u0173 aliej\u0173 pagrind\u0105.<\/p>\n<p>Kosmetikos praturtinimas<\/p>\n<p>10 ml (2 \u0161auk\u0161teliai) kosmetikos gaminio arba 100 ml \u0161amp\u016bno ar balzamo &#8211; iki 10 la\u0161\u0173 augalinio aliejaus.<\/p>\n<p>Veido kauk\u0117s<\/p>\n<p>Tepkite veid\u0105 i\u0161ilgai masa\u017eo linij\u0173. Proced\u016bros trukm\u0117 15-20 minu\u010di\u0173.<\/p>\n<p>Veido valymas<\/p>\n<p>Sudr\u0117kinkite vatos diskel\u012f kar\u0161tu vandeniu, i\u0161gr\u0119\u017ekite, patepkite riebiu aliejumi, nuvalykite od\u0105 vatos diskeliu i\u0161ilgai masa\u017eo linij\u0173.<\/p>\n<p>Veido ir k\u016bno masa\u017eas<\/p>\n<p>Aliejus naudojamas tiesioginiam k\u016bno masa\u017eui, \u012fskaitant veid\u0105, kakl\u0105 ir dekolt\u0117 srit\u012f.<\/p>\n<p>Aplikacijos ir kompresai veidui ir k\u016bnui<\/p>\n<p>Ant problemin\u0117s vietos u\u017ed\u0117kite aliejumi suvilgyt\u0105 rank\u0161luost\u012f.<\/p>\n<p>Odos prie\u017ei\u016bra po vonios \/ du\u0161o<\/p>\n<p>Tepkite ant odos po vonios \/ du\u0161o.<\/p>\n<p>Odos prie\u017ei\u016bra prie\u0161 ir po saul\u0117s nudegimo<\/p>\n<p>Tepkite od\u0105 prie\u0161 arba po saul\u0117s voni\u0173<\/p>\n<p>Kauk\u0117s plaukams ir galvos odai<\/p>\n<p>\u0160iltu aliejumi i\u0161tepkite plaukus ir galvos od\u0105. Proced\u016bros trukm\u0117 &#8211; 40 minu\u010di\u0173 &#8211; 2 valandos. Po to plaukite plaukus kaip \u012fprasta.<\/p>\n<p>Nag\u0173 ir odeli\u0173 prie\u017ei\u016bra<\/p>\n<p>Nag\u0173 ir odeli\u0173 zon\u0105 \u012ftrinkite augaliniu aliejumi.<\/p>\n<p>Vonios rankoms ir nagams<\/p>\n<p>Pir\u0161t\u0173 galiukus panardinkite \u012f \u012fkaitint\u0105 aliej\u0173. Proced\u016bros trukm\u0117 15-30 min.<\/p>\n<\/div>\n<\/div>\n<div id=\"instruction_DESCRIPTION\" class=\"offer-instruction__item clearfix active\" data-role=\"product-property\" data-source=\"\">\n<h3 class=\"offer-instruction__item-title\">apib\u016bdinimas<\/h3>\n<div class=\"offer-instruction__item-text\">\n<p>Suteikia elastingumo ir pagerina bet kokio tipo odos tonus\u0105<\/p>\n<p>Tai nepamainomas kosmetinis sprendimas sausai ar suskeld\u0117jusiai odai, mink\u0161tina, atgaivina, ma\u017eina pleiskanojim\u0105 ir stangrum\u0105.<\/p>\n<p>Ramina jautri\u0105 od\u0105, akivaizd\u017eiai suma\u017eina u\u017edegim\u0105 ir dirginim\u0105<\/p>\n<p>Dr\u0117kina brand\u017ei\u0105 od\u0105, ma\u017eina smulkias mimikos rauk\u0161leles<\/p>\n<p>Suteikia odai aksomin\u0119 ir gra\u017ei\u0105 tolygi\u0105 spalv\u0105<\/p>\n<p>Subalansuoja riebi\u0105 od\u0105, normalizuoja riebalini\u0173 liauk\u0173 veikl\u0105, susiaurina poras ir pa\u0161alina rieb\u0173 blizges\u012f<\/p>\n<p>Pa\u0161alina u\u017edegim\u0105 sergant egzema, sausu dermatitu, herpesu<\/p>\n<p>Skatina nedideli\u0173 \u017eaizd\u0173 ir nudegim\u0173 gijim\u0105, parodydamas savo regeneracinius geb\u0117jimus<\/p>\n<p>R\u016bpinasi \u0161velnia l\u016bp\u0173 ir aki\u0173 vok\u0173 oda<\/p>\n<p>Turi anticeliulitin\u012f poveik\u012f, lygina odos pavir\u0161i\u0173<\/p>\n<p>R\u016bpinasi plaukais, u\u017ekerta keli\u0105 plauk\u0173 slinkimui ir skatina j\u0173 augim\u0105<\/p>\n<p>Pagreitina antaki\u0173 ir blakstien\u0173 augim\u0105<\/p>\n<p>Ma\u017eina trapum\u0105, atkuria nag\u0173 stiprum\u0105 ir sveikat\u0105<\/p>\n<\/div>\n<\/div>\n","protected":false},"excerpt":{"rendered":"<p>Augalin\u012f aliej\u0173 galima naudoti vien\u0105, mai\u0161yti su kitais augaliniais aliejais arba naudoti kaip eterini\u0173 aliej\u0173 pagrind\u0105. Kosmetikos praturtinimas 10 ml (2 \u0161auk\u0161teliai) kosmetikos gaminio arba 100 ml \u0161amp\u016bno ar balzamo &#8211; iki 10 la\u0161\u0173 augalinio aliejaus. Veido kauk\u0117s Tepkite veid\u0105 i\u0161ilgai masa\u017eo linij\u0173. Proced\u016bros trukm\u0117 15-20 minu\u010di\u0173. Veido valymas Sudr\u0117kinkite vatos diskel\u012f kar\u0161tu vandeniu, i\u0161gr\u0119\u017ekite, [&hellip;]<\/p>\n","protected":false},"featured_media":2631,"comment_status":"open","ping_status":"closed","template":"","meta":[],"product_brand":[],"product_cat":[221,217],"product_tag":[],"class_list":{"0":"post-8463","1":"product","2":"type-product","3":"status-publish","4":"has-post-thumbnail","6":"product_cat-aliejai","7":"product_cat-sveikatos-prieziura","9":"first","10":"outofstock","11":"shipping-taxable","12":"purchasable","13":"product-type-simple"},"_links":{"self":[{"href":"https:\/\/beautysba.co.uk\/lt\/wp-json\/wp\/v2\/product\/8463","targetHints":{"allow":["GET"]}}],"collection":[{"href":"https:\/\/beautysba.co.uk\/lt\/wp-json\/wp\/v2\/product"}],"about":[{"href":"https:\/\/beautysba.co.uk\/lt\/wp-json\/wp\/v2\/types\/product"}],"replies":[{"embeddable":true,"href":"https:\/\/beautysba.co.uk\/lt\/wp-json\/wp\/v2\/comments?post=8463"}],"wp:featuredmedia":[{"embeddable":true,"href":"https:\/\/beautysba.co.uk\/lt\/wp-json\/wp\/v2\/media\/2631"}],"wp:attachment":[{"href":"https:\/\/beautysba.co.uk\/lt\/wp-json\/wp\/v2\/media?parent=8463"}],"wp:term":[{"taxonomy":"product_brand","embeddable":true,"href":"https:\/\/beautysba.co.uk\/lt\/wp-json\/wp\/v2\/product_brand?post=8463"},{"taxonomy":"product_cat","embeddable":true,"href":"https:\/\/beautysba.co.uk\/lt\/wp-json\/wp\/v2\/product_cat?post=8463"},{"taxonomy":"product_tag","embeddable":true,"href":"https:\/\/beautysba.co.uk\/lt\/wp-json\/wp\/v2\/product_tag?post=8463"}],"curies":[{"name":"wp","href":"https:\/\/api.w.org\/{rel}","templated":true}]}}