{"id":8569,"date":"2022-05-08T16:00:34","date_gmt":"2022-05-09T16:00:34","guid":{"rendered":"https:\/\/beautysba.co.uk\/?post_type=product&#038;p=8569"},"modified":"2022-08-08T09:31:04","modified_gmt":"2022-08-08T09:31:04","slug":"kauke-plaukams-atkurti-ir-palaimai","status":"publish","type":"product","link":"https:\/\/beautysba.co.uk\/lt\/produktas\/kauke-plaukams-atkurti-ir-palaimai\/","title":{"rendered":"Plauk\u0173 kauk\u0117 &#8220;Restore and Shine&#8221; dr. &#8220;Sante Coconut Hair&#8221; 300ml"},"content":{"rendered":"<div>\n<p>Kosmetikos priemon\u0117 veiksmingai maitina plaukus naudingomis aminor\u016bg\u0161timis, kurios padeda sustiprinti ir pagerinti sruog\u0173 elastingum\u0105. Kauk\u0117 taip pat \u0161velniai puosel\u0117ja galvos od\u0105, giliai maitina ne tik plauko stieb\u0105, bet ir epiderm\u012f. Jis pa\u0161alina sausum\u0105 ir suma\u017eina plauk\u0173 l\u016b\u017ein\u0117jim\u0105, kurie d\u0117l produkto naudojimo tampa lengviau valdomi ir maloniai \u0161ukuojami.<\/p>\n<p><strong>Naudojimo b\u016bdas<\/strong>: Tepkite ant dr\u0117gn\u0173 arba saus\u0173 plauk\u0173, palaikykite 2-3 minutes ir kruop\u0161\u010diai i\u0161skalaukite. Naudokite 1-2 kartus per savait\u0119. Ypa\u010d pa\u017eeistiems, susilpn\u0117jusiems plaukams rekomenduojama naudoti kiekvien\u0105 kart\u0105 plaunant.<\/p>\n<\/div>\n<div class=\"extra\">\n<p>Sud\u0117tis<\/p>\n<div>\n<p>Vanduo, cetearilo alkoholis, miristilo alkoholis, cetrimonio chloridas, amodimetikonas, dimetikonas, kokos\u0173 aliejus, kvie\u010di\u0173 aminor\u016bg\u0161tys, soj\u0173 aminor\u016bg\u0161tys, argininas HCL, serinas, treoninas, tridecetas-10, polikvaternis 37, pieno r\u016bg\u0161tis, parfumas, natrio benzoatas, benzilo alkoholis, kalio sorbatas, fenoksietanolis, linalolis.<\/p>\n<\/div>\n<\/div>\n","protected":false},"excerpt":{"rendered":"<p>Kosmetikos priemon\u0117 veiksmingai maitina plaukus naudingomis aminor\u016bg\u0161timis, kurios padeda sustiprinti ir pagerinti sruog\u0173 elastingum\u0105. Kauk\u0117 taip pat \u0161velniai puosel\u0117ja galvos od\u0105, giliai maitina ne tik plauko stieb\u0105, bet ir epiderm\u012f. Jis pa\u0161alina sausum\u0105 ir suma\u017eina plauk\u0173 l\u016b\u017ein\u0117jim\u0105, kurie d\u0117l produkto naudojimo tampa lengviau valdomi ir maloniai \u0161ukuojami. Naudojimo b\u016bdas: Tepkite ant dr\u0117gn\u0173 arba saus\u0173 plauk\u0173, [&hellip;]<\/p>\n","protected":false},"featured_media":8567,"comment_status":"open","ping_status":"closed","template":"","meta":[],"product_brand":[],"product_cat":[211,214],"product_tag":[],"class_list":{"0":"post-8569","1":"product","2":"type-product","3":"status-publish","4":"has-post-thumbnail","6":"product_cat-hair-lt","7":"product_cat-plauku-kaukes","9":"first","10":"outofstock","11":"shipping-taxable","12":"purchasable","13":"product-type-simple"},"_links":{"self":[{"href":"https:\/\/beautysba.co.uk\/lt\/wp-json\/wp\/v2\/product\/8569","targetHints":{"allow":["GET"]}}],"collection":[{"href":"https:\/\/beautysba.co.uk\/lt\/wp-json\/wp\/v2\/product"}],"about":[{"href":"https:\/\/beautysba.co.uk\/lt\/wp-json\/wp\/v2\/types\/product"}],"replies":[{"embeddable":true,"href":"https:\/\/beautysba.co.uk\/lt\/wp-json\/wp\/v2\/comments?post=8569"}],"wp:featuredmedia":[{"embeddable":true,"href":"https:\/\/beautysba.co.uk\/lt\/wp-json\/wp\/v2\/media\/8567"}],"wp:attachment":[{"href":"https:\/\/beautysba.co.uk\/lt\/wp-json\/wp\/v2\/media?parent=8569"}],"wp:term":[{"taxonomy":"product_brand","embeddable":true,"href":"https:\/\/beautysba.co.uk\/lt\/wp-json\/wp\/v2\/product_brand?post=8569"},{"taxonomy":"product_cat","embeddable":true,"href":"https:\/\/beautysba.co.uk\/lt\/wp-json\/wp\/v2\/product_cat?post=8569"},{"taxonomy":"product_tag","embeddable":true,"href":"https:\/\/beautysba.co.uk\/lt\/wp-json\/wp\/v2\/product_tag?post=8569"}],"curies":[{"name":"wp","href":"https:\/\/api.w.org\/{rel}","templated":true}]}}