{"id":8571,"date":"2022-05-08T16:00:41","date_gmt":"2022-05-09T16:00:41","guid":{"rendered":"https:\/\/beautysba.co.uk\/?post_type=product&#038;p=8571"},"modified":"2022-11-18T21:01:02","modified_gmt":"2022-11-18T21:01:02","slug":"purskiamas-plauku-apsaugos-ir-taisymo-purskiklis","status":"publish","type":"product","link":"https:\/\/beautysba.co.uk\/lt\/produktas\/purskiamas-plauku-apsaugos-ir-taisymo-purskiklis\/","title":{"rendered":"Plauk\u0173 pur\u0161kiklis &#8220;Apsauga ir atk\u016brimas&#8221; pagal dr. &#8220;Sante Coconut Hair&#8221; 150ml"},"content":{"rendered":"<div>\n<p>Reguliariai naudojant \u0161\u012f pur\u0161kikl\u012f plaukai tampa stulbinamai blizg\u016bs, \u0161ilkiniai, \u0161veln\u016bs ir elastingi. Priemon\u0117 i\u0161lygina \u017evynelius, tod\u0117l lengviau i\u0161\u0161ukuoti sruogas ir i\u0161vengiama plauk\u0173 l\u016b\u017ein\u0117jimo. Kokos\u0173 plaukai neapsunkina plauk\u0173, tod\u0117l jie i\u0161lieka sodresni vis\u0105 dien\u0105.<\/p>\n<p><strong>Naudojimo b\u016bdas<\/strong>: Tepkite ant dr\u0117gn\u0173 arba saus\u0173 plauk\u0173 15-20 cm atstumu. Nei\u0161plaukite.<\/p>\n<\/div>\n<div class=\"extra\">\n<p>Sud\u0117tis<\/p>\n<div>\n<p>Vanduo, amodimetikonas, PPG-3 kaprilinis eteris, polisorbatas 20, laurdimoniumo hidroksipropilo hidrolizuotas kvie\u010di\u0173 baltymas, hidrolizuotas kvie\u010di\u0173 baltymas, kvie\u010di\u0173 aminor\u016bg\u0161tys, soj\u0173 aminor\u016bg\u0161tys, argininas HCL, serinas, treoninas, kokoso rie\u0161ut\u0173 aliejus, tridecetas-10, silikono kvaterniumas-16, Undeceth-11, butiloktanolis, Undeceth-5, cetrimonio chloridas, dinatrio EDTA, pieno r\u016bg\u0161tis, parfumas, natrio benzoatas, benzilo alkoholis, fenoksietanolis, kalio sorbatas, linalolis, alfa-izometiljonas, benzilo salicilatas, butilfenilmetilpropionas, kumarinas.<\/p>\n<\/div>\n<\/div>\n","protected":false},"excerpt":{"rendered":"<p>Reguliariai naudojant \u0161\u012f pur\u0161kikl\u012f plaukai tampa stulbinamai blizg\u016bs, \u0161ilkiniai, \u0161veln\u016bs ir elastingi. Priemon\u0117 i\u0161lygina \u017evynelius, tod\u0117l lengviau i\u0161\u0161ukuoti sruogas ir i\u0161vengiama plauk\u0173 l\u016b\u017ein\u0117jimo. Kokos\u0173 plaukai neapsunkina plauk\u0173, tod\u0117l jie i\u0161lieka sodresni vis\u0105 dien\u0105. Naudojimo b\u016bdas: Tepkite ant dr\u0117gn\u0173 arba saus\u0173 plauk\u0173 15-20 cm atstumu. Nei\u0161plaukite. Sud\u0117tis Vanduo, amodimetikonas, PPG-3 kaprilinis eteris, polisorbatas 20, laurdimoniumo hidroksipropilo [&hellip;]<\/p>\n","protected":false},"featured_media":8563,"comment_status":"open","ping_status":"closed","template":"","meta":[],"product_brand":[],"product_cat":[215,211],"product_tag":[],"class_list":{"0":"post-8571","1":"product","2":"type-product","3":"status-publish","4":"has-post-thumbnail","6":"product_cat-aliejai-serumai","7":"product_cat-hair-lt","9":"first","10":"outofstock","11":"shipping-taxable","12":"purchasable","13":"product-type-simple"},"_links":{"self":[{"href":"https:\/\/beautysba.co.uk\/lt\/wp-json\/wp\/v2\/product\/8571","targetHints":{"allow":["GET"]}}],"collection":[{"href":"https:\/\/beautysba.co.uk\/lt\/wp-json\/wp\/v2\/product"}],"about":[{"href":"https:\/\/beautysba.co.uk\/lt\/wp-json\/wp\/v2\/types\/product"}],"replies":[{"embeddable":true,"href":"https:\/\/beautysba.co.uk\/lt\/wp-json\/wp\/v2\/comments?post=8571"}],"wp:featuredmedia":[{"embeddable":true,"href":"https:\/\/beautysba.co.uk\/lt\/wp-json\/wp\/v2\/media\/8563"}],"wp:attachment":[{"href":"https:\/\/beautysba.co.uk\/lt\/wp-json\/wp\/v2\/media?parent=8571"}],"wp:term":[{"taxonomy":"product_brand","embeddable":true,"href":"https:\/\/beautysba.co.uk\/lt\/wp-json\/wp\/v2\/product_brand?post=8571"},{"taxonomy":"product_cat","embeddable":true,"href":"https:\/\/beautysba.co.uk\/lt\/wp-json\/wp\/v2\/product_cat?post=8571"},{"taxonomy":"product_tag","embeddable":true,"href":"https:\/\/beautysba.co.uk\/lt\/wp-json\/wp\/v2\/product_tag?post=8571"}],"curies":[{"name":"wp","href":"https:\/\/api.w.org\/{rel}","templated":true}]}}