{"id":8573,"date":"2022-05-08T16:00:53","date_gmt":"2022-05-09T16:00:53","guid":{"rendered":"https:\/\/beautysba.co.uk\/?post_type=product&#038;p=8573"},"modified":"2022-08-08T09:31:04","modified_gmt":"2022-08-08T09:31:04","slug":"blizgesio-ir-silko-balzamas","status":"publish","type":"product","link":"https:\/\/beautysba.co.uk\/lt\/produktas\/blizgesio-ir-silko-balzamas\/","title":{"rendered":"Blizgesio ir \u0161ilkinio \u0161velnumo plauk\u0173 balzamas dr. &#8220;Sante Coconut Hair&#8221; 200ml"},"content":{"rendered":"<div>\n<p>D\u0117l idealaus aminor\u016bg\u0161\u010di\u0173 santykio produkte vyksta teigiami poky\u010diai plauk\u0173 strukt\u016broje, kurie tampa glotnesni ir elastingesni. Balzamas suaktyvina pa\u017eeist\u0173 l\u0105steli\u0173 regeneracij\u0105 ir padeda suskilin\u0117jusiems galiukams. Rezultatas &#8211; lengviau valdomos ir pri\u017ei\u016br\u0117tos garbanos. Pa\u0161alinamos pernelyg didel\u0117s garbanos, o tai teigiamai veikia \u0161ukavimo proces\u0105, kuris bus daug lengvesnis ir malonesnis.<\/p>\n<p><strong>Naudojimo b\u016bdas<\/strong>: Tepkite ant \u0161vari\u0173, dr\u0117gn\u0173 plauk\u0173 ir paskirstykite per vis\u0105 ilg\u012f, vengdami \u0161akn\u0173 zonos. Palikite 2-3 minutes, tada kruop\u0161\u010diai nuplaukite. Naudokite kiekvien\u0105 kart\u0105 plaudami.<\/p>\n<\/div>\n<div class=\"extra\">\n<p>Sud\u0117tis<\/p>\n<div>\n<p>Vanduo, cetearilo alkoholis, miristilo alkoholis, cetrimonio chloridas, dimetikonas, amodimetikonas, kokos\u0173 aliejus, kvie\u010di\u0173 aminor\u016bg\u0161tys, soj\u0173 aminor\u016bg\u0161tys, argininas HCL, serinas, Treoninas, PPG-3 kaprilo eteris, polikvaternis 37, trideceti-10, pieno r\u016bg\u0161tis, parfumas, natrio benzoatas, benzilo alkoholis, kalio sorbatas, fenoksietanolis, linalolis.<\/p>\n<\/div>\n<\/div>\n","protected":false},"excerpt":{"rendered":"<p>D\u0117l idealaus aminor\u016bg\u0161\u010di\u0173 santykio produkte vyksta teigiami poky\u010diai plauk\u0173 strukt\u016broje, kurie tampa glotnesni ir elastingesni. Balzamas suaktyvina pa\u017eeist\u0173 l\u0105steli\u0173 regeneracij\u0105 ir padeda suskilin\u0117jusiems galiukams. Rezultatas &#8211; lengviau valdomos ir pri\u017ei\u016br\u0117tos garbanos. Pa\u0161alinamos pernelyg didel\u0117s garbanos, o tai teigiamai veikia \u0161ukavimo proces\u0105, kuris bus daug lengvesnis ir malonesnis. Naudojimo b\u016bdas: Tepkite ant \u0161vari\u0173, dr\u0117gn\u0173 plauk\u0173 ir [&hellip;]<\/p>\n","protected":false},"featured_media":8559,"comment_status":"open","ping_status":"closed","template":"","meta":[],"product_brand":[],"product_cat":[211,212],"product_tag":[],"class_list":{"0":"post-8573","1":"product","2":"type-product","3":"status-publish","4":"has-post-thumbnail","6":"product_cat-hair-lt","7":"product_cat-kondicionieriai-balzamai","9":"first","10":"outofstock","11":"shipping-taxable","12":"purchasable","13":"product-type-simple"},"_links":{"self":[{"href":"https:\/\/beautysba.co.uk\/lt\/wp-json\/wp\/v2\/product\/8573","targetHints":{"allow":["GET"]}}],"collection":[{"href":"https:\/\/beautysba.co.uk\/lt\/wp-json\/wp\/v2\/product"}],"about":[{"href":"https:\/\/beautysba.co.uk\/lt\/wp-json\/wp\/v2\/types\/product"}],"replies":[{"embeddable":true,"href":"https:\/\/beautysba.co.uk\/lt\/wp-json\/wp\/v2\/comments?post=8573"}],"wp:featuredmedia":[{"embeddable":true,"href":"https:\/\/beautysba.co.uk\/lt\/wp-json\/wp\/v2\/media\/8559"}],"wp:attachment":[{"href":"https:\/\/beautysba.co.uk\/lt\/wp-json\/wp\/v2\/media?parent=8573"}],"wp:term":[{"taxonomy":"product_brand","embeddable":true,"href":"https:\/\/beautysba.co.uk\/lt\/wp-json\/wp\/v2\/product_brand?post=8573"},{"taxonomy":"product_cat","embeddable":true,"href":"https:\/\/beautysba.co.uk\/lt\/wp-json\/wp\/v2\/product_cat?post=8573"},{"taxonomy":"product_tag","embeddable":true,"href":"https:\/\/beautysba.co.uk\/lt\/wp-json\/wp\/v2\/product_tag?post=8573"}],"curies":[{"name":"wp","href":"https:\/\/api.w.org\/{rel}","templated":true}]}}