{"id":8581,"date":"2022-05-08T16:00:32","date_gmt":"2022-05-09T16:00:32","guid":{"rendered":"https:\/\/beautysba.co.uk\/?post_type=product&#038;p=8581"},"modified":"2022-05-07T14:17:09","modified_gmt":"2022-05-07T14:17:09","slug":"neutralizuojantis-gelsvas-sampunas-150ml","status":"publish","type":"product","link":"https:\/\/beautysba.co.uk\/lt\/produktas\/neutralizuojantis-gelsvas-sampunas-150ml\/","title":{"rendered":"Geltonum\u0105 neutralizuojantis \u0161amp\u016bnas 150ml"},"content":{"rendered":"<p>Tikras privalumas blondin\u0117ms! Geltonumo neutralizuojantis \u0161amp\u016bnas yra idealus sprendimas norint i\u0161laikyti v\u0117s\u0173 \u0161vies\u0173 atspalv\u012f. Specialiai parinkta violetini\u0173 pigment\u0173 kompozicija puikiai neutralizuoja nepageidaujamus geltonus atspalvius. Be Malvinos efekto.<\/p>\n<div id=\"rec162425140\" class=\"r t-rec\" data-animationappear=\"off\" data-record-type=\"396\">\n<div class=\"t396\">\n<div class=\"t396__artboard rendered\" data-artboard-recid=\"162425140\" data-artboard-height=\"114\" data-artboard-height-res-960=\"90\" data-artboard-height-res-640=\"98\" data-artboard-height-res-480=\"98\" data-artboard-height-res-320=\"138\" data-artboard-height_vh=\"\" data-artboard-valign=\"center\" data-artboard-upscale=\"\" data-artboard-ovrflw=\"\" data-artboard-proxy-min-offset-top=\"0\" data-artboard-proxy-min-height=\"114\" data-artboard-proxy-max-height=\"114\">\n<div class=\"t396__elem tn-elem tn-elem__1624251401568997001465\" data-elem-id=\"1568997001465\" data-elem-type=\"text\" data-field-top-value=\"16\" data-field-top-res-960-value=\"16\" data-field-top-res-640-value=\"12\" data-field-top-res-480-value=\"12\" data-field-top-res-320-value=\"10\" data-field-left-value=\"320\" data-field-left-res-960-value=\"170\" data-field-left-res-640-value=\"90\" data-field-left-res-480-value=\"10\" data-field-left-res-320-value=\"10\" data-field-width-value=\"560\" data-field-width-res-960-value=\"620\" data-field-width-res-640-value=\"460\" data-field-width-res-480-value=\"460\" data-field-width-res-320-value=\"300\" data-field-axisy-value=\"top\" data-field-axisx-value=\"left\" data-field-container-value=\"grid\" data-field-topunits-value=\"px\" data-field-leftunits-value=\"px\" data-field-heightunits-value=\"\" data-field-widthunits-value=\"px\" data-fields=\"top,left,width,container,axisx,axisy,widthunits,leftunits,topunits\">\n<div class=\"tn-atom\">&#8220;Yellow Neutralising Shampoo&#8221; u\u017etikrina pagrindin\u0119 plauk\u0173 prie\u017ei\u016br\u0105, \u0161velniai valo plaukus nuo ne\u0161varum\u0173. Veikliosios med\u017eiagos palengvina plauk\u0173 \u0161ukavim\u0105 ir dr\u0117kinim\u0105.<\/div>\n<\/div>\n<\/div>\n<\/div>\n<\/div>\n<div id=\"rec162425141\" class=\"r t-rec\" data-animationappear=\"off\" data-record-type=\"396\">\n<div class=\"t396\">\n<div class=\"t396__artboard rendered\" data-artboard-recid=\"162425141\" data-artboard-height=\"48\" data-artboard-height-res-640=\"32\" data-artboard-height-res-480=\"32\" data-artboard-height-res-320=\"32\" data-artboard-height_vh=\"\" data-artboard-valign=\"center\" data-artboard-upscale=\"\" data-artboard-ovrflw=\"\" data-artboard-proxy-min-offset-top=\"0\" data-artboard-proxy-min-height=\"48\" data-artboard-proxy-max-height=\"48\">\n<div class=\"t396__carrier\" data-artboard-recid=\"162425141\"><\/div>\n<div class=\"t396__filter\" data-artboard-recid=\"162425141\">Rekomendacijos<\/div>\n<\/div>\n<\/div>\n<\/div>\n<div id=\"rec162425151\" class=\"r t-rec\" data-animationappear=\"off\" data-record-type=\"396\">\n<div class=\"t396\">\n<div class=\"t396__artboard rendered\" data-artboard-recid=\"162425151\" data-artboard-height=\"80\" data-artboard-height-res-960=\"80\" data-artboard-height-res-640=\"98\" data-artboard-height-res-480=\"98\" data-artboard-height-res-320=\"160\" data-artboard-height_vh=\"\" data-artboard-valign=\"center\" data-artboard-upscale=\"\" data-artboard-ovrflw=\"\" data-artboard-proxy-min-offset-top=\"0\" data-artboard-proxy-min-height=\"80\" data-artboard-proxy-max-height=\"80\">\n<div class=\"t396__filter\" data-artboard-recid=\"162425151\">Nor\u0117dami neutralizuoti nedidel\u012f pageltim\u0105 ir i\u0161laikyti \u0161alt\u0105 \u0161vies\u0173 atspalv\u012f, naudokite kart\u0105 arba du kartus per savait\u0119. Jei norite papildomos prie\u017ei\u016bros po tonavimo, naudokite \u012fprast\u0105 plauk\u0173 kondicionieri\u0173.<\/div>\n<\/div>\n<\/div>\n<\/div>\n<div id=\"rec162425152\" class=\"r t-rec\" data-animationappear=\"off\" data-record-type=\"396\">\n<div class=\"t396\">\n<div class=\"t396__artboard rendered\" data-artboard-recid=\"162425152\" data-artboard-height=\"172\" data-artboard-height-res-960=\"154\" data-artboard-height-res-640=\"194\" data-artboard-height-res-480=\"194\" data-artboard-height-res-320=\"266\" data-artboard-height_vh=\"\" data-artboard-valign=\"center\" data-artboard-upscale=\"\" data-artboard-ovrflw=\"\" data-artboard-proxy-min-offset-top=\"0\" data-artboard-proxy-min-height=\"172\" data-artboard-proxy-max-height=\"172\">\n<div class=\"t396__carrier\" data-artboard-recid=\"162425152\"><\/div>\n<div class=\"t396__filter\" data-artboard-recid=\"162425152\"><\/div>\n<div class=\"t396__elem tn-elem tn-elem__1624251521568997001465\" data-elem-id=\"1568997001465\" data-elem-type=\"text\" data-field-top-value=\"46\" data-field-top-res-960-value=\"48\" data-field-top-res-640-value=\"46\" data-field-top-res-480-value=\"46\" data-field-top-res-320-value=\"36\" data-field-left-value=\"320\" data-field-left-res-960-value=\"170\" data-field-left-res-640-value=\"90\" data-field-left-res-480-value=\"10\" data-field-left-res-320-value=\"10\" data-field-width-value=\"560\" data-field-width-res-960-value=\"610\" data-field-width-res-640-value=\"460\" data-field-width-res-480-value=\"460\" data-field-width-res-320-value=\"300\" data-field-axisy-value=\"top\" data-field-axisx-value=\"left\" data-field-container-value=\"grid\" data-field-topunits-value=\"px\" data-field-leftunits-value=\"px\" data-field-heightunits-value=\"\" data-field-widthunits-value=\"px\" data-fields=\"top,left,width,container,axisx,axisy,widthunits,leftunits,topunits\">\n<div class=\"tn-atom\">Mas\u0117s spalva neturi jokios \u012ftakos rezultatui ir nesuteikia jokio atspalvio! Patekus \u012f akis, nuplaukite \u0161variu vandeniu. Prie\u0161 naudojim\u0105 patikrinkite, ar n\u0117ra alergini\u0173 reakcij\u0173. Jei da\u017eai patenka ant interjero daikt\u0173 ir vonios pavir\u0161iaus, nuplaukite juos sanitarini\u0173 gamini\u0173 valikliu.<\/div>\n<\/div>\n<div class=\"t396__elem tn-elem tn-elem__1624251521570805499856\" data-elem-id=\"1570805499856\" data-elem-type=\"text\" data-field-top-value=\"16\" data-field-top-res-960-value=\"16\" data-field-top-res-640-value=\"16\" data-field-top-res-480-value=\"16\" data-field-top-res-320-value=\"10\" data-field-left-value=\"320\" data-field-left-res-960-value=\"170\" data-field-left-res-640-value=\"90\" data-field-left-res-480-value=\"10\" data-field-left-res-320-value=\"10\" data-field-width-value=\"560\" data-field-width-res-960-value=\"620\" data-field-width-res-640-value=\"460\" data-field-width-res-480-value=\"460\" data-field-width-res-320-value=\"300\" data-field-axisy-value=\"top\" data-field-axisx-value=\"left\" data-field-container-value=\"grid\" data-field-topunits-value=\"px\" data-field-leftunits-value=\"px\" data-field-heightunits-value=\"\" data-field-widthunits-value=\"px\" data-fields=\"top,left,width,container,axisx,axisy,widthunits,leftunits,topunits\">\n<div><\/div>\n<div class=\"tn-atom\">Taikymas<\/div>\n<\/div>\n<\/div>\n<\/div>\n<\/div>\n<div id=\"rec162425156\" class=\"r t-rec\" data-animationappear=\"off\" data-record-type=\"396\">\n<div class=\"t396\">\n<div class=\"t396__artboard rendered\" data-artboard-recid=\"162425156\" data-artboard-height=\"126\" data-artboard-height-res-960=\"104\" data-artboard-height-res-640=\"126\" data-artboard-height-res-480=\"126\" data-artboard-height-res-320=\"210\" data-artboard-height_vh=\"\" data-artboard-valign=\"center\" data-artboard-upscale=\"\" data-artboard-ovrflw=\"\" data-artboard-proxy-min-offset-top=\"0\" data-artboard-proxy-min-height=\"126\" data-artboard-proxy-max-height=\"126\">\n<div class=\"t396__elem tn-elem tn-elem__1624251561568997001465\" data-elem-id=\"1568997001465\" data-elem-type=\"text\" data-field-top-value=\"40\" data-field-top-res-960-value=\"40\" data-field-top-res-640-value=\"40\" data-field-top-res-480-value=\"40\" data-field-top-res-320-value=\"40\" data-field-left-value=\"392\" data-field-left-res-960-value=\"252\" data-field-left-res-640-value=\"162\" data-field-left-res-480-value=\"80\" data-field-left-res-320-value=\"66\" data-field-width-value=\"488\" data-field-width-res-960-value=\"540\" data-field-width-res-640-value=\"388\" data-field-width-res-480-value=\"390\" data-field-width-res-320-value=\"244\" data-field-axisy-value=\"top\" data-field-axisx-value=\"left\" data-field-container-value=\"grid\" data-field-topunits-value=\"px\" data-field-leftunits-value=\"px\" data-field-heightunits-value=\"\" data-field-widthunits-value=\"px\" data-fields=\"top,left,width,container,axisx,axisy,widthunits,leftunits,topunits\">\n<div class=\"tn-atom\">Galima naudoti vietoj plauk\u0173 \u0161amp\u016bno. Naudokite pir\u0161tines ir rank\u0161luost\u012f, kad apsaugotum\u0117te savo drabu\u017eius. Tepkite ant dr\u0117gn\u0173 plauk\u0173 ir tolygiai paskirstykite.<\/div>\n<\/div>\n<div class=\"t396__elem tn-elem tn-elem__1624251561571151080170\" data-elem-id=\"1571151080170\" data-elem-type=\"shape\" data-field-top-value=\"0\" data-field-top-res-960-value=\"0\" data-field-top-res-640-value=\"0\" data-field-top-res-480-value=\"0\" data-field-left-value=\"320\" data-field-left-res-960-value=\"170\" data-field-left-res-640-value=\"90\" data-field-left-res-480-value=\"10\" data-field-height-value=\"48\" data-field-height-res-320-value=\"40\" data-field-width-value=\"48\" data-field-width-res-320-value=\"40\" data-field-axisy-value=\"top\" data-field-axisx-value=\"left\" data-field-container-value=\"grid\" data-field-topunits-value=\"px\" data-field-leftunits-value=\"px\" data-field-heightunits-value=\"px\" data-field-widthunits-value=\"px\" data-fields=\"width,height,top,left,container,axisx,axisy,widthunits,heightunits,leftunits,topunits\">\n<div class=\"tn-atom\">Laikymo laikas<\/div>\n<\/div>\n<\/div>\n<\/div>\n<\/div>\n<div id=\"rec162425159\" class=\"r t-rec\" data-animationappear=\"off\" data-record-type=\"396\">\n<div class=\"t396\">\n<div class=\"t396__artboard rendered\" data-artboard-recid=\"162425159\" data-artboard-height=\"32\" data-artboard-height-res-640=\"24\" data-artboard-height-res-480=\"24\" data-artboard-height-res-320=\"24\" data-artboard-height_vh=\"\" data-artboard-valign=\"center\" data-artboard-upscale=\"\" data-artboard-ovrflw=\"\" data-artboard-proxy-min-offset-top=\"0\" data-artboard-proxy-min-height=\"32\" data-artboard-proxy-max-height=\"32\">\n<div class=\"t396__filter\" data-artboard-recid=\"162425159\">Iki trij\u0173 minu\u010di\u0173<\/div>\n<\/div>\n<\/div>\n<\/div>\n<div id=\"rec162425160\" class=\"r t-rec\" data-animationappear=\"off\" data-record-type=\"396\">\n<div class=\"t396\">\n<div class=\"t396__artboard rendered\" data-artboard-recid=\"162425160\" data-artboard-height=\"114\" data-artboard-height-res-960=\"114\" data-artboard-height-res-640=\"114\" data-artboard-height-res-480=\"114\" data-artboard-height-res-320=\"174\" data-artboard-height_vh=\"\" data-artboard-valign=\"center\" data-artboard-upscale=\"\" data-artboard-ovrflw=\"\" data-artboard-proxy-min-offset-top=\"0\" data-artboard-proxy-min-height=\"114\" data-artboard-proxy-max-height=\"114\">\n<div class=\"t396__elem tn-elem tn-elem__1624251601568997001465\" data-elem-id=\"1568997001465\" data-elem-type=\"text\" data-field-top-value=\"40\" data-field-top-res-960-value=\"40\" data-field-top-res-640-value=\"40\" data-field-top-res-480-value=\"40\" data-field-top-res-320-value=\"40\" data-field-left-value=\"392\" data-field-left-res-960-value=\"252\" data-field-left-res-640-value=\"162\" data-field-left-res-480-value=\"80\" data-field-left-res-320-value=\"66\" data-field-width-value=\"488\" data-field-width-res-960-value=\"540\" data-field-width-res-640-value=\"388\" data-field-width-res-480-value=\"390\" data-field-width-res-320-value=\"244\" data-field-axisy-value=\"top\" data-field-axisx-value=\"left\" data-field-container-value=\"grid\" data-field-topunits-value=\"px\" data-field-leftunits-value=\"px\" data-field-heightunits-value=\"\" data-field-widthunits-value=\"px\" data-fields=\"top,left,width,container,axisx,axisy,widthunits,leftunits,topunits\">\n<div class=\"tn-atom\">Pasibaigus \u0161iam laikui, plaukite plaukus \u0161iltu vandeniu.<br \/>\nNaudokite balzam\u0105 ar kondicionieri\u0173<br \/>\npapildomai plauk\u0173 prie\u017ei\u016brai.<\/div>\n<\/div>\n<div class=\"t396__elem tn-elem tn-elem__1624251601571151080170\" data-elem-id=\"1571151080170\" data-elem-type=\"shape\" data-field-top-value=\"0\" data-field-top-res-960-value=\"0\" data-field-top-res-640-value=\"0\" data-field-top-res-480-value=\"0\" data-field-left-value=\"320\" data-field-left-res-960-value=\"170\" data-field-left-res-640-value=\"90\" data-field-left-res-480-value=\"10\" data-field-height-value=\"48\" data-field-height-res-320-value=\"40\" data-field-width-value=\"48\" data-field-width-res-320-value=\"40\" data-field-axisy-value=\"top\" data-field-axisx-value=\"left\" data-field-container-value=\"grid\" data-field-topunits-value=\"px\" data-field-leftunits-value=\"px\" data-field-heightunits-value=\"px\" data-field-widthunits-value=\"px\" data-fields=\"width,height,top,left,container,axisx,axisy,widthunits,heightunits,leftunits,topunits\">\n<div><\/div>\n<div class=\"tn-atom\">Sud\u0117tis<\/div>\n<\/div>\n<\/div>\n<\/div>\n<\/div>\n<div id=\"rec162425174\" class=\"r t-rec\" data-animationappear=\"off\" data-record-type=\"396\">\n<div class=\"t396\">\n<div class=\"t396__artboard rendered\" data-artboard-recid=\"162425174\" data-artboard-height=\"144\" data-artboard-height-res-960=\"124\" data-artboard-height-res-640=\"162\" data-artboard-height-res-480=\"162\" data-artboard-height-res-320=\"264\" data-artboard-height_vh=\"\" data-artboard-valign=\"center\" data-artboard-upscale=\"\" data-artboard-ovrflw=\"\" data-artboard-proxy-min-offset-top=\"0\" data-artboard-proxy-min-height=\"144\" data-artboard-proxy-max-height=\"144\">\n<div class=\"t396__elem tn-elem tn-elem__1624251741568997001465\" data-elem-id=\"1568997001465\" data-elem-type=\"text\" data-field-top-value=\"16\" data-field-top-res-960-value=\"16\" data-field-top-res-640-value=\"12\" data-field-top-res-480-value=\"12\" data-field-top-res-320-value=\"10\" data-field-left-value=\"320\" data-field-left-res-960-value=\"170\" data-field-left-res-640-value=\"90\" data-field-left-res-480-value=\"10\" data-field-left-res-320-value=\"10\" data-field-width-value=\"560\" data-field-width-res-960-value=\"620\" data-field-width-res-640-value=\"460\" data-field-width-res-480-value=\"460\" data-field-width-res-320-value=\"300\" data-field-axisy-value=\"top\" data-field-axisx-value=\"left\" data-field-container-value=\"grid\" data-field-topunits-value=\"px\" data-field-leftunits-value=\"px\" data-field-heightunits-value=\"\" data-field-widthunits-value=\"px\" data-fields=\"top,left,width,container,axisx,axisy,widthunits,leftunits,topunits\">\n<div class=\"tn-atom\">Vanduo, natrio laureto sulfatas, kokamidopropilbetainas, laurilo gliukozidas, natrio chloridas, PEG-7 glicerilo kokaatas, glicerinas, alavijo Barbadensio ekstraktas, stireno \/ akrilat\u0173 kopolimeras, hidroksipropilo guaras, hidroksipropilglicerilchloridas, chloro chloridas, chloro chloridas 43.<\/div>\n<\/div>\n<\/div>\n<\/div>\n<\/div>\n<div id=\"rec162425164\" class=\"r t-rec\" data-animationappear=\"off\" data-record-type=\"396\">\n<div class=\"t396\">\n<div class=\"t396__artboard rendered\" data-artboard-recid=\"162425164\" data-artboard-height=\"64\" data-artboard-height-res-640=\"48\" data-artboard-height-res-320=\"32\" data-artboard-height_vh=\"\" data-artboard-valign=\"center\" data-artboard-upscale=\"\" data-artboard-ovrflw=\"\" data-artboard-proxy-min-offset-top=\"0\" data-artboard-proxy-min-height=\"64\" data-artboard-proxy-max-height=\"64\">\n<div class=\"t396__carrier\" data-artboard-recid=\"162425164\"><\/div>\n<\/div>\n<\/div>\n<\/div>\n","protected":false},"excerpt":{"rendered":"<p>Tikras privalumas blondin\u0117ms! Geltonumo neutralizuojantis \u0161amp\u016bnas yra idealus sprendimas norint i\u0161laikyti v\u0117s\u0173 \u0161vies\u0173 atspalv\u012f. Specialiai parinkta violetini\u0173 pigment\u0173 kompozicija puikiai neutralizuoja nepageidaujamus geltonus atspalvius. Be Malvinos efekto. &#8220;Yellow Neutralising Shampoo&#8221; u\u017etikrina pagrindin\u0119 plauk\u0173 prie\u017ei\u016br\u0105, \u0161velniai valo plaukus nuo ne\u0161varum\u0173. Veikliosios med\u017eiagos palengvina plauk\u0173 \u0161ukavim\u0105 ir dr\u0117kinim\u0105. Rekomendacijos Nor\u0117dami neutralizuoti nedidel\u012f pageltim\u0105 ir i\u0161laikyti \u0161alt\u0105 \u0161vies\u0173 [&hellip;]<\/p>\n","protected":false},"featured_media":8579,"comment_status":"open","ping_status":"closed","template":"","meta":[],"product_brand":[],"product_cat":[211,125,213,216],"product_tag":[],"class_list":{"0":"post-8581","1":"product","2":"type-product","3":"status-publish","4":"has-post-thumbnail","6":"product_cat-hair-lt","7":"product_cat-ispardavimas","8":"product_cat-plauku-dazai","9":"product_cat-sampunai","11":"first","12":"outofstock","13":"sale","14":"shipping-taxable","15":"purchasable","16":"product-type-simple"},"_links":{"self":[{"href":"https:\/\/beautysba.co.uk\/lt\/wp-json\/wp\/v2\/product\/8581","targetHints":{"allow":["GET"]}}],"collection":[{"href":"https:\/\/beautysba.co.uk\/lt\/wp-json\/wp\/v2\/product"}],"about":[{"href":"https:\/\/beautysba.co.uk\/lt\/wp-json\/wp\/v2\/types\/product"}],"replies":[{"embeddable":true,"href":"https:\/\/beautysba.co.uk\/lt\/wp-json\/wp\/v2\/comments?post=8581"}],"wp:featuredmedia":[{"embeddable":true,"href":"https:\/\/beautysba.co.uk\/lt\/wp-json\/wp\/v2\/media\/8579"}],"wp:attachment":[{"href":"https:\/\/beautysba.co.uk\/lt\/wp-json\/wp\/v2\/media?parent=8581"}],"wp:term":[{"taxonomy":"product_brand","embeddable":true,"href":"https:\/\/beautysba.co.uk\/lt\/wp-json\/wp\/v2\/product_brand?post=8581"},{"taxonomy":"product_cat","embeddable":true,"href":"https:\/\/beautysba.co.uk\/lt\/wp-json\/wp\/v2\/product_cat?post=8581"},{"taxonomy":"product_tag","embeddable":true,"href":"https:\/\/beautysba.co.uk\/lt\/wp-json\/wp\/v2\/product_tag?post=8581"}],"curies":[{"name":"wp","href":"https:\/\/api.w.org\/{rel}","templated":true}]}}