{"id":8587,"date":"2022-05-08T16:00:26","date_gmt":"2022-05-09T16:00:26","guid":{"rendered":"https:\/\/beautysba.co.uk\/?post_type=product&#038;p=8587"},"modified":"2022-05-07T14:21:57","modified_gmt":"2022-05-07T14:21:57","slug":"neutralizuojantis-geltonuojantis-balzamas-150ml","status":"publish","type":"product","link":"https:\/\/beautysba.co.uk\/lt\/produktas\/neutralizuojantis-geltonuojantis-balzamas-150ml\/","title":{"rendered":"Geltonumo neutralizatorius , balzamas 150ml"},"content":{"rendered":"<p>Tikras privalumas blondin\u0117ms! Neutralizuojantis gelsv\u0105 spalv\u0105 balzamas pad\u0117s i\u0161laikyti kri\u0161tolo skaidrumo \u0161viesi\u0105 spalv\u0105. Violetiniai pigmentai puikiai neutralizuoja nepageidaujamus vario ir geltonus atspalvius. Be Malvinos efekto.<\/p>\n<p>D\u0117l puikiai deran\u010di\u0173 pigment\u0173 derinio, plauk\u0173 atspalvio balzamas \u0161velniai tonizuoja. Veikliosios med\u017eiagos palengvina plauk\u0173 \u0161ukavim\u0105 ir dr\u0117kinim\u0105.<\/p>\n<div id=\"rec162425188\" class=\"r t-rec\" data-animationappear=\"off\" data-record-type=\"396\">\n<div class=\"t396\">\n<div class=\"t396__artboard rendered\" data-artboard-recid=\"162425188\" data-artboard-height=\"62\" data-artboard-height-res-960=\"62\" data-artboard-height-res-640=\"38\" data-artboard-height-res-320=\"30\" data-artboard-height_vh=\"\" data-artboard-valign=\"center\" data-artboard-upscale=\"\" data-artboard-ovrflw=\"\" data-artboard-proxy-min-offset-top=\"0\" data-artboard-proxy-min-height=\"62\" data-artboard-proxy-max-height=\"62\">\n<div class=\"t396__elem tn-elem tn-elem__1624251881568997001465\" data-elem-id=\"1568997001465\" data-elem-type=\"text\" data-field-top-value=\"0\" data-field-top-res-960-value=\"0\" data-field-top-res-640-value=\"0\" data-field-top-res-480-value=\"0\" data-field-top-res-320-value=\"0\" data-field-left-value=\"320\" data-field-left-res-960-value=\"170\" data-field-left-res-640-value=\"90\" data-field-left-res-480-value=\"10\" data-field-left-res-320-value=\"10\" data-field-width-value=\"560\" data-field-width-res-960-value=\"620\" data-field-width-res-640-value=\"460\" data-field-width-res-480-value=\"460\" data-field-width-res-320-value=\"300\" data-field-axisy-value=\"top\" data-field-axisx-value=\"left\" data-field-container-value=\"grid\" data-field-topunits-value=\"\" data-field-leftunits-value=\"\" data-field-heightunits-value=\"\" data-field-widthunits-value=\"\" data-fields=\"top,left,width,container,axisx,axisy,widthunits,leftunits,topunits\">\n<h2 class=\"tn-atom\">Rekomendacijos<\/h2>\n<\/div>\n<\/div>\n<\/div>\n<\/div>\n<div id=\"rec162425189\" class=\"r t-rec\" data-animationappear=\"off\" data-record-type=\"396\">\n<div class=\"t396\">\n<div class=\"t396__artboard rendered\" data-artboard-recid=\"162425189\" data-artboard-height=\"100\" data-artboard-height-res-960=\"80\" data-artboard-height-res-640=\"98\" data-artboard-height-res-480=\"98\" data-artboard-height-res-320=\"160\" data-artboard-height_vh=\"\" data-artboard-valign=\"center\" data-artboard-upscale=\"\" data-artboard-ovrflw=\"\" data-artboard-proxy-min-offset-top=\"0\" data-artboard-proxy-min-height=\"100\" data-artboard-proxy-max-height=\"100\">\n<div class=\"t396__carrier\" data-artboard-recid=\"162425189\"><\/div>\n<div class=\"t396__filter\" data-artboard-recid=\"162425189\"><\/div>\n<div class=\"t396__elem tn-elem tn-elem__1624251891568997001465\" data-elem-id=\"1568997001465\" data-elem-type=\"text\" data-field-top-value=\"16\" data-field-top-res-960-value=\"16\" data-field-top-res-640-value=\"12\" data-field-top-res-480-value=\"12\" data-field-top-res-320-value=\"10\" data-field-left-value=\"320\" data-field-left-res-960-value=\"170\" data-field-left-res-640-value=\"90\" data-field-left-res-480-value=\"10\" data-field-left-res-320-value=\"10\" data-field-width-value=\"560\" data-field-width-res-960-value=\"620\" data-field-width-res-640-value=\"460\" data-field-width-res-480-value=\"460\" data-field-width-res-320-value=\"300\" data-field-axisy-value=\"top\" data-field-axisx-value=\"left\" data-field-container-value=\"grid\" data-field-topunits-value=\"px\" data-field-leftunits-value=\"px\" data-field-heightunits-value=\"\" data-field-widthunits-value=\"px\" data-fields=\"top,left,width,container,axisx,axisy,widthunits,leftunits,topunits\">\n<div class=\"tn-atom\">Svarbu pasirinkti jums reikaling\u0105 naudojimo b\u016bd\u0105 ir tinkam\u0105 ekspozicijos laik\u0105, atsi\u017evelgiant \u012f plauk\u0173 \u0161viesinimo laipsn\u012f. Nor\u0117dami i\u0161laikyti \u0161alt\u0105 \u0161vies\u0173 atspalv\u012f, naudokite 1-2 kartus per savait\u0119.<\/div>\n<\/div>\n<\/div>\n<\/div>\n<\/div>\n<div id=\"rec162425207\" class=\"r t-rec\" data-animationappear=\"off\" data-record-type=\"396\">\n<div class=\"t396\">\n<div class=\"t396__artboard rendered\" data-artboard-recid=\"162425207\" data-artboard-height=\"172\" data-artboard-height-res-960=\"154\" data-artboard-height-res-640=\"194\" data-artboard-height-res-480=\"194\" data-artboard-height-res-320=\"266\" data-artboard-height_vh=\"\" data-artboard-valign=\"center\" data-artboard-upscale=\"\" data-artboard-ovrflw=\"\" data-artboard-proxy-min-offset-top=\"0\" data-artboard-proxy-min-height=\"172\" data-artboard-proxy-max-height=\"172\">\n<div class=\"t396__carrier\" data-artboard-recid=\"162425207\"><\/div>\n<div class=\"t396__filter\" data-artboard-recid=\"162425207\"><\/div>\n<div class=\"t396__elem tn-elem tn-elem__1624252071568997001465\" data-elem-id=\"1568997001465\" data-elem-type=\"text\" data-field-top-value=\"46\" data-field-top-res-960-value=\"48\" data-field-top-res-640-value=\"46\" data-field-top-res-480-value=\"46\" data-field-top-res-320-value=\"36\" data-field-left-value=\"320\" data-field-left-res-960-value=\"170\" data-field-left-res-640-value=\"90\" data-field-left-res-480-value=\"10\" data-field-left-res-320-value=\"10\" data-field-width-value=\"550\" data-field-width-res-960-value=\"610\" data-field-width-res-640-value=\"460\" data-field-width-res-480-value=\"460\" data-field-width-res-320-value=\"300\" data-field-axisy-value=\"top\" data-field-axisx-value=\"left\" data-field-container-value=\"grid\" data-field-topunits-value=\"px\" data-field-leftunits-value=\"px\" data-field-heightunits-value=\"\" data-field-widthunits-value=\"px\" data-fields=\"top,left,width,container,axisx,axisy,widthunits,leftunits,topunits\">\n<div class=\"tn-atom\">D\u0117l to kondicionieriaus spalva gali skirtis nuo plauk\u0173 atspalvio. Patekus \u012f akis, nuplaukite \u0161variu vandeniu. Prie\u0161 naudojim\u0105 patikrinkite, ar n\u0117ra alergini\u0173 reakcij\u0173. Jei da\u017eai patenka ant interjero daikt\u0173 ir vonios pavir\u0161iaus, nuplaukite juos sanitarini\u0173 gamini\u0173 valikliu.<\/div>\n<div>\n<h2 class=\"tn-atom\">Taikymas<\/h2>\n<div class=\"t396__elem tn-elem tn-elem__1624252081568997001465\" data-elem-id=\"1568997001465\" data-elem-type=\"text\" data-field-top-value=\"40\" data-field-top-res-960-value=\"40\" data-field-top-res-640-value=\"40\" data-field-top-res-480-value=\"40\" data-field-top-res-320-value=\"40\" data-field-left-value=\"392\" data-field-left-res-960-value=\"252\" data-field-left-res-640-value=\"162\" data-field-left-res-480-value=\"80\" data-field-left-res-320-value=\"66\" data-field-width-value=\"488\" data-field-width-res-960-value=\"540\" data-field-width-res-640-value=\"388\" data-field-width-res-480-value=\"390\" data-field-width-res-320-value=\"244\" data-field-axisy-value=\"top\" data-field-axisx-value=\"left\" data-field-container-value=\"grid\" data-field-topunits-value=\"px\" data-field-leftunits-value=\"px\" data-field-heightunits-value=\"\" data-field-widthunits-value=\"px\" data-fields=\"top,left,width,container,axisx,axisy,widthunits,leftunits,topunits\">\n<div class=\"tn-atom\">Naudokite pir\u0161tines ir rank\u0161luost\u012f, kad apsaugotum\u0117te savo drabu\u017eius. Tepkite rieb\u0173 krem\u0105 i\u0161ilgai plauk\u0173 linijos ir ant aus\u0173, kad nesuteptum\u0117te odos. U\u017etepkite balzamo ant \u0161vari\u0173, dr\u0117gn\u0173 plauk\u0173 ir tolygiai paskirstykite.<\/div>\n<\/div>\n<div class=\"t396__elem tn-elem tn-elem__1624252081571151080170\" data-elem-id=\"1571151080170\" data-elem-type=\"shape\" data-field-top-value=\"0\" data-field-top-res-960-value=\"0\" data-field-top-res-640-value=\"0\" data-field-top-res-480-value=\"0\" data-field-left-value=\"320\" data-field-left-res-960-value=\"170\" data-field-left-res-640-value=\"90\" data-field-left-res-480-value=\"10\" data-field-height-value=\"48\" data-field-height-res-320-value=\"40\" data-field-width-value=\"48\" data-field-width-res-320-value=\"40\" data-field-axisy-value=\"top\" data-field-axisx-value=\"left\" data-field-container-value=\"grid\" data-field-topunits-value=\"px\" data-field-leftunits-value=\"px\" data-field-heightunits-value=\"px\" data-field-widthunits-value=\"px\" data-fields=\"width,height,top,left,container,axisx,axisy,widthunits,heightunits,leftunits,topunits\">\n<div><\/div>\n<div class=\"tn-atom\">Laikymo laikas<\/div>\n<\/div>\n<div class=\"t396__elem tn-elem tn-elem__1624252081571152399623\" data-elem-id=\"1571152399623\" data-elem-type=\"text\" data-field-top-value=\"12\" data-field-top-res-960-value=\"12\" data-field-top-res-640-value=\"14\" data-field-top-res-480-value=\"14\" data-field-top-res-320-value=\"10\" data-field-left-value=\"392\" data-field-left-res-960-value=\"252\" data-field-left-res-640-value=\"162\" data-field-left-res-480-value=\"80\" data-field-left-res-320-value=\"66\" data-field-width-value=\"448\" data-field-width-res-960-value=\"540\" data-field-width-res-640-value=\"388\" data-field-width-res-480-value=\"390\" data-field-width-res-320-value=\"244\" data-field-axisy-value=\"top\" data-field-axisx-value=\"left\" data-field-container-value=\"grid\" data-field-topunits-value=\"px\" data-field-leftunits-value=\"px\" data-field-heightunits-value=\"\" data-field-widthunits-value=\"px\" data-fields=\"top,left,width,container,axisx,axisy,widthunits,leftunits,topunits\">\n<div class=\"t396__elem tn-elem tn-elem__1624252091568997001465\" data-elem-id=\"1568997001465\" data-elem-type=\"text\" data-field-top-value=\"40\" data-field-top-res-960-value=\"40\" data-field-top-res-640-value=\"40\" data-field-top-res-480-value=\"40\" data-field-top-res-320-value=\"40\" data-field-left-value=\"392\" data-field-left-res-960-value=\"250\" data-field-left-res-640-value=\"162\" data-field-left-res-480-value=\"80\" data-field-left-res-320-value=\"66\" data-field-width-value=\"488\" data-field-width-res-960-value=\"540\" data-field-width-res-640-value=\"388\" data-field-width-res-480-value=\"390\" data-field-width-res-320-value=\"244\" data-field-axisy-value=\"top\" data-field-axisx-value=\"left\" data-field-container-value=\"grid\" data-field-topunits-value=\"px\" data-field-leftunits-value=\"px\" data-field-heightunits-value=\"\" data-field-widthunits-value=\"px\" data-fields=\"top,left,width,container,axisx,axisy,widthunits,leftunits,topunits\">\n<div class=\"tn-atom\">&#8211; Iki 3-5 minu\u010di\u0173 neutralizuoti nedidel\u012f pageltim\u0105;<br \/>\n&#8211; Iki 10 minu\u010di\u0173, kad neutralizuotum\u0117te ry\u0161kesn\u012f pageltim\u0105;<br \/>\n&#8211; Iki 30 minu\u010di\u0173 neutralizuokite pageltim\u0105 ir suteikite plaukams v\u0117sesn\u012f atspalv\u012f.<\/div>\n<\/div>\n<div class=\"t396__elem tn-elem tn-elem__1624252091571151080170\" data-elem-id=\"1571151080170\" data-elem-type=\"shape\" data-field-top-value=\"0\" data-field-top-res-960-value=\"0\" data-field-top-res-640-value=\"0\" data-field-top-res-480-value=\"0\" data-field-left-value=\"320\" data-field-left-res-960-value=\"170\" data-field-left-res-640-value=\"90\" data-field-left-res-480-value=\"10\" data-field-height-value=\"48\" data-field-height-res-320-value=\"40\" data-field-width-value=\"48\" data-field-width-res-320-value=\"40\" data-field-axisy-value=\"top\" data-field-axisx-value=\"left\" data-field-container-value=\"grid\" data-field-topunits-value=\"px\" data-field-leftunits-value=\"px\" data-field-heightunits-value=\"px\" data-field-widthunits-value=\"px\" data-fields=\"width,height,top,left,container,axisx,axisy,widthunits,heightunits,leftunits,topunits\">\n<div class=\"tn-atom\"><\/div>\n<\/div>\n<div class=\"t396__elem tn-elem tn-elem__1624252091571152667301\" data-elem-id=\"1571152667301\" data-elem-type=\"text\" data-field-top-value=\"130\" data-field-top-res-960-value=\"130\" data-field-top-res-640-value=\"151\" data-field-top-res-480-value=\"152\" data-field-top-res-320-value=\"215\" data-field-left-value=\"392\" data-field-left-res-960-value=\"250\" data-field-left-res-640-value=\"162\" data-field-left-res-480-value=\"80\" data-field-left-res-320-value=\"66\" data-field-width-value=\"428\" data-field-width-res-960-value=\"540\" data-field-width-res-640-value=\"388\" data-field-width-res-480-value=\"390\" data-field-width-res-320-value=\"244\" data-field-axisy-value=\"top\" data-field-axisx-value=\"left\" data-field-container-value=\"grid\" data-field-topunits-value=\"px\" data-field-leftunits-value=\"px\" data-field-heightunits-value=\"\" data-field-widthunits-value=\"px\" data-fields=\"top,left,width,container,axisx,axisy,widthunits,leftunits,topunits\">\n<div class=\"tn-atom\">Stipriai \u0161viesintiems plaukams gelton\u0105 neutralizuojant\u012f balzam\u0105 rekomenduojame skiesti \u012fprastu balzamu santykiu 1\/3 (1 dalis toniko, 3 dalys \u012fprasto balzamo). Laikymo laikas iki 5 minu\u010di\u0173.<\/div>\n<div><\/div>\n<div class=\"tn-atom\">Po da\u017eymo<\/div>\n<div>\n<div id=\"rec162425210\" class=\"r t-rec\" data-animationappear=\"off\" data-record-type=\"396\">\n<div class=\"t396\">\n<div class=\"t396__artboard rendered\" data-artboard-recid=\"162425210\" data-artboard-height=\"126\" data-artboard-height-res-960=\"126\" data-artboard-height-res-640=\"146\" data-artboard-height-res-480=\"146\" data-artboard-height-res-320=\"210\" data-artboard-height_vh=\"\" data-artboard-valign=\"center\" data-artboard-upscale=\"\" data-artboard-ovrflw=\"\" data-artboard-proxy-min-offset-top=\"0\" data-artboard-proxy-min-height=\"126\" data-artboard-proxy-max-height=\"126\">\n<div class=\"t396__elem tn-elem tn-elem__1624252101568997001465\" data-elem-id=\"1568997001465\" data-elem-type=\"text\" data-field-top-value=\"40\" data-field-top-res-960-value=\"40\" data-field-top-res-640-value=\"40\" data-field-top-res-480-value=\"40\" data-field-top-res-320-value=\"40\" data-field-left-value=\"392\" data-field-left-res-960-value=\"252\" data-field-left-res-640-value=\"162\" data-field-left-res-480-value=\"80\" data-field-left-res-320-value=\"66\" data-field-width-value=\"488\" data-field-width-res-960-value=\"540\" data-field-width-res-640-value=\"388\" data-field-width-res-480-value=\"390\" data-field-width-res-320-value=\"244\" data-field-axisy-value=\"top\" data-field-axisx-value=\"left\" data-field-container-value=\"grid\" data-field-topunits-value=\"px\" data-field-leftunits-value=\"px\" data-field-heightunits-value=\"\" data-field-widthunits-value=\"px\" data-fields=\"top,left,width,container,axisx,axisy,widthunits,leftunits,topunits\">\n<div class=\"tn-atom\">Pra\u0117jus laikui, plaukite plaukus \u0161iltu vandeniu, kol jie taps skaidr\u016bs. Pataisykite rezultat\u0105 praskiestomis citrin\u0173 sultimis (1\/2 citrinos 200 ml vandens). Da\u017eytiems plaukams naudokite kondicionieri\u0173.<\/div>\n<\/div>\n<\/div>\n<div>\n<div id=\"rec162425196\" class=\"r t-rec\" data-animationappear=\"off\" data-record-type=\"396\">\n<div class=\"t396\">\n<div class=\"t396__artboard rendered\" data-artboard-recid=\"162425196\" data-artboard-height=\"62\" data-artboard-height-res-960=\"62\" data-artboard-height-res-640=\"38\" data-artboard-height-res-320=\"30\" data-artboard-height_vh=\"\" data-artboard-valign=\"center\" data-artboard-upscale=\"\" data-artboard-ovrflw=\"\" data-artboard-proxy-min-offset-top=\"0\" data-artboard-proxy-min-height=\"62\" data-artboard-proxy-max-height=\"62\">\n<div class=\"t396__elem tn-elem tn-elem__1624251961568997001465\" data-elem-id=\"1568997001465\" data-elem-type=\"text\" data-field-top-value=\"0\" data-field-top-res-960-value=\"0\" data-field-top-res-640-value=\"0\" data-field-top-res-480-value=\"0\" data-field-top-res-320-value=\"0\" data-field-left-value=\"320\" data-field-left-res-960-value=\"170\" data-field-left-res-640-value=\"90\" data-field-left-res-480-value=\"10\" data-field-left-res-320-value=\"10\" data-field-width-value=\"560\" data-field-width-res-960-value=\"620\" data-field-width-res-640-value=\"460\" data-field-width-res-480-value=\"460\" data-field-width-res-320-value=\"300\" data-field-axisy-value=\"top\" data-field-axisx-value=\"left\" data-field-container-value=\"grid\" data-field-topunits-value=\"\" data-field-leftunits-value=\"\" data-field-heightunits-value=\"\" data-field-widthunits-value=\"\" data-fields=\"top,left,width,container,axisx,axisy,widthunits,leftunits,topunits\">\n<h2 class=\"tn-atom\">Sud\u0117tis<\/h2>\n<\/div>\n<\/div>\n<\/div>\n<\/div>\n<div id=\"rec162425197\" class=\"r t-rec\" data-animationappear=\"off\" data-record-type=\"396\">\n<div class=\"t396\">\n<div class=\"t396__artboard rendered\" data-artboard-recid=\"162425197\" data-artboard-height=\"124\" data-artboard-height-res-960=\"124\" data-artboard-height-res-640=\"162\" data-artboard-height-res-480=\"162\" data-artboard-height-res-320=\"224\" data-artboard-height_vh=\"\" data-artboard-valign=\"center\" data-artboard-upscale=\"\" data-artboard-ovrflw=\"\" data-artboard-proxy-min-offset-top=\"0\" data-artboard-proxy-min-height=\"124\" data-artboard-proxy-max-height=\"124\">\n<div class=\"t396__carrier\" data-artboard-recid=\"162425197\"><\/div>\n<div class=\"t396__filter\" data-artboard-recid=\"162425197\"><\/div>\n<div class=\"t396__elem tn-elem tn-elem__1624251971568997001465\" data-elem-id=\"1568997001465\" data-elem-type=\"text\" data-field-top-value=\"16\" data-field-top-res-960-value=\"16\" data-field-top-res-640-value=\"12\" data-field-top-res-480-value=\"12\" data-field-top-res-320-value=\"10\" data-field-left-value=\"320\" data-field-left-res-960-value=\"170\" data-field-left-res-640-value=\"90\" data-field-left-res-480-value=\"10\" data-field-left-res-320-value=\"10\" data-field-width-value=\"560\" data-field-width-res-960-value=\"620\" data-field-width-res-640-value=\"460\" data-field-width-res-480-value=\"460\" data-field-width-res-320-value=\"300\" data-field-axisy-value=\"top\" data-field-axisx-value=\"left\" data-field-container-value=\"grid\" data-field-topunits-value=\"px\" data-field-leftunits-value=\"px\" data-field-heightunits-value=\"\" data-field-widthunits-value=\"px\" data-fields=\"top,left,width,container,axisx,axisy,widthunits,leftunits,topunits\">\n<div class=\"tn-atom\">Vanduo, cetearilo alkoholis, propilenglikolis, cetaretas-23, PEG-40 hidrintas ricin\u0173 aliejus, cetrimonio chloridas, Linum usitatissimum s\u0117kl\u0173 aliejus, silikonas Quaternium-18, trideceti-6, trideceti-12, Linum Usitatissimum s\u0117kl\u0173 ekstraktas, linolo r\u016bg\u0161tis, linoleno r\u016bg\u0161tis, dinatrio EDTA, citrinos r\u016bg\u0161tis, parfumas, metilchlorizotiazolinonas, metilizotiazolinonas, linaloolis, r\u016bg\u0161tin\u0117 violetin\u0117 43<\/div>\n<\/div>\n<\/div>\n<\/div>\n<\/div>\n<\/div>\n<div class=\"t396__artboard rendered\" data-artboard-recid=\"162425210\" data-artboard-height=\"126\" data-artboard-height-res-960=\"126\" data-artboard-height-res-640=\"146\" data-artboard-height-res-480=\"146\" data-artboard-height-res-320=\"210\" data-artboard-height_vh=\"\" data-artboard-valign=\"center\" data-artboard-upscale=\"\" data-artboard-ovrflw=\"\" data-artboard-proxy-min-offset-top=\"0\" data-artboard-proxy-min-height=\"126\" data-artboard-proxy-max-height=\"126\">\n<div class=\"t396__elem tn-elem tn-elem__1624252101571151080170\" data-elem-id=\"1571151080170\" data-elem-type=\"shape\" data-field-top-value=\"0\" data-field-top-res-960-value=\"0\" data-field-top-res-640-value=\"0\" data-field-top-res-480-value=\"0\" data-field-left-value=\"320\" data-field-left-res-960-value=\"170\" data-field-left-res-640-value=\"90\" data-field-left-res-480-value=\"10\" data-field-height-value=\"48\" data-field-height-res-320-value=\"40\" data-field-width-value=\"48\" data-field-width-res-320-value=\"40\" data-field-axisy-value=\"top\" data-field-axisx-value=\"left\" data-field-container-value=\"grid\" data-field-topunits-value=\"px\" data-field-leftunits-value=\"px\" data-field-heightunits-value=\"px\" data-field-widthunits-value=\"px\" data-fields=\"width,height,top,left,container,axisx,axisy,widthunits,heightunits,leftunits,topunits\">\n<div class=\"tn-atom\"><\/div>\n<\/div>\n<\/div>\n<\/div>\n<\/div>\n<div id=\"rec162425195\" class=\"r t-rec\" data-animationappear=\"off\" data-record-type=\"396\">\n<div class=\"t396\">\n<div class=\"t396__artboard rendered\" data-artboard-recid=\"162425195\" data-artboard-height=\"120\" data-artboard-height-res-960=\"120\" data-artboard-height-res-640=\"100\" data-artboard-height-res-480=\"100\" data-artboard-height-res-320=\"80\" data-artboard-height_vh=\"\" data-artboard-valign=\"center\" data-artboard-upscale=\"\" data-artboard-ovrflw=\"\" data-artboard-proxy-min-offset-top=\"0\" data-artboard-proxy-min-height=\"120\" data-artboard-proxy-max-height=\"120\">\n<div class=\"t396__carrier\" data-artboard-recid=\"162425195\"><\/div>\n<\/div>\n<\/div>\n<\/div>\n<\/div>\n<\/div>\n<\/div>\n<\/div>\n<\/div>\n<\/div>\n<\/div>\n<\/div>\n","protected":false},"excerpt":{"rendered":"<p>Tikras privalumas blondin\u0117ms! Neutralizuojantis gelsv\u0105 spalv\u0105 balzamas pad\u0117s i\u0161laikyti kri\u0161tolo skaidrumo \u0161viesi\u0105 spalv\u0105. Violetiniai pigmentai puikiai neutralizuoja nepageidaujamus vario ir geltonus atspalvius. Be Malvinos efekto. D\u0117l puikiai deran\u010di\u0173 pigment\u0173 derinio, plauk\u0173 atspalvio balzamas \u0161velniai tonizuoja. Veikliosios med\u017eiagos palengvina plauk\u0173 \u0161ukavim\u0105 ir dr\u0117kinim\u0105. Rekomendacijos Svarbu pasirinkti jums reikaling\u0105 naudojimo b\u016bd\u0105 ir tinkam\u0105 ekspozicijos laik\u0105, atsi\u017evelgiant \u012f [&hellip;]<\/p>\n","protected":false},"featured_media":8585,"comment_status":"open","ping_status":"closed","template":"","meta":[],"product_brand":[],"product_cat":[211,212,213],"product_tag":[],"class_list":{"0":"post-8587","1":"product","2":"type-product","3":"status-publish","4":"has-post-thumbnail","6":"product_cat-hair-lt","7":"product_cat-kondicionieriai-balzamai","8":"product_cat-plauku-dazai","10":"first","11":"outofstock","12":"shipping-taxable","13":"purchasable","14":"product-type-simple"},"_links":{"self":[{"href":"https:\/\/beautysba.co.uk\/lt\/wp-json\/wp\/v2\/product\/8587","targetHints":{"allow":["GET"]}}],"collection":[{"href":"https:\/\/beautysba.co.uk\/lt\/wp-json\/wp\/v2\/product"}],"about":[{"href":"https:\/\/beautysba.co.uk\/lt\/wp-json\/wp\/v2\/types\/product"}],"replies":[{"embeddable":true,"href":"https:\/\/beautysba.co.uk\/lt\/wp-json\/wp\/v2\/comments?post=8587"}],"wp:featuredmedia":[{"embeddable":true,"href":"https:\/\/beautysba.co.uk\/lt\/wp-json\/wp\/v2\/media\/8585"}],"wp:attachment":[{"href":"https:\/\/beautysba.co.uk\/lt\/wp-json\/wp\/v2\/media?parent=8587"}],"wp:term":[{"taxonomy":"product_brand","embeddable":true,"href":"https:\/\/beautysba.co.uk\/lt\/wp-json\/wp\/v2\/product_brand?post=8587"},{"taxonomy":"product_cat","embeddable":true,"href":"https:\/\/beautysba.co.uk\/lt\/wp-json\/wp\/v2\/product_cat?post=8587"},{"taxonomy":"product_tag","embeddable":true,"href":"https:\/\/beautysba.co.uk\/lt\/wp-json\/wp\/v2\/product_tag?post=8587"}],"curies":[{"name":"wp","href":"https:\/\/api.w.org\/{rel}","templated":true}]}}