{"id":8611,"date":"2022-05-08T16:00:50","date_gmt":"2022-05-09T16:00:50","guid":{"rendered":"https:\/\/beautysba.co.uk\/?post_type=product&#038;p=8611"},"modified":"2022-05-07T14:42:43","modified_gmt":"2022-05-07T14:42:43","slug":"nr-5-13-sviesiems-ir-sviesiems-plaukams-vandenyno-melyna","status":"publish","type":"product","link":"https:\/\/beautysba.co.uk\/lt\/produktas\/nr-5-13-sviesiems-ir-sviesiems-plaukams-vandenyno-melyna\/","title":{"rendered":"Nr. 5.13Balintiems ir \u0161viesiems plaukams Ocean Blue"},"content":{"rendered":"<p>Ekstremalus ir k\u016brybi\u0161kas da\u017eymas. Pabr\u0117\u017ek savo individualum\u0105! &#8220;Ocean Blue&#8221; suteikia plaukams sodri\u0105, sodri\u0105 spalv\u0105. Sukurkite ry\u0161k\u0173, \u012fsimintin\u0105 vaizd\u0105. Eksperimentuokite \u2013 galite da\u017eyti plaukus per vis\u0105 ilg\u012f, arba pary\u0161kinti atskiras sruogas.<\/p>\n<div id=\"rec162425695\" class=\"r t-rec\" data-animationappear=\"off\" data-record-type=\"396\">\n<div class=\"t396\">\n<div class=\"t396__artboard rendered\" data-artboard-recid=\"162425695\" data-artboard-height=\"114\" data-artboard-height-res-960=\"114\" data-artboard-height-res-640=\"132\" data-artboard-height-res-480=\"132\" data-artboard-height-res-320=\"192\" data-artboard-height_vh=\"\" data-artboard-valign=\"center\" data-artboard-upscale=\"\" data-artboard-ovrflw=\"\" data-artboard-proxy-min-offset-top=\"0\" data-artboard-proxy-min-height=\"114\" data-artboard-proxy-max-height=\"114\">\n<div class=\"t396__elem tn-elem tn-elem__1624256951568997001465\" data-elem-id=\"1568997001465\" data-elem-type=\"text\" data-field-top-value=\"16\" data-field-top-res-960-value=\"16\" data-field-top-res-640-value=\"12\" data-field-top-res-480-value=\"12\" data-field-top-res-320-value=\"10\" data-field-left-value=\"320\" data-field-left-res-960-value=\"170\" data-field-left-res-640-value=\"90\" data-field-left-res-480-value=\"10\" data-field-left-res-320-value=\"10\" data-field-width-value=\"560\" data-field-width-res-960-value=\"620\" data-field-width-res-640-value=\"460\" data-field-width-res-480-value=\"460\" data-field-width-res-320-value=\"300\" data-field-axisy-value=\"top\" data-field-axisx-value=\"left\" data-field-container-value=\"grid\" data-field-topunits-value=\"px\" data-field-leftunits-value=\"px\" data-field-heightunits-value=\"\" data-field-widthunits-value=\"px\" data-fields=\"top,left,width,container,axisx,axisy,widthunits,leftunits,topunits\">\n<div class=\"tn-atom\">Svarbu pasirinkti jums reikaling\u0105 naudojimo b\u016bd\u0105 ir tinkam\u0105 ekspozicijos laik\u0105, atsi\u017evelgiant \u012f plauk\u0173 \u0161viesinimo laipsn\u012f. Prie\u0161 da\u017eym\u0105 rekomenduojama atlikti atskiros gijos test\u0105, atkreipiant d\u0117mes\u012f \u012f norimo rezultato pasirei\u0161kimo laik\u0105.<\/div>\n<\/div>\n<\/div>\n<\/div>\n<\/div>\n<div id=\"rec162425696\" class=\"r t-rec\" data-animationappear=\"off\" data-record-type=\"396\">\n<div class=\"t396\">\n<div class=\"t396__artboard rendered\" data-artboard-recid=\"162425696\" data-artboard-height=\"186\" data-artboard-height-res-960=\"158\" data-artboard-height-res-640=\"208\" data-artboard-height-res-480=\"208\" data-artboard-height-res-320=\"284\" data-artboard-height_vh=\"\" data-artboard-valign=\"center\" data-artboard-upscale=\"\" data-artboard-ovrflw=\"\" data-artboard-proxy-min-offset-top=\"0\" data-artboard-proxy-min-height=\"186\" data-artboard-proxy-max-height=\"186\">\n<div class=\"t396__carrier\" data-artboard-recid=\"162425696\"><\/div>\n<div class=\"t396__filter\" data-artboard-recid=\"162425696\"><\/div>\n<div class=\"t396__elem tn-elem tn-elem__1624256961568997001465\" data-elem-id=\"1568997001465\" data-elem-type=\"text\" data-field-top-value=\"46\" data-field-top-res-960-value=\"48\" data-field-top-res-640-value=\"46\" data-field-top-res-480-value=\"46\" data-field-top-res-320-value=\"36\" data-field-left-value=\"320\" data-field-left-res-960-value=\"170\" data-field-left-res-640-value=\"90\" data-field-left-res-480-value=\"10\" data-field-left-res-320-value=\"10\" data-field-width-value=\"560\" data-field-width-res-960-value=\"620\" data-field-width-res-640-value=\"460\" data-field-width-res-480-value=\"460\" data-field-width-res-320-value=\"300\" data-field-axisy-value=\"top\" data-field-axisx-value=\"left\" data-field-container-value=\"grid\" data-field-topunits-value=\"px\" data-field-leftunits-value=\"px\" data-field-heightunits-value=\"\" data-field-widthunits-value=\"px\" data-fields=\"top,left,width,container,axisx,axisy,widthunits,leftunits,topunits\">\n<div class=\"tn-atom\">Atspalvio balzamo spalva gali skirtis nuo gauto plauk\u0173 atspalvio. Patekus \u012f akis, nuplaukite \u0161variu vandeniu. Prie\u0161 naudojim\u0105 patikrinkite, ar n\u0117ra alergini\u0173 reakcij\u0173. Jei da\u017eai patenka ant interjero daikt\u0173 ir vonios pavir\u0161iaus, nuplaukite juos sanitarini\u0173 gamini\u0173 valikliu.<\/div>\n<div><\/div>\n<div>Laikymo laikas<\/div>\n<div>\n<div class=\"t396__elem tn-elem tn-elem__1624257021568997001465\" data-elem-id=\"1568997001465\" data-elem-type=\"text\" data-field-top-value=\"40\" data-field-top-res-960-value=\"40\" data-field-top-res-640-value=\"40\" data-field-top-res-480-value=\"40\" data-field-top-res-320-value=\"40\" data-field-left-value=\"392\" data-field-left-res-960-value=\"250\" data-field-left-res-640-value=\"162\" data-field-left-res-480-value=\"80\" data-field-left-res-320-value=\"66\" data-field-width-value=\"488\" data-field-width-res-960-value=\"540\" data-field-width-res-640-value=\"388\" data-field-width-res-480-value=\"390\" data-field-width-res-320-value=\"244\" data-field-axisy-value=\"top\" data-field-axisx-value=\"left\" data-field-container-value=\"grid\" data-field-topunits-value=\"px\" data-field-leftunits-value=\"px\" data-field-heightunits-value=\"\" data-field-widthunits-value=\"px\" data-fields=\"top,left,width,container,axisx,axisy,widthunits,leftunits,topunits\">\n<div class=\"tn-atom\">&#8211; iki 5 minu\u010di\u0173 i\u0161laikyti spalv\u0105;<br \/>\n&#8211; iki 10 minu\u010di\u0173 \u0161viesiam atspalviui;<br \/>\n&#8211; Iki 30 minu\u010di\u0173 sodresniam atspalviui.<\/div>\n<\/div>\n<div>\n<div id=\"rec162425706\" class=\"r t-rec\" data-animationappear=\"off\" data-record-type=\"396\">\n<div class=\"t396\">\n<div class=\"t396__artboard rendered\" data-artboard-recid=\"162425706\" data-artboard-height=\"62\" data-artboard-height-res-960=\"62\" data-artboard-height-res-640=\"38\" data-artboard-height-res-320=\"30\" data-artboard-height_vh=\"\" data-artboard-valign=\"center\" data-artboard-upscale=\"\" data-artboard-ovrflw=\"\" data-artboard-proxy-min-offset-top=\"0\" data-artboard-proxy-min-height=\"62\" data-artboard-proxy-max-height=\"62\">\n<div class=\"t396__elem tn-elem tn-elem__1624257061568997001465\" data-elem-id=\"1568997001465\" data-elem-type=\"text\" data-field-top-value=\"0\" data-field-top-res-960-value=\"0\" data-field-top-res-640-value=\"0\" data-field-top-res-480-value=\"0\" data-field-top-res-320-value=\"0\" data-field-left-value=\"320\" data-field-left-res-960-value=\"170\" data-field-left-res-640-value=\"90\" data-field-left-res-480-value=\"10\" data-field-left-res-320-value=\"10\" data-field-width-value=\"560\" data-field-width-res-960-value=\"620\" data-field-width-res-640-value=\"460\" data-field-width-res-480-value=\"460\" data-field-width-res-320-value=\"300\" data-field-axisy-value=\"top\" data-field-axisx-value=\"left\" data-field-container-value=\"grid\" data-field-topunits-value=\"\" data-field-leftunits-value=\"\" data-field-heightunits-value=\"\" data-field-widthunits-value=\"\" data-fields=\"top,left,width,container,axisx,axisy,widthunits,leftunits,topunits\">\n<h2 class=\"tn-atom\">Sud\u0117tis<\/h2>\n<\/div>\n<\/div>\n<\/div>\n<\/div>\n<div id=\"rec162425707\" class=\"r t-rec\" data-animationappear=\"off\" data-record-type=\"396\">\n<div class=\"t396\">\n<div class=\"t396__artboard rendered\" data-artboard-recid=\"162425707\" data-artboard-height=\"204\" data-artboard-height-res-960=\"184\" data-artboard-height-res-640=\"242\" data-artboard-height-res-480=\"242\" data-artboard-height-res-320=\"364\" data-artboard-height_vh=\"\" data-artboard-valign=\"center\" data-artboard-upscale=\"\" data-artboard-ovrflw=\"\" data-artboard-proxy-min-offset-top=\"0\" data-artboard-proxy-min-height=\"204\" data-artboard-proxy-max-height=\"204\">\n<div class=\"t396__carrier\" data-artboard-recid=\"162425707\"><\/div>\n<div class=\"t396__filter\" data-artboard-recid=\"162425707\"><\/div>\n<div class=\"t396__elem tn-elem tn-elem__1624257071568997001465\" data-elem-id=\"1568997001465\" data-elem-type=\"text\" data-field-top-value=\"16\" data-field-top-res-960-value=\"16\" data-field-top-res-640-value=\"12\" data-field-top-res-480-value=\"12\" data-field-top-res-320-value=\"10\" data-field-left-value=\"320\" data-field-left-res-960-value=\"170\" data-field-left-res-640-value=\"90\" data-field-left-res-480-value=\"10\" data-field-left-res-320-value=\"10\" data-field-width-value=\"560\" data-field-width-res-960-value=\"620\" data-field-width-res-640-value=\"460\" data-field-width-res-480-value=\"460\" data-field-width-res-320-value=\"300\" data-field-axisy-value=\"top\" data-field-axisx-value=\"left\" data-field-container-value=\"grid\" data-field-topunits-value=\"px\" data-field-leftunits-value=\"px\" data-field-heightunits-value=\"\" data-field-widthunits-value=\"px\" data-fields=\"top,left,width,container,axisx,axisy,widthunits,leftunits,topunits\">\n<div class=\"tn-atom\">Vanduo, cetearilo alkoholis, propilenglikolis, cetaretas-23, cetrimonio chloridas, silikono ketvernis-18, trideceti-6, trideceti-12, parfumas, hidrolizuotas keratinas, Vitis Vinifera (vynuogi\u0173) s\u0117kl\u0173 aliejus, Bambusa Vulgaris (bambuko) ekstraktas, Bombyx Mori (\u0161ilko) eksportas, Gossypium Herbaceum (medviln\u0117s) ekstraktas, Tokoferilo acetatas, citrinos r\u016bg\u0161tis, etilheksilmetoksilmetoksicinnamatas, butilmetoksidibenzoilmetanas, PPG-26-Buteth-26, etilheksilsalicilatas, PEG-40 hidrintas ricin\u0173 aliejus, metilchlorizotiazolinonas, metilizotiazolinonas, bazinis m\u0117lynasis 99, HC m\u0117lynasis 2, bazinis geltonasis 57.<\/div>\n<\/div>\n<\/div>\n<\/div>\n<\/div>\n<\/div>\n<div class=\"t396__elem tn-elem tn-elem__1624257021571151080170\" data-elem-id=\"1571151080170\" data-elem-type=\"shape\" data-field-top-value=\"0\" data-field-top-res-960-value=\"0\" data-field-top-res-640-value=\"0\" data-field-top-res-480-value=\"0\" data-field-left-value=\"320\" data-field-left-res-960-value=\"170\" data-field-left-res-640-value=\"90\" data-field-left-res-480-value=\"10\" data-field-height-value=\"48\" data-field-height-res-320-value=\"40\" data-field-width-value=\"48\" data-field-width-res-320-value=\"40\" data-field-axisy-value=\"top\" data-field-axisx-value=\"left\" data-field-container-value=\"grid\" data-field-topunits-value=\"px\" data-field-leftunits-value=\"px\" data-field-heightunits-value=\"px\" data-field-widthunits-value=\"px\" data-fields=\"width,height,top,left,container,axisx,axisy,widthunits,heightunits,leftunits,topunits\">\n<div class=\"tn-atom\"><\/div>\n<\/div>\n<div class=\"t396__elem tn-elem tn-elem__1624257021571152399623\" data-elem-id=\"1571152399623\" data-elem-type=\"text\" data-field-top-value=\"12\" data-field-top-res-960-value=\"12\" data-field-top-res-640-value=\"14\" data-field-top-res-480-value=\"14\" data-field-top-res-320-value=\"10\" data-field-left-value=\"392\" data-field-left-res-960-value=\"250\" data-field-left-res-640-value=\"162\" data-field-left-res-480-value=\"80\" data-field-left-res-320-value=\"66\" data-field-width-value=\"448\" data-field-width-res-960-value=\"540\" data-field-width-res-640-value=\"388\" data-field-width-res-480-value=\"390\" data-field-width-res-320-value=\"244\" data-field-axisy-value=\"top\" data-field-axisx-value=\"left\" data-field-container-value=\"grid\" data-field-topunits-value=\"px\" data-field-leftunits-value=\"px\" data-field-heightunits-value=\"\" data-field-widthunits-value=\"px\" data-fields=\"top,left,width,container,axisx,axisy,widthunits,leftunits,topunits\"><\/div>\n<\/div>\n<\/div>\n<\/div>\n<\/div>\n<\/div>\n","protected":false},"excerpt":{"rendered":"<p>Ekstremalus ir k\u016brybi\u0161kas da\u017eymas. Pabr\u0117\u017ek savo individualum\u0105! &#8220;Ocean Blue&#8221; suteikia plaukams sodri\u0105, sodri\u0105 spalv\u0105. Sukurkite ry\u0161k\u0173, \u012fsimintin\u0105 vaizd\u0105. Eksperimentuokite \u2013 galite da\u017eyti plaukus per vis\u0105 ilg\u012f, arba pary\u0161kinti atskiras sruogas. Svarbu pasirinkti jums reikaling\u0105 naudojimo b\u016bd\u0105 ir tinkam\u0105 ekspozicijos laik\u0105, atsi\u017evelgiant \u012f plauk\u0173 \u0161viesinimo laipsn\u012f. Prie\u0161 da\u017eym\u0105 rekomenduojama atlikti atskiros gijos test\u0105, atkreipiant d\u0117mes\u012f \u012f [&hellip;]<\/p>\n","protected":false},"featured_media":8609,"comment_status":"open","ping_status":"closed","template":"","meta":[],"product_brand":[],"product_cat":[211,213],"product_tag":[],"class_list":{"0":"post-8611","1":"product","2":"type-product","3":"status-publish","4":"has-post-thumbnail","6":"product_cat-hair-lt","7":"product_cat-plauku-dazai","9":"first","10":"outofstock","11":"shipping-taxable","12":"purchasable","13":"product-type-simple"},"_links":{"self":[{"href":"https:\/\/beautysba.co.uk\/lt\/wp-json\/wp\/v2\/product\/8611","targetHints":{"allow":["GET"]}}],"collection":[{"href":"https:\/\/beautysba.co.uk\/lt\/wp-json\/wp\/v2\/product"}],"about":[{"href":"https:\/\/beautysba.co.uk\/lt\/wp-json\/wp\/v2\/types\/product"}],"replies":[{"embeddable":true,"href":"https:\/\/beautysba.co.uk\/lt\/wp-json\/wp\/v2\/comments?post=8611"}],"wp:featuredmedia":[{"embeddable":true,"href":"https:\/\/beautysba.co.uk\/lt\/wp-json\/wp\/v2\/media\/8609"}],"wp:attachment":[{"href":"https:\/\/beautysba.co.uk\/lt\/wp-json\/wp\/v2\/media?parent=8611"}],"wp:term":[{"taxonomy":"product_brand","embeddable":true,"href":"https:\/\/beautysba.co.uk\/lt\/wp-json\/wp\/v2\/product_brand?post=8611"},{"taxonomy":"product_cat","embeddable":true,"href":"https:\/\/beautysba.co.uk\/lt\/wp-json\/wp\/v2\/product_cat?post=8611"},{"taxonomy":"product_tag","embeddable":true,"href":"https:\/\/beautysba.co.uk\/lt\/wp-json\/wp\/v2\/product_tag?post=8611"}],"curies":[{"name":"wp","href":"https:\/\/api.w.org\/{rel}","templated":true}]}}