{"id":8627,"date":"2022-05-08T16:00:17","date_gmt":"2022-05-09T16:00:17","guid":{"rendered":"https:\/\/beautysba.co.uk\/?post_type=product&#038;p=8627"},"modified":"2022-05-09T13:12:52","modified_gmt":"2022-05-09T13:12:52","slug":"nr-9-01-sviesiems-ir-sviesiems-plaukams","status":"publish","type":"product","link":"https:\/\/beautysba.co.uk\/lt\/produktas\/nr-9-01-sviesiems-ir-sviesiems-plaukams\/","title":{"rendered":"Nr. 9.01 Skirtas \u0161viesintiems ir \u0161viesiems plaukams"},"content":{"rendered":"<p>Populiariausia spalvinimo tendencija! Plienas suteiks j\u016bs\u0173 plaukams v\u0117sesn\u012f atspalv\u012f su sidabriniais akcentais. Pabr\u0117\u017eiamas aristokrati\u0161kumas ir rafinuotumas.<\/p>\n<p>D\u0117l puikiai deran\u010di\u0173 pigment\u0173 derinio, plauk\u0173 atspalvio balzamas \u0161velniai tonizuoja. Veikliosios med\u017eiagos palengvina \u0161ukavim\u0105 ir dr\u0117kina plaukus<\/p>\n<div id=\"rec162424928\" class=\"r t-rec\" data-animationappear=\"off\" data-record-type=\"396\">\n<div class=\"t396\">\n<div class=\"t396__artboard rendered\" data-artboard-recid=\"162424928\" data-artboard-height=\"192\" data-artboard-height-res-960=\"172\" data-artboard-height-res-640=\"192\" data-artboard-height-res-480=\"192\" data-artboard-height-res-320=\"342\" data-artboard-height_vh=\"\" data-artboard-valign=\"center\" data-artboard-upscale=\"\" data-artboard-ovrflw=\"\" data-artboard-proxy-min-offset-top=\"0\" data-artboard-proxy-min-height=\"192\" data-artboard-proxy-max-height=\"192\">\n<div class=\"t396__elem tn-elem tn-elem__1624249281568997001465\" data-elem-id=\"1568997001465\" data-elem-type=\"text\" data-field-top-value=\"40\" data-field-top-res-960-value=\"40\" data-field-top-res-640-value=\"40\" data-field-top-res-480-value=\"40\" data-field-top-res-320-value=\"40\" data-field-left-value=\"392\" data-field-left-res-960-value=\"250\" data-field-left-res-640-value=\"162\" data-field-left-res-480-value=\"80\" data-field-left-res-320-value=\"66\" data-field-width-value=\"488\" data-field-width-res-960-value=\"540\" data-field-width-res-640-value=\"388\" data-field-width-res-480-value=\"390\" data-field-width-res-320-value=\"244\" data-field-axisy-value=\"top\" data-field-axisx-value=\"left\" data-field-container-value=\"grid\" data-field-topunits-value=\"px\" data-field-leftunits-value=\"px\" data-field-heightunits-value=\"\" data-field-widthunits-value=\"px\" data-fields=\"top,left,width,container,axisx,axisy,widthunits,leftunits,topunits\">\n<div class=\"tn-atom\">Laikymo laikas<\/div>\n<div class=\"tn-atom\">&#8211; iki 5 minu\u010di\u0173 i\u0161laikyti spalv\u0105;<br \/>\n&#8211; iki 10 minu\u010di\u0173 \u0161viesiam atspalviui;<br \/>\n&#8211; Iki 30 minu\u010di\u0173 sodresniam atspalviui.<\/div>\n<\/div>\n<div class=\"t396__elem tn-elem tn-elem__1624249281571151080170\" data-elem-id=\"1571151080170\" data-elem-type=\"shape\" data-field-top-value=\"0\" data-field-top-res-960-value=\"0\" data-field-top-res-640-value=\"0\" data-field-top-res-480-value=\"0\" data-field-left-value=\"320\" data-field-left-res-960-value=\"170\" data-field-left-res-640-value=\"90\" data-field-left-res-480-value=\"10\" data-field-height-value=\"48\" data-field-height-res-320-value=\"40\" data-field-width-value=\"48\" data-field-width-res-320-value=\"40\" data-field-axisy-value=\"top\" data-field-axisx-value=\"left\" data-field-container-value=\"grid\" data-field-topunits-value=\"px\" data-field-leftunits-value=\"px\" data-field-heightunits-value=\"px\" data-field-widthunits-value=\"px\" data-fields=\"width,height,top,left,container,axisx,axisy,widthunits,heightunits,leftunits,topunits\">\n<div class=\"tn-atom\"><\/div>\n<\/div>\n<div class=\"t396__elem tn-elem tn-elem__1624249281571152667301\" data-elem-id=\"1571152667301\" data-elem-type=\"text\" data-field-top-value=\"108\" data-field-top-res-960-value=\"108\" data-field-top-res-640-value=\"108\" data-field-top-res-480-value=\"108\" data-field-top-res-320-value=\"172\" data-field-left-value=\"392\" data-field-left-res-960-value=\"250\" data-field-left-res-640-value=\"162\" data-field-left-res-480-value=\"80\" data-field-left-res-320-value=\"66\" data-field-width-value=\"428\" data-field-width-res-960-value=\"540\" data-field-width-res-640-value=\"388\" data-field-width-res-480-value=\"390\" data-field-width-res-320-value=\"244\" data-field-axisy-value=\"top\" data-field-axisx-value=\"left\" data-field-container-value=\"grid\" data-field-topunits-value=\"px\" data-field-leftunits-value=\"px\" data-field-heightunits-value=\"\" data-field-widthunits-value=\"px\" data-fields=\"top,left,width,container,axisx,axisy,widthunits,leftunits,topunits\">\n<div class=\"tn-atom\">Labai balintiems plaukams rekomenduojame atspalvio balzam\u0105 praskiesti \u012fprastu balzamu santykiu 1\/3 (1 dalis &#8211; tonikas, 3 dalys &#8211; \u012fprastas balzamas). Laikymo laikas iki 5 minu\u010di\u0173.<\/div>\n<\/div>\n<div>\n<div id=\"rec162424917\" class=\"r t-rec\" data-animationappear=\"off\" data-record-type=\"396\">\n<div class=\"t396\">\n<div class=\"t396__artboard rendered\" data-artboard-recid=\"162424917\" data-artboard-height=\"62\" data-artboard-height-res-960=\"62\" data-artboard-height-res-640=\"38\" data-artboard-height-res-320=\"30\" data-artboard-height_vh=\"\" data-artboard-valign=\"center\" data-artboard-upscale=\"\" data-artboard-ovrflw=\"\" data-artboard-proxy-min-offset-top=\"0\" data-artboard-proxy-min-height=\"62\" data-artboard-proxy-max-height=\"62\">\n<div class=\"t396__elem tn-elem tn-elem__1624249171568997001465\" data-elem-id=\"1568997001465\" data-elem-type=\"text\" data-field-top-value=\"0\" data-field-top-res-960-value=\"0\" data-field-top-res-640-value=\"0\" data-field-top-res-480-value=\"0\" data-field-top-res-320-value=\"0\" data-field-left-value=\"320\" data-field-left-res-960-value=\"170\" data-field-left-res-640-value=\"90\" data-field-left-res-480-value=\"10\" data-field-left-res-320-value=\"10\" data-field-width-value=\"560\" data-field-width-res-960-value=\"620\" data-field-width-res-640-value=\"460\" data-field-width-res-480-value=\"460\" data-field-width-res-320-value=\"300\" data-field-axisy-value=\"top\" data-field-axisx-value=\"left\" data-field-container-value=\"grid\" data-field-topunits-value=\"\" data-field-leftunits-value=\"\" data-field-heightunits-value=\"\" data-field-widthunits-value=\"\" data-fields=\"top,left,width,container,axisx,axisy,widthunits,leftunits,topunits\">\n<h2 class=\"tn-atom\">Sud\u0117tis<\/h2>\n<\/div>\n<\/div>\n<\/div>\n<\/div>\n<div id=\"rec162424918\" class=\"r t-rec\" data-animationappear=\"off\" data-record-type=\"396\">\n<div class=\"t396\">\n<div class=\"t396__artboard rendered\" data-artboard-recid=\"162424918\" data-artboard-height=\"144\" data-artboard-height-res-960=\"164\" data-artboard-height-res-640=\"192\" data-artboard-height-res-480=\"192\" data-artboard-height-res-320=\"268\" data-artboard-height_vh=\"\" data-artboard-valign=\"center\" data-artboard-upscale=\"grid\" data-artboard-ovrflw=\"\" data-artboard-proxy-min-offset-top=\"0\" data-artboard-proxy-min-height=\"144\" data-artboard-proxy-max-height=\"144\">\n<div class=\"t396__carrier\" data-artboard-recid=\"162424918\"><\/div>\n<div class=\"t396__filter\" data-artboard-recid=\"162424918\"><\/div>\n<div class=\"t396__elem tn-elem tn-elem__1624249181568997001465\" data-elem-id=\"1568997001465\" data-elem-type=\"text\" data-field-top-value=\"16\" data-field-top-res-960-value=\"16\" data-field-top-res-640-value=\"12\" data-field-top-res-480-value=\"12\" data-field-top-res-320-value=\"10\" data-field-left-value=\"320\" data-field-left-res-960-value=\"170\" data-field-left-res-640-value=\"90\" data-field-left-res-480-value=\"10\" data-field-left-res-320-value=\"10\" data-field-width-value=\"560\" data-field-width-res-960-value=\"620\" data-field-width-res-640-value=\"460\" data-field-width-res-480-value=\"460\" data-field-width-res-320-value=\"300\" data-field-axisy-value=\"top\" data-field-axisx-value=\"left\" data-field-container-value=\"grid\" data-field-topunits-value=\"px\" data-field-leftunits-value=\"px\" data-field-heightunits-value=\"\" data-field-widthunits-value=\"px\" data-fields=\"top,left,width,container,axisx,axisy,widthunits,leftunits,topunits\">\n<div class=\"tn-atom\">Vanduo, cetearilo alkoholis, propilenglikolis, natrio laureto sulfatas, cetaretas-23, etoksidiglikolis, silikono ketvernis-18, trideceti-6, trideceti-12, parfumas, hidrolizuotas keratinas, Vitis Vinifera (vynuogi\u0173 s\u0117kl\u0173) aliejus, Bambusa Vulgaris (bambuko) ekstraktas, Bombyx Mori (\u0161ilko) ekstraktas, Gossypium Herbaceum (medviln\u0117s) ekstraktas, tokoferilo acetatas, citrinos r\u016bg\u0161tis, metilchlorizotiazolinonas, metilizotiazolinonas, linalolis, limonenas, dispersinis violetinis 1, HC m\u0117lynasis Nr. 15<\/div>\n<\/div>\n<\/div>\n<\/div>\n<\/div>\n<\/div>\n<\/div>\n<\/div>\n<\/div>\n<div id=\"rec162424914\" class=\"r t-rec\" data-animationappear=\"off\" data-record-type=\"396\">\n<div class=\"t396\">\n<div class=\"t396__artboard rendered\" data-artboard-recid=\"162424914\" data-artboard-height=\"32\" data-artboard-height-res-640=\"24\" data-artboard-height-res-480=\"24\" data-artboard-height-res-320=\"24\" data-artboard-height_vh=\"\" data-artboard-valign=\"center\" data-artboard-upscale=\"\" data-artboard-ovrflw=\"\" data-artboard-proxy-min-offset-top=\"0\" data-artboard-proxy-min-height=\"32\" data-artboard-proxy-max-height=\"32\">\n<div class=\"t396__carrier\" data-artboard-recid=\"162424914\"><\/div>\n<\/div>\n<\/div>\n<\/div>\n","protected":false},"excerpt":{"rendered":"<p>Populiariausia spalvinimo tendencija! Plienas suteiks j\u016bs\u0173 plaukams v\u0117sesn\u012f atspalv\u012f su sidabriniais akcentais. Pabr\u0117\u017eiamas aristokrati\u0161kumas ir rafinuotumas. D\u0117l puikiai deran\u010di\u0173 pigment\u0173 derinio, plauk\u0173 atspalvio balzamas \u0161velniai tonizuoja. Veikliosios med\u017eiagos palengvina \u0161ukavim\u0105 ir dr\u0117kina plaukus Laikymo laikas &#8211; iki 5 minu\u010di\u0173 i\u0161laikyti spalv\u0105; &#8211; iki 10 minu\u010di\u0173 \u0161viesiam atspalviui; &#8211; Iki 30 minu\u010di\u0173 sodresniam atspalviui. Labai balintiems [&hellip;]<\/p>\n","protected":false},"featured_media":8591,"comment_status":"open","ping_status":"closed","template":"","meta":[],"product_brand":[],"product_cat":[211,213],"product_tag":[],"class_list":{"0":"post-8627","1":"product","2":"type-product","3":"status-publish","4":"has-post-thumbnail","6":"product_cat-hair-lt","7":"product_cat-plauku-dazai","9":"first","10":"outofstock","11":"shipping-taxable","12":"purchasable","13":"product-type-simple"},"_links":{"self":[{"href":"https:\/\/beautysba.co.uk\/lt\/wp-json\/wp\/v2\/product\/8627","targetHints":{"allow":["GET"]}}],"collection":[{"href":"https:\/\/beautysba.co.uk\/lt\/wp-json\/wp\/v2\/product"}],"about":[{"href":"https:\/\/beautysba.co.uk\/lt\/wp-json\/wp\/v2\/types\/product"}],"replies":[{"embeddable":true,"href":"https:\/\/beautysba.co.uk\/lt\/wp-json\/wp\/v2\/comments?post=8627"}],"wp:featuredmedia":[{"embeddable":true,"href":"https:\/\/beautysba.co.uk\/lt\/wp-json\/wp\/v2\/media\/8591"}],"wp:attachment":[{"href":"https:\/\/beautysba.co.uk\/lt\/wp-json\/wp\/v2\/media?parent=8627"}],"wp:term":[{"taxonomy":"product_brand","embeddable":true,"href":"https:\/\/beautysba.co.uk\/lt\/wp-json\/wp\/v2\/product_brand?post=8627"},{"taxonomy":"product_cat","embeddable":true,"href":"https:\/\/beautysba.co.uk\/lt\/wp-json\/wp\/v2\/product_cat?post=8627"},{"taxonomy":"product_tag","embeddable":true,"href":"https:\/\/beautysba.co.uk\/lt\/wp-json\/wp\/v2\/product_tag?post=8627"}],"curies":[{"name":"wp","href":"https:\/\/api.w.org\/{rel}","templated":true}]}}