{"id":8703,"date":"2022-05-22T21:39:46","date_gmt":"2022-05-22T21:39:46","guid":{"rendered":"https:\/\/beautysba.co.uk\/product\/%d1%80%d0%b0%d1%81%d1%82%d0%b0%d1%80%d0%be%d0%bf%d1%88%d0%b0-%d0%bf%d0%bb%d1%8e%d1%81-%d0%b2%d0%b8%d1%82%d0%b0%d0%bc%d0%b8%d0%bd%d1%8b-%d0%b2-%d0%b3%d1%80%d1%83%d0%bf%d0%bf%d1%8b-n30\/"},"modified":"2022-08-03T11:58:29","modified_gmt":"2022-08-03T11:58:29","slug":"rastaropsha-plus-vitaminai-grupese-n30","status":"publish","type":"product","link":"https:\/\/beautysba.co.uk\/lt\/produktas\/rastaropsha-plus-vitaminai-grupese-n30\/","title":{"rendered":"Margainis Plius B grup\u0117s vitaminai. N30"},"content":{"rendered":"<p>Suaugusiesiems ir vyresniems nei 12 met\u0173 vaikams rekomenduojama vartoti po 1 tablet\u0119 per dien\u0105.<\/p>\n<p>Vienoje tablet\u0117je :<\/p>\n<table border=\"1\" cellspacing=\"1\" cellpadding=\"1\">\n<tbody>\n<tr>\n<td>Rastaropsis ekstraktas<\/td>\n<td>25 mg<\/td>\n<\/tr>\n<tr>\n<td>Vitaminas C<\/td>\n<td>20 mg (25 %)<\/td>\n<\/tr>\n<tr>\n<td>B3<\/td>\n<td>4 mg (25 %)<\/td>\n<\/tr>\n<tr>\n<td>E<\/td>\n<td>3 mg (25 %)<\/td>\n<\/tr>\n<tr>\n<td>B5<\/td>\n<td>1,5 mg (25 %)<\/td>\n<\/tr>\n<tr>\n<td>B2<\/td>\n<td>0,35 mg (25 %)<\/td>\n<\/tr>\n<tr>\n<td>B6<\/td>\n<td>0,35 mg (25 %)<\/td>\n<\/tr>\n<tr>\n<td>B1<\/td>\n<td>0,275 mg (25 %)<\/td>\n<\/tr>\n<tr>\n<td>Folio r\u016bg\u0161tis<\/td>\n<td>50 \u00b5g (25 %)<\/td>\n<\/tr>\n<tr>\n<td>Biotinas<\/td>\n<td>12 \u00b5g (25 %)<\/td>\n<\/tr>\n<tr>\n<td>B12<\/td>\n<td>0,625 \u00b5g (25%)<\/td>\n<\/tr>\n<\/tbody>\n<\/table>\n","protected":false},"excerpt":{"rendered":"<p>Suaugusiesiems ir vyresniems nei 12 met\u0173 vaikams rekomenduojama vartoti po 1 tablet\u0119 per dien\u0105. Vienoje tablet\u0117je : Rastaropsis ekstraktas 25 mg Vitaminas C 20 mg (25 %) B3 4 mg (25 %) E 3 mg (25 %) B5 1,5 mg (25 %) B2 0,35 mg (25 %) B6 0,35 mg (25 %) B1 0,275 mg [&hellip;]<\/p>\n","protected":false},"featured_media":8701,"comment_status":"open","ping_status":"closed","template":"","meta":[],"product_brand":[],"product_cat":[217,220],"product_tag":[],"class_list":{"0":"post-8703","1":"product","2":"type-product","3":"status-publish","4":"has-post-thumbnail","6":"product_cat-sveikatos-prieziura","7":"product_cat-zarnyno-sveikata","9":"first","10":"outofstock","11":"shipping-taxable","12":"purchasable","13":"product-type-simple"},"_links":{"self":[{"href":"https:\/\/beautysba.co.uk\/lt\/wp-json\/wp\/v2\/product\/8703","targetHints":{"allow":["GET"]}}],"collection":[{"href":"https:\/\/beautysba.co.uk\/lt\/wp-json\/wp\/v2\/product"}],"about":[{"href":"https:\/\/beautysba.co.uk\/lt\/wp-json\/wp\/v2\/types\/product"}],"replies":[{"embeddable":true,"href":"https:\/\/beautysba.co.uk\/lt\/wp-json\/wp\/v2\/comments?post=8703"}],"wp:featuredmedia":[{"embeddable":true,"href":"https:\/\/beautysba.co.uk\/lt\/wp-json\/wp\/v2\/media\/8701"}],"wp:attachment":[{"href":"https:\/\/beautysba.co.uk\/lt\/wp-json\/wp\/v2\/media?parent=8703"}],"wp:term":[{"taxonomy":"product_brand","embeddable":true,"href":"https:\/\/beautysba.co.uk\/lt\/wp-json\/wp\/v2\/product_brand?post=8703"},{"taxonomy":"product_cat","embeddable":true,"href":"https:\/\/beautysba.co.uk\/lt\/wp-json\/wp\/v2\/product_cat?post=8703"},{"taxonomy":"product_tag","embeddable":true,"href":"https:\/\/beautysba.co.uk\/lt\/wp-json\/wp\/v2\/product_tag?post=8703"}],"curies":[{"name":"wp","href":"https:\/\/api.w.org\/{rel}","templated":true}]}}