{"id":8712,"date":"2022-05-22T21:46:50","date_gmt":"2022-05-22T21:46:50","guid":{"rendered":"https:\/\/beautysba.co.uk\/product\/%d0%bc%d0%b0%d1%81%d0%bb%d0%be-fito-cosmetic-%d0%b4%d0%bb%d1%8f-%d0%b7%d0%b0%d0%b3%d0%b0%d1%80%d0%b0-50%d0%bc%d0%bb\/"},"modified":"2022-05-28T17:36:24","modified_gmt":"2022-05-28T17:36:24","slug":"aliejus-fito-kosmetinis-idegio-aliejus-50ml","status":"publish","type":"product","link":"https:\/\/beautysba.co.uk\/lt\/produktas\/aliejus-fito-kosmetinis-idegio-aliejus-50ml\/","title":{"rendered":"&#8220;Fito&#8221; kosmetinis \u012fdegio aliejus 50ml"},"content":{"rendered":"<div class=\"description mb-3\">Kavos aliejus yra nat\u016brali ir veiksminga priemon\u0117, padedanti greitai \u012fgauti nat\u016bral\u0173, itin stabil\u0173 \u012fdeg\u012f ir u\u017etikrinanti neprilygstam\u0105 odos prie\u017ei\u016br\u0105 deginantis saul\u0117je. Tir\u0161tas aliejus, praturtintas \u017ealiosios arbatos, ramun\u0117li\u0173 ir elastino ekstraktais, puikiai maitina, dr\u0117kina ir mink\u0161tina epiderm\u012f.<\/div>\n<div class=\"properties\">\n<p class=\"volume\">T\u016bris: 50 ml<\/p>\n<\/div>\n","protected":false},"excerpt":{"rendered":"<p>Kavos aliejus yra nat\u016brali ir veiksminga priemon\u0117, padedanti greitai \u012fgauti nat\u016bral\u0173, itin stabil\u0173 \u012fdeg\u012f ir u\u017etikrinanti neprilygstam\u0105 odos prie\u017ei\u016br\u0105 deginantis saul\u0117je. Tir\u0161tas aliejus, praturtintas \u017ealiosios arbatos, ramun\u0117li\u0173 ir elastino ekstraktais, puikiai maitina, dr\u0117kina ir mink\u0161tina epiderm\u012f. T\u016bris: 50 ml<\/p>\n","protected":false},"featured_media":8707,"comment_status":"open","ping_status":"closed","template":"","meta":[],"product_brand":[],"product_cat":[121,119],"product_tag":[],"class_list":{"0":"post-8712","1":"product","2":"type-product","3":"status-publish","4":"has-post-thumbnail","6":"product_cat-kuno-kremai-aliejai","7":"product_cat-kuno-produktai","9":"first","10":"outofstock","11":"shipping-taxable","12":"purchasable","13":"product-type-simple"},"_links":{"self":[{"href":"https:\/\/beautysba.co.uk\/lt\/wp-json\/wp\/v2\/product\/8712","targetHints":{"allow":["GET"]}}],"collection":[{"href":"https:\/\/beautysba.co.uk\/lt\/wp-json\/wp\/v2\/product"}],"about":[{"href":"https:\/\/beautysba.co.uk\/lt\/wp-json\/wp\/v2\/types\/product"}],"replies":[{"embeddable":true,"href":"https:\/\/beautysba.co.uk\/lt\/wp-json\/wp\/v2\/comments?post=8712"}],"wp:featuredmedia":[{"embeddable":true,"href":"https:\/\/beautysba.co.uk\/lt\/wp-json\/wp\/v2\/media\/8707"}],"wp:attachment":[{"href":"https:\/\/beautysba.co.uk\/lt\/wp-json\/wp\/v2\/media?parent=8712"}],"wp:term":[{"taxonomy":"product_brand","embeddable":true,"href":"https:\/\/beautysba.co.uk\/lt\/wp-json\/wp\/v2\/product_brand?post=8712"},{"taxonomy":"product_cat","embeddable":true,"href":"https:\/\/beautysba.co.uk\/lt\/wp-json\/wp\/v2\/product_cat?post=8712"},{"taxonomy":"product_tag","embeddable":true,"href":"https:\/\/beautysba.co.uk\/lt\/wp-json\/wp\/v2\/product_tag?post=8712"}],"curies":[{"name":"wp","href":"https:\/\/api.w.org\/{rel}","templated":true}]}}