{"id":8943,"date":"2022-06-15T14:09:21","date_gmt":"2022-06-15T14:09:21","guid":{"rendered":"https:\/\/beautysba.co.uk\/product\/%d0%b4%d0%be%d0%bc%d0%b0%d1%88%d0%bd%d0%b8%d0%b9-%d0%b4%d0%be%d0%ba%d1%82%d0%be%d1%80-%d0%ba%d1%80%d0%b5%d0%bc-%d0%b4%d0%bb%d1%8f-%d1%80%d1%83%d0%ba-%d0%ba%d1%80%d0%b5%d0%bc-%d0%b4%d0%be%d0%bc%d0%b0\/"},"modified":"2022-06-15T14:10:06","modified_gmt":"2022-06-15T14:10:06","slug":"home-doctor-cream-for-hand-cream-home","status":"publish","type":"product","link":"https:\/\/beautysba.co.uk\/lt\/produktas\/home-doctor-cream-for-hand-cream-home\/","title":{"rendered":"&#8220;Home Doctor&#8221; rank\u0173 kremas &#8220;Home Doctor Lavender&#8221; 250ml"},"content":{"rendered":"<div>\n<p>\u0160is itin lengvas kremas skirtas \u0161velniai kasdienei odos ir nag\u0173 prie\u017ei\u016brai. Produktas puikiai ramina ir nuramina od\u0105, akimirksniu suma\u017eina u\u017edegim\u0105 ir sudirgim\u0105. Priemon\u0117 taip pat veiksmingai kovoja su odos sausumu ir pleiskanojimu, intensyviai ir giliai dr\u0117kina audinius, atkuria nat\u016bral\u0173 odos elastingum\u0105 ir \u0161ilkin\u012f \u0161velnum\u0105.<\/p>\n<p>Kremas praturtintas levand\u0173 ekstraktu, kuris turi stipr\u0173 raminam\u0105j\u012f ir prie\u0161u\u017edegimin\u012f poveik\u012f odai. Levandos gali s\u0117kmingai pakeisti bet kokias antiseptines priemones ir \u0161velniai regeneruoti od\u0105. Jis taip pat gerina odos audini\u0173 kraujotak\u0105 ir labai pagreitina jungiamojo audinio l\u0105steli\u0173 atsinaujinimo proces\u0105, skatina greit\u0105 mikro\u012ftr\u016bkim\u0173 gijim\u0105 ir lygina randus.<\/p>\n<p>D\u0117l \u0161velnios konsistencijos kremas \u012fsigeria akimirksniu. Malonus ir subtilus \u0161io produkto kvapas suteiks jums did\u017eiul\u012f malonum\u0105.<\/p>\n<\/div>\n<div class=\"extra\">\n<p>Taikymo b\u016bdas<\/p>\n<div>\n<p>Tepkite ant \u0161varios, sausos odos.<\/p>\n<\/div>\n<\/div>\n<div class=\"extra\">\n<p>Sud\u0117tis<\/p>\n<div>\n<p>Vanduo, kokos\u0173 aliejus, parafino aliejus, gliceridai, stearino r\u016bg\u0161tis, glicerinas, levand\u0173 ekstraktas, lanolinas, cetearilo alkoholis, hidrolizuotas keratinas, akrilat\u0173\/C10-30 alkilo akrilato kry\u017epolimeras, natrio hidroksidas, fenoksietanolis, metilparabenas, etilparabenas, propilparabenas, butilparabenas, parfumas, limonenas, kumarinas.<\/p>\n<\/div>\n<\/div>\n","protected":false},"excerpt":{"rendered":"<p>\u0160is itin lengvas kremas skirtas \u0161velniai kasdienei odos ir nag\u0173 prie\u017ei\u016brai. Produktas puikiai ramina ir nuramina od\u0105, akimirksniu suma\u017eina u\u017edegim\u0105 ir sudirgim\u0105. Priemon\u0117 taip pat veiksmingai kovoja su odos sausumu ir pleiskanojimu, intensyviai ir giliai dr\u0117kina audinius, atkuria nat\u016bral\u0173 odos elastingum\u0105 ir \u0161ilkin\u012f \u0161velnum\u0105. Kremas praturtintas levand\u0173 ekstraktu, kuris turi stipr\u0173 raminam\u0105j\u012f ir prie\u0161u\u017edegimin\u012f poveik\u012f [&hellip;]<\/p>\n","protected":false},"featured_media":8941,"comment_status":"open","ping_status":"closed","template":"","meta":[],"product_brand":[],"product_cat":[119,124],"product_tag":[],"class_list":{"0":"post-8943","1":"product","2":"type-product","3":"status-publish","4":"has-post-thumbnail","6":"product_cat-kuno-produktai","7":"product_cat-ranku-prieziura","9":"first","10":"outofstock","11":"shipping-taxable","12":"purchasable","13":"product-type-simple"},"_links":{"self":[{"href":"https:\/\/beautysba.co.uk\/lt\/wp-json\/wp\/v2\/product\/8943","targetHints":{"allow":["GET"]}}],"collection":[{"href":"https:\/\/beautysba.co.uk\/lt\/wp-json\/wp\/v2\/product"}],"about":[{"href":"https:\/\/beautysba.co.uk\/lt\/wp-json\/wp\/v2\/types\/product"}],"replies":[{"embeddable":true,"href":"https:\/\/beautysba.co.uk\/lt\/wp-json\/wp\/v2\/comments?post=8943"}],"wp:featuredmedia":[{"embeddable":true,"href":"https:\/\/beautysba.co.uk\/lt\/wp-json\/wp\/v2\/media\/8941"}],"wp:attachment":[{"href":"https:\/\/beautysba.co.uk\/lt\/wp-json\/wp\/v2\/media?parent=8943"}],"wp:term":[{"taxonomy":"product_brand","embeddable":true,"href":"https:\/\/beautysba.co.uk\/lt\/wp-json\/wp\/v2\/product_brand?post=8943"},{"taxonomy":"product_cat","embeddable":true,"href":"https:\/\/beautysba.co.uk\/lt\/wp-json\/wp\/v2\/product_cat?post=8943"},{"taxonomy":"product_tag","embeddable":true,"href":"https:\/\/beautysba.co.uk\/lt\/wp-json\/wp\/v2\/product_tag?post=8943"}],"curies":[{"name":"wp","href":"https:\/\/api.w.org\/{rel}","templated":true}]}}