{"id":8949,"date":"2022-06-15T14:12:25","date_gmt":"2022-06-15T14:12:25","guid":{"rendered":"https:\/\/beautysba.co.uk\/product\/%d0%b2%d0%b0%d0%bb%d0%b5%d1%80%d0%b8%d0%b0%d0%bd%d0%b0-%d1%8d%d0%ba%d1%81%d1%82%d1%80%d0%b0-%d1%82%d0%b0%d0%b1%d0%bb%d0%b5%d1%82%d0%ba%d0%b8-50-%d1%88%d1%82\/"},"modified":"2024-02-14T15:02:06","modified_gmt":"2024-02-14T15:02:06","slug":"valerijono-ekstrakto-tabletes-50-vnt","status":"publish","type":"product","link":"https:\/\/beautysba.co.uk\/lt\/produktas\/valerijono-ekstrakto-tabletes-50-vnt\/","title":{"rendered":"Valerijono Extra tablet\u0117s, 50 vnt."},"content":{"rendered":"<div id=\"instruction_DIRECTIONS\" class=\"offer-instruction__item clearfix active\" data-role=\"product-property\" data-source=\"\">\n<h3 class=\"offer-instruction__item-title\">Indikacijos<\/h3>\n<div class=\"offer-instruction__item-text\">\n<div>Rekomenduojamas kaip maisto papildas &#8211; valerijono r\u016bg\u0161ties \u0161altinis.<\/div>\n<div><\/div>\n<div>Vartojamas esant padid\u0117jusiam nerviniam jaudrumui.<\/div>\n<\/div>\n<\/div>\n<div id=\"instruction_RECOMMENDATIONS\" class=\"offer-instruction__item clearfix active\" data-role=\"product-property\" data-source=\"\">\n<h3 class=\"offer-instruction__item-title\">Naudojimo rekomendacijos<\/h3>\n<div class=\"offer-instruction__item-text\">\n<div>Gerti po 3 tabletes 3 kartus per dien\u0105 valgio metu, u\u017egeriant dideliu kiekiu vandens.<\/div>\n<div><\/div>\n<div>Gydymo trukm\u0117 &#8211; 1 m\u0117nuo.<\/div>\n<\/div>\n<\/div>\n","protected":false},"excerpt":{"rendered":"<p>Indikacijos Rekomenduojamas kaip maisto papildas &#8211; valerijono r\u016bg\u0161ties \u0161altinis. Vartojamas esant padid\u0117jusiam nerviniam jaudrumui. Naudojimo rekomendacijos Gerti po 3 tabletes 3 kartus per dien\u0105 valgio metu, u\u017egeriant dideliu kiekiu vandens. Gydymo trukm\u0117 &#8211; 1 m\u0117nuo.<\/p>\n","protected":false},"featured_media":8947,"comment_status":"open","ping_status":"closed","template":"","meta":[],"product_brand":[],"product_cat":[217,220],"product_tag":[],"class_list":{"0":"post-8949","1":"product","2":"type-product","3":"status-publish","4":"has-post-thumbnail","6":"product_cat-sveikatos-prieziura","7":"product_cat-zarnyno-sveikata","9":"first","10":"instock","11":"shipping-taxable","12":"purchasable","13":"product-type-simple"},"_links":{"self":[{"href":"https:\/\/beautysba.co.uk\/lt\/wp-json\/wp\/v2\/product\/8949","targetHints":{"allow":["GET"]}}],"collection":[{"href":"https:\/\/beautysba.co.uk\/lt\/wp-json\/wp\/v2\/product"}],"about":[{"href":"https:\/\/beautysba.co.uk\/lt\/wp-json\/wp\/v2\/types\/product"}],"replies":[{"embeddable":true,"href":"https:\/\/beautysba.co.uk\/lt\/wp-json\/wp\/v2\/comments?post=8949"}],"wp:featuredmedia":[{"embeddable":true,"href":"https:\/\/beautysba.co.uk\/lt\/wp-json\/wp\/v2\/media\/8947"}],"wp:attachment":[{"href":"https:\/\/beautysba.co.uk\/lt\/wp-json\/wp\/v2\/media?parent=8949"}],"wp:term":[{"taxonomy":"product_brand","embeddable":true,"href":"https:\/\/beautysba.co.uk\/lt\/wp-json\/wp\/v2\/product_brand?post=8949"},{"taxonomy":"product_cat","embeddable":true,"href":"https:\/\/beautysba.co.uk\/lt\/wp-json\/wp\/v2\/product_cat?post=8949"},{"taxonomy":"product_tag","embeddable":true,"href":"https:\/\/beautysba.co.uk\/lt\/wp-json\/wp\/v2\/product_tag?post=8949"}],"curies":[{"name":"wp","href":"https:\/\/api.w.org\/{rel}","templated":true}]}}