{"id":9017,"date":"2022-07-02T18:31:12","date_gmt":"2022-07-02T18:31:12","guid":{"rendered":"https:\/\/beautysba.co.uk\/product\/absolute-care-%d0%b0%d0%bd%d1%82%d0%b8%d0%b2%d0%be%d0%b7%d1%80%d0%b0%d1%81%d1%82%d0%bd%d0%b0%d1%8f-%d0%b7%d0%b0%d1%89%d0%b8%d1%82%d0%bd%d0%b0%d1%8f-%d1%81%d1%8b%d0%b2%d0%be%d1%80%d0%be%d1%82%d0%ba\/"},"modified":"2022-07-02T18:32:40","modified_gmt":"2022-07-02T18:32:40","slug":"absolute-care-anti-aging-protective-serum","status":"publish","type":"product","link":"https:\/\/beautysba.co.uk\/lt\/produktas\/absolute-care-anti-aging-protective-serum\/","title":{"rendered":"&#8220;Absolute Care&#8221; apsauginis veido serumas nuo sen\u0117jimo 50ml"},"content":{"rendered":"<div>\n<p>Kas yra absoliuti prie\u017ei\u016bra? Produktus gamina Izraelio prek\u0117s \u017eenklas &#8220;Absolute Care&#8221;, u\u017eimantis tarptautin\u0119 rinkos pozicij\u0105 ir turintis presti\u017e\u0105 tarp profesionalios kosmetikos \u017einov\u0173. Ji stebina pla\u010diu ir kartu gerai subalansuotu asortimentu, kuriame kiekvienas kitas gaminys yra geresnis u\u017e ankstesn\u012f. Jei norite daugiau d\u0117mesio skirti brand\u017eios odos prie\u017ei\u016brai, jums neabejotinai pravers &#8220;Prebiotic Beauty&#8221; apsauginis serumas nuo sen\u0117jimo. Kompleksinis poveikis veido odai negali likti nepasteb\u0117tas teigiama prasme.<\/p>\n<p><strong>Savyb\u0117s Absolute Care Prebiotic Beauty Anti-Aging Face Serum:<\/strong><\/p>\n<p><em>&#8211; lengvas, koncentruotas serumas;<\/em><br \/>\n<em>&#8211; sud\u0117tyje yra aktyvus prebiotikas Revivyl;<\/em><br \/>\n<em>&#8211; praturtintas vertingu japonini\u0173 dumbli\u0173 Wakame ekstraktu;<\/em><br \/>\n<em>&#8211; sud\u0117tyje yra &#8220;Citystem&#8221; &#8211; raktas \u012f aktyvesn\u012f odos atsinaujinim\u0105;<\/em><br \/>\n<em>&#8211; sud\u0117tyje yra hialurono r\u016bg\u0161ties ir skvaleno, atsaking\u0173 u\u017e odos dr\u0117kinim\u0105 ir gaivum\u0105;<\/em><br \/>\n<em>&#8211; ma\u017eina rauk\u0161les ir smulkias linijas;<\/em><br \/>\n<em>&#8211; suteikia profesional\u0173 sen\u0117jim\u0105 stabdant\u012f poveik\u012f.<\/em><\/p>\n<\/div>\n<div class=\"extra\">\n<p>Taikymo b\u016bdas<\/p>\n<div>\n<p>Tepkite ant \u0161varios odos lengvais pamasa\u017euojamaisiais judesiais, kol visi\u0161kai \u012fsigers. Kad pasiektum\u0117te optimali\u0173 rezultat\u0173, papildykite savo \u012fprast\u0105 odos prie\u017ei\u016bros proced\u016br\u0105 papildomu produktu i\u0161 &#8220;Prebiotic Beauty&#8221; serijos.<\/p>\n<\/div>\n<\/div>\n<div class=\"extra\">\n<p>Sud\u0117tis<\/p>\n<div>\n<p>Aqua (vanduo), metil gliuko\u0161etas-20, propandiolis, metilpropandiolis, kaprilinis glikolis, fenilpropanolis, glicerinas, Marrubium Vulgare ekstraktas, Undaria pinnatifida ekstraktas, PEG-32, natrio hialuronatas, fenoksietanolis, cetilo alkoholis, izostearilo izostearatas, kalio cetilo fosfatas, cetilo behenatas, beheno r\u016bg\u0161tis, dicetilo fosfatas, Glicerilo stearatas, skvalanas, trietanolaminas, kaprilo\/kapriko trigliceridas, Orobanche Rapum ekstraktas, karbomeras, glicerilo stearatas SE, kvepalai, alantoinas, Simmondsia Chinensis (Simmondsia Chinensis) simondsij\u0173 s\u0117kl\u0173 aliejus, Olea Europaea (Alyvuogi\u0173) vaisi\u0173 aliejus, Hamamelis Virginiana (Ragan\u0173 lazdyn\u0173) lap\u0173 vanduo, benzilo alkoholis, citrinos r\u016bg\u0161tis, dehidroacto r\u016bg\u0161tis.<br \/>\nParfum &#8211; Hydra Beauty &#8211; 0,2 % &#8211; be alergen\u0173<\/p>\n<\/div>\n<\/div>\n","protected":false},"excerpt":{"rendered":"<p>Kas yra absoliuti prie\u017ei\u016bra? Produktus gamina Izraelio prek\u0117s \u017eenklas &#8220;Absolute Care&#8221;, u\u017eimantis tarptautin\u0119 rinkos pozicij\u0105 ir turintis presti\u017e\u0105 tarp profesionalios kosmetikos \u017einov\u0173. Ji stebina pla\u010diu ir kartu gerai subalansuotu asortimentu, kuriame kiekvienas kitas gaminys yra geresnis u\u017e ankstesn\u012f. Jei norite daugiau d\u0117mesio skirti brand\u017eios odos prie\u017ei\u016brai, jums neabejotinai pravers &#8220;Prebiotic Beauty&#8221; apsauginis serumas nuo sen\u0117jimo. [&hellip;]<\/p>\n","protected":false},"featured_media":9015,"comment_status":"open","ping_status":"closed","template":"","meta":[],"product_brand":[],"product_cat":[210,127],"product_tag":[],"class_list":{"0":"post-9017","1":"product","2":"type-product","3":"status-publish","4":"has-post-thumbnail","6":"product_cat-serumai","7":"product_cat-veidas","9":"first","10":"outofstock","11":"shipping-taxable","12":"purchasable","13":"product-type-simple"},"_links":{"self":[{"href":"https:\/\/beautysba.co.uk\/lt\/wp-json\/wp\/v2\/product\/9017","targetHints":{"allow":["GET"]}}],"collection":[{"href":"https:\/\/beautysba.co.uk\/lt\/wp-json\/wp\/v2\/product"}],"about":[{"href":"https:\/\/beautysba.co.uk\/lt\/wp-json\/wp\/v2\/types\/product"}],"replies":[{"embeddable":true,"href":"https:\/\/beautysba.co.uk\/lt\/wp-json\/wp\/v2\/comments?post=9017"}],"wp:featuredmedia":[{"embeddable":true,"href":"https:\/\/beautysba.co.uk\/lt\/wp-json\/wp\/v2\/media\/9015"}],"wp:attachment":[{"href":"https:\/\/beautysba.co.uk\/lt\/wp-json\/wp\/v2\/media?parent=9017"}],"wp:term":[{"taxonomy":"product_brand","embeddable":true,"href":"https:\/\/beautysba.co.uk\/lt\/wp-json\/wp\/v2\/product_brand?post=9017"},{"taxonomy":"product_cat","embeddable":true,"href":"https:\/\/beautysba.co.uk\/lt\/wp-json\/wp\/v2\/product_cat?post=9017"},{"taxonomy":"product_tag","embeddable":true,"href":"https:\/\/beautysba.co.uk\/lt\/wp-json\/wp\/v2\/product_tag?post=9017"}],"curies":[{"name":"wp","href":"https:\/\/api.w.org\/{rel}","templated":true}]}}