{"id":9023,"date":"2022-07-02T18:34:20","date_gmt":"2022-07-02T18:34:20","guid":{"rendered":"https:\/\/beautysba.co.uk\/product\/absolute-care-%d1%83%d0%b2%d0%bb%d0%b0%d0%b6%d0%bd%d1%8f%d1%8e%d1%89%d0%b8%d0%b9-%d0%b4%d0%bd%d0%b5%d0%b2%d0%bd%d0%be%d0%b9-%d0%ba%d1%80%d0%b5%d0%bc-%d0%b4%d0%bb%d1%8f-%d0%bb%d0%b8%d1%86%d0%b0-50ml\/"},"modified":"2023-06-11T22:48:47","modified_gmt":"2023-06-11T22:48:47","slug":"absolute-care-moisturising-daily-cream-on-face-50ml","status":"publish","type":"product","link":"https:\/\/beautysba.co.uk\/lt\/produktas\/absolute-care-moisturising-daily-cream-on-face-50ml\/","title":{"rendered":"&#8220;Absolute Care&#8221; dr\u0117kinamasis dieninis veido kremas 50ml"},"content":{"rendered":"<div>\n<p>Dr\u0117kinamasis veido kremas &#8220;Absolute Care&#8221; padeda u\u017ekirsti keli\u0105 ankstyvam odos sen\u0117jimui ir giliai maitina. Subalansuotos formul\u0117s sud\u0117tyje yra taukmed\u017eio sviesto, hialurono r\u016bg\u0161ties ir skvalano &#8211; komplekso, kuris apsaugo epiderm\u012f nuo dehidratacijos ir neleid\u017eia prarasti dr\u0117gm\u0117s. Reguliariai naudodami \u0161i\u0105 odos prie\u017ei\u016bros priemon\u0119, j\u016bs\u0173 veidas atrodys gaivus, \u0161vytintis ir sveikas.<\/p>\n<p><strong>Savyb\u0117s Prebiotic Beauty Nutri-Active dienos kremas i\u0161 Absolute Care:<\/strong><\/p>\n<p><em>&#8211; Suma\u017eina senatvini\u0173 linij\u0173 ir rauk\u0161li\u0173 i\u0161vaizd\u0105 ir gyl\u012f;  <\/em><br \/>\n<em>&#8211; I\u0161lygina odos mikroreljef\u0105;  <\/em><br \/>\n<em>&#8211; Atkuria epidermio stangrum\u0105 ir elastingum\u0105;  <\/em><br \/>\n<em>&#8211; Od\u0105 padaro \u0161velni\u0105 ir glotni\u0105;<\/em><br \/>\n<em>&#8211; turi antioksidacini\u0173 savybi\u0173, neutralizuojan\u010di\u0173 laisvuosius radikalus;<\/em><br \/>\n<em>&#8211; skatina l\u0105steli\u0173 atsinaujinim\u0105;<\/em><br \/>\n<em>&#8211; Pa\u0161alina sausum\u0105, mati\u0161kum\u0105 ir veido odos nelygumus.  <\/em><\/p>\n<\/div>\n<div class=\"extra\">\n<p>Taikymo b\u016bdas<\/p>\n<div>\n<p>Tepkite ant \u0161varios odos lengvais pamasa\u017euojamaisiais judesiais, kol visi\u0161kai \u012fsigers. Kad pasiektum\u0117te optimali\u0173 rezultat\u0173, papildykite savo \u012fprast\u0105 odos prie\u017ei\u016bros proced\u016br\u0105 papildomu produktu i\u0161 &#8220;Prebiotic Beauty&#8221; serijos.<\/p>\n<\/div>\n<\/div>\n<div class=\"extra\">\n<p>Sud\u0117tis<\/p>\n<div>\n<p>Aqua (vanduo), glicerinas, izopropilo miristatas, glicerilo stearatas SE, cetilo alkoholis, metilpropandiolis, izoamilo kokoatas, Prunus Amygdalus Dulcis (sald\u017ei\u0173j\u0173 migdol\u0173) aliejus, sacharido izomeratas, PEG-40 stearatas, izoamilo lauratas, skvalanas, Butyrospermum Parkii (taukmed\u017eio) sviestas, Hamamelis Virginiana Leaf (ragani\u0173 lazdyn\u0173) vanduo, Kaprilinis glikolis, tokoferilo acetatas, sorbitano tristeratas, Marrubium Vulgare ekstraktas, propandiolis, alantoinas, Orobanche Rapum ekstraktas, parfum (kvapioji med\u017eiaga), fenilpropanolis, tetranatrio EDTA, citrinos r\u016bg\u0161tis, natrio citratas, natrio hialuronatas, fenoksietanolis, benzilo alkoholis, natrio benzoatas, kalio sorbatas.<\/p>\n<p>Parfum &#8211; Hydra Beauty &#8211; 0,2 % &#8211; be alergen\u0173<\/p>\n<\/div>\n<\/div>\n","protected":false},"excerpt":{"rendered":"<p>Dr\u0117kinamasis veido kremas &#8220;Absolute Care&#8221; padeda u\u017ekirsti keli\u0105 ankstyvam odos sen\u0117jimui ir giliai maitina. Subalansuotos formul\u0117s sud\u0117tyje yra taukmed\u017eio sviesto, hialurono r\u016bg\u0161ties ir skvalano &#8211; komplekso, kuris apsaugo epiderm\u012f nuo dehidratacijos ir neleid\u017eia prarasti dr\u0117gm\u0117s. Reguliariai naudodami \u0161i\u0105 odos prie\u017ei\u016bros priemon\u0119, j\u016bs\u0173 veidas atrodys gaivus, \u0161vytintis ir sveikas. Savyb\u0117s Prebiotic Beauty Nutri-Active dienos kremas i\u0161 [&hellip;]<\/p>\n","protected":false},"featured_media":9021,"comment_status":"open","ping_status":"closed","template":"","meta":[],"product_brand":[],"product_cat":[133,127],"product_tag":[],"class_list":{"0":"post-9023","1":"product","2":"type-product","3":"status-publish","4":"has-post-thumbnail","6":"product_cat-dienos-kremai","7":"product_cat-veidas","9":"first","10":"outofstock","11":"shipping-taxable","12":"purchasable","13":"product-type-simple"},"_links":{"self":[{"href":"https:\/\/beautysba.co.uk\/lt\/wp-json\/wp\/v2\/product\/9023","targetHints":{"allow":["GET"]}}],"collection":[{"href":"https:\/\/beautysba.co.uk\/lt\/wp-json\/wp\/v2\/product"}],"about":[{"href":"https:\/\/beautysba.co.uk\/lt\/wp-json\/wp\/v2\/types\/product"}],"replies":[{"embeddable":true,"href":"https:\/\/beautysba.co.uk\/lt\/wp-json\/wp\/v2\/comments?post=9023"}],"wp:featuredmedia":[{"embeddable":true,"href":"https:\/\/beautysba.co.uk\/lt\/wp-json\/wp\/v2\/media\/9021"}],"wp:attachment":[{"href":"https:\/\/beautysba.co.uk\/lt\/wp-json\/wp\/v2\/media?parent=9023"}],"wp:term":[{"taxonomy":"product_brand","embeddable":true,"href":"https:\/\/beautysba.co.uk\/lt\/wp-json\/wp\/v2\/product_brand?post=9023"},{"taxonomy":"product_cat","embeddable":true,"href":"https:\/\/beautysba.co.uk\/lt\/wp-json\/wp\/v2\/product_cat?post=9023"},{"taxonomy":"product_tag","embeddable":true,"href":"https:\/\/beautysba.co.uk\/lt\/wp-json\/wp\/v2\/product_tag?post=9023"}],"curies":[{"name":"wp","href":"https:\/\/api.w.org\/{rel}","templated":true}]}}