{"id":9029,"date":"2022-07-02T18:39:31","date_gmt":"2022-07-02T18:39:31","guid":{"rendered":"https:\/\/beautysba.co.uk\/product\/absolute-care-%d0%ba%d0%be%d0%bd%d1%82%d1%83%d1%80%d0%bd%d1%8b%d0%b9-%d0%ba%d1%80%d0%b5%d0%bc-%d0%b4%d0%bb%d1%8f-%d0%b3%d0%bb%d0%b0%d0%b7-c-%d0%bf%d1%80%d0%be%d0%b1%d0%b8%d0%be%d1%82%d0%b8%d0%ba%d0%b0\/"},"modified":"2023-01-11T23:15:01","modified_gmt":"2023-01-11T23:15:01","slug":"absolute-care-contour-kremas-akims-c-probiotikas","status":"publish","type":"product","link":"https:\/\/beautysba.co.uk\/lt\/produktas\/absolute-care-contour-kremas-akims-c-probiotikas\/","title":{"rendered":"&#8220;Absolute Care&#8221; probiotinis aki\u0173 kremas 30ml"},"content":{"rendered":"<div>\n<p>Koncentruotas aki\u0173 kont\u016bro kremas su probiotikais i\u0161 Izraelio &#8220;Absolute Care&#8221; yra prie\u017ei\u016bros priemon\u0117, galinti i\u0161saugoti vok\u0173 odos gro\u017e\u012f ir jaunyst\u0119. Subalansuota, kruop\u0161\u010diai sukurta augalin\u0117s kilm\u0117s formul\u0117 praturtinta prebioti\u0161kais augal\u0173 ekstraktais, kurie giliai maitina ir dr\u0117kina. Reguliariai naudodami \u0161\u012f gamin\u012f pasieksite \u0161velni\u0105 ir glotni\u0105 od\u0105, kurios tonas bus tolygus ir sveikas.<\/p>\n<p><strong>Savyb\u0117s Prebiotic Beauty Contouring Eye Cream by Absolute Care:<\/strong><\/p>\n<p><em>&#8211; I\u0161lygina epidermio mikroreljef\u0105;  <\/em><br \/>\n<em>&#8211; turi pakeliam\u0105j\u012f poveik\u012f;  <\/em><br \/>\n<em>&#8211; atkuria odos stangrum\u0105 ir elastingum\u0105;<\/em><br \/>\n<em>&#8211; \u0160ilkmed\u017eio ekstraktas \u0161alina nuovargio po\u017eymius ir tamsius ratilus po akimis;<\/em><br \/>\n<em>&#8211; apsaugo od\u0105 nuo agresyvaus i\u0161or\u0117s veiksni\u0173 poveikio;  <\/em><br \/>\n<em>&#8211; Apsaugo epiderm\u012f nuo ankstyvo i\u0161blukimo;  <\/em><br \/>\n<em>&#8211; Suteikia veidui gaivumo ir poilsio.<\/em><\/p>\n<\/div>\n<div class=\"extra\">\n<p>Taikymo b\u016bdas<\/p>\n<div>\n<p>Tepkite nuvalyt\u0105 od\u0105 aplink akis, \u0161velniai pamasa\u017euokite, kol visi\u0161kai \u012fsigers. Kad pasiektum\u0117te optimali\u0173 rezultat\u0173, papildykite savo \u012fprast\u0105 odos prie\u017ei\u016bros proced\u016br\u0105 papildomu produktu i\u0161 &#8220;Prebiotic Beauty&#8221; serijos.<\/p>\n<\/div>\n<\/div>\n<div class=\"extra\">\n<p>Sud\u0117tis<\/p>\n<div>\n<p>Aqua (vanduo), glicerinas, izopropilo miristatas, glicerilo stearatas SE, cetilo alkoholis, metilpropanediolis, kaprilo\/kapriko trigliceridas, izoamilo lauratas, Albizia Julibrissin \u017eiev\u0117s ekstraktas, Propandiolis, Prunus Amygdalus Dulcis (sald\u017ei\u0173j\u0173 migdol\u0173) aliejus, PEG-40 stearatas, izoamilo kokoatas, skvalanas, kaprilinis glikolis, Butyrospermum Parkii (taukmed\u017eio) sviestas, Olea Europaea (alyvuogi\u0173) vaisi\u0173 aliejus, Simmondsia Chinensis (Simmondsia Chinensis) (simondsij\u0173) s\u0117kl\u0173 aliejus, Hamamelis Virginiana (ragani\u0173 lazdyn\u0173) lap\u0173 vanduo, sorbitano tristeratas, sacharido izomeratas, alantoinas, Orobanche Rapum ekstraktas, Marrubium Vulgare ekstraktas, Parfum, fenilpropanolis, natrio benzoatas, natrio hialuronatas, citrin\u0173 r\u016bg\u0161tis, fenoksietanolis, natrio citratas, benzilo alkoholis, kalio sorbatas.<br \/>\nParfum &#8211; Hydra Beauty &#8211; 0,2 % &#8211; be alergen\u0173<\/p>\n<\/div>\n<\/div>\n","protected":false},"excerpt":{"rendered":"<p>Koncentruotas aki\u0173 kont\u016bro kremas su probiotikais i\u0161 Izraelio &#8220;Absolute Care&#8221; yra prie\u017ei\u016bros priemon\u0117, galinti i\u0161saugoti vok\u0173 odos gro\u017e\u012f ir jaunyst\u0119. Subalansuota, kruop\u0161\u010diai sukurta augalin\u0117s kilm\u0117s formul\u0117 praturtinta prebioti\u0161kais augal\u0173 ekstraktais, kurie giliai maitina ir dr\u0117kina. Reguliariai naudodami \u0161\u012f gamin\u012f pasieksite \u0161velni\u0105 ir glotni\u0105 od\u0105, kurios tonas bus tolygus ir sveikas. Savyb\u0117s Prebiotic Beauty Contouring Eye [&hellip;]<\/p>\n","protected":false},"featured_media":9027,"comment_status":"open","ping_status":"closed","template":"","meta":[],"product_brand":[],"product_cat":[202,127],"product_tag":[],"class_list":{"0":"post-9029","1":"product","2":"type-product","3":"status-publish","4":"has-post-thumbnail","6":"product_cat-akiu-kremai","7":"product_cat-veidas","9":"first","10":"outofstock","11":"shipping-taxable","12":"purchasable","13":"product-type-simple"},"_links":{"self":[{"href":"https:\/\/beautysba.co.uk\/lt\/wp-json\/wp\/v2\/product\/9029","targetHints":{"allow":["GET"]}}],"collection":[{"href":"https:\/\/beautysba.co.uk\/lt\/wp-json\/wp\/v2\/product"}],"about":[{"href":"https:\/\/beautysba.co.uk\/lt\/wp-json\/wp\/v2\/types\/product"}],"replies":[{"embeddable":true,"href":"https:\/\/beautysba.co.uk\/lt\/wp-json\/wp\/v2\/comments?post=9029"}],"wp:featuredmedia":[{"embeddable":true,"href":"https:\/\/beautysba.co.uk\/lt\/wp-json\/wp\/v2\/media\/9027"}],"wp:attachment":[{"href":"https:\/\/beautysba.co.uk\/lt\/wp-json\/wp\/v2\/media?parent=9029"}],"wp:term":[{"taxonomy":"product_brand","embeddable":true,"href":"https:\/\/beautysba.co.uk\/lt\/wp-json\/wp\/v2\/product_brand?post=9029"},{"taxonomy":"product_cat","embeddable":true,"href":"https:\/\/beautysba.co.uk\/lt\/wp-json\/wp\/v2\/product_cat?post=9029"},{"taxonomy":"product_tag","embeddable":true,"href":"https:\/\/beautysba.co.uk\/lt\/wp-json\/wp\/v2\/product_tag?post=9029"}],"curies":[{"name":"wp","href":"https:\/\/api.w.org\/{rel}","templated":true}]}}