{"id":9035,"date":"2022-07-02T18:44:45","date_gmt":"2022-07-02T18:44:45","guid":{"rendered":"https:\/\/beautysba.co.uk\/product\/%d0%b1%d0%b0%d0%bb%d0%b0%d0%bd%d1%81%d0%b8%d1%80%d1%83%d1%8e%d1%89%d0%b8%d0%b9-%d0%b8-%d0%b2%d0%be%d1%81%d1%81%d1%82%d0%b0%d0%bd%d0%b0%d0%b2%d0%bb%d0%b8%d0%b2%d0%b0%d1%8e%d1%89%d0%b8%d0%b9-%d0%bd\/"},"modified":"2023-06-11T22:48:47","modified_gmt":"2023-06-11T22:48:47","slug":"balansavimas-ir-atstatymas-n","status":"publish","type":"product","link":"https:\/\/beautysba.co.uk\/lt\/produktas\/balansavimas-ir-atstatymas-n\/","title":{"rendered":"Balansuojantis ir regeneruojantis naktinis veido kremas 50ml"},"content":{"rendered":"<div>\n<p>&#8220;Absolute Care&#8221; atgaivinantis naktinis veido kremas giliai maitina ir dr\u0117kina miego metu. Subalansuota formul\u0117, kurios pagrind\u0105 sudaro &#8220;Revivyl&#8221; prebiotikas, unikal\u016bs dumbli\u0173 ir augal\u0173 ekstraktai i\u0161 Alpi\u0173, skatina veiksming\u0105 odos atsinaujinim\u0105 ir regeneracij\u0105. \u0160is prie\u017ei\u016bros produktas puikiai \u012fsigeria \u012f epiderm\u012f, nepalikdamas lipnumo poj\u016b\u010dio ar liku\u010di\u0173 ant skalbini\u0173.<\/p>\n<p><strong>Savyb\u0117s Prebiotic Beauty Balance&amp;Repair naktinis kremas i\u0161 Absolute Care:<\/strong><\/p>\n<p><em>&#8211; Apsaugo od\u0105 nuo ankstyvo sen\u0117jimo ir sen\u0117jimo;  <\/em><br \/>\n<em>&#8211; Padidina odos elastingum\u0105, stangrum\u0105 ir tonus\u0105;<\/em><br \/>\n<em>&#8211; pagreitina l\u0105steli\u0173 regeneracijos procesus;  <\/em><br \/>\n<em>&#8211; Pripildo epiderm\u012f gyvybingumu ir sveiku \u0161vyt\u0117jimu;  <\/em><br \/>\n<em>&#8211; sud\u0117tyje yra taukmed\u017eio sviesto ir skvalano, kurie apsaugo od\u0105 nuo dehidratacijos;<\/em><br \/>\n<em>&#8211; neleid\u017eia atsirasti naujoms odos d\u0117m\u0117ms.<\/em><\/p>\n<\/div>\n<div class=\"extra\">\n<p>Taikymo b\u016bdas<\/p>\n<div>\n<p>Tepkite ant \u0161varios odos lengvais pamasa\u017euojamaisiais judesiais, kol visi\u0161kai \u012fsigers. Kad pasiektum\u0117te optimali\u0173 rezultat\u0173, papildykite kasdien\u0119 odos prie\u017ei\u016bros proced\u016br\u0105 papildomais &#8220;Prebiotic Beauty&#8221; serijos produktais.<\/p>\n<\/div>\n<\/div>\n<div class=\"extra\">\n<p>Sud\u0117tis<\/p>\n<div>\n<p>Vanduo, izopropilo miristatas, glicerinas, glicerilo stearatas SE, cetilo alkoholis, Euglena Gracilis ekstraktas, metilpropandiolis, izoamilo kokoatas, izoamilo lauratas, skvalanas, sviestas Butyrospermum Parkii (Shea), PEG-40 stearatas, Prunus Amygdalus Dulcis (sald\u017ei\u0173j\u0173 migdol\u0173) aliejus, Kaprilinis glikolis, sorbitano tristeratas, alantoinas, propandiolis, parfumas, Marrubium Vulgare ekstraktas, fenilpropanolis, tetranatrio EDTA, citrinos r\u016bg\u0161tis, fenoksietanolis, Orobanche Rapum ekstraktas, natrio hialuronatas, kalio sorbatas, tokoferolis.<br \/>\nParfum &#8211; Hydra Beauty &#8211; 0,2 % &#8211; be alergen\u0173<\/p>\n<\/div>\n<\/div>\n","protected":false},"excerpt":{"rendered":"<p>&#8220;Absolute Care&#8221; atgaivinantis naktinis veido kremas giliai maitina ir dr\u0117kina miego metu. Subalansuota formul\u0117, kurios pagrind\u0105 sudaro &#8220;Revivyl&#8221; prebiotikas, unikal\u016bs dumbli\u0173 ir augal\u0173 ekstraktai i\u0161 Alpi\u0173, skatina veiksming\u0105 odos atsinaujinim\u0105 ir regeneracij\u0105. \u0160is prie\u017ei\u016bros produktas puikiai \u012fsigeria \u012f epiderm\u012f, nepalikdamas lipnumo poj\u016b\u010dio ar liku\u010di\u0173 ant skalbini\u0173. Savyb\u0117s Prebiotic Beauty Balance&amp;Repair naktinis kremas i\u0161 Absolute Care: [&hellip;]<\/p>\n","protected":false},"featured_media":9033,"comment_status":"open","ping_status":"closed","template":"","meta":[],"product_brand":[],"product_cat":[209,127],"product_tag":[],"class_list":{"0":"post-9035","1":"product","2":"type-product","3":"status-publish","4":"has-post-thumbnail","6":"product_cat-naktiniai-kremai","7":"product_cat-veidas","9":"first","10":"outofstock","11":"shipping-taxable","12":"purchasable","13":"product-type-simple"},"_links":{"self":[{"href":"https:\/\/beautysba.co.uk\/lt\/wp-json\/wp\/v2\/product\/9035","targetHints":{"allow":["GET"]}}],"collection":[{"href":"https:\/\/beautysba.co.uk\/lt\/wp-json\/wp\/v2\/product"}],"about":[{"href":"https:\/\/beautysba.co.uk\/lt\/wp-json\/wp\/v2\/types\/product"}],"replies":[{"embeddable":true,"href":"https:\/\/beautysba.co.uk\/lt\/wp-json\/wp\/v2\/comments?post=9035"}],"wp:featuredmedia":[{"embeddable":true,"href":"https:\/\/beautysba.co.uk\/lt\/wp-json\/wp\/v2\/media\/9033"}],"wp:attachment":[{"href":"https:\/\/beautysba.co.uk\/lt\/wp-json\/wp\/v2\/media?parent=9035"}],"wp:term":[{"taxonomy":"product_brand","embeddable":true,"href":"https:\/\/beautysba.co.uk\/lt\/wp-json\/wp\/v2\/product_brand?post=9035"},{"taxonomy":"product_cat","embeddable":true,"href":"https:\/\/beautysba.co.uk\/lt\/wp-json\/wp\/v2\/product_cat?post=9035"},{"taxonomy":"product_tag","embeddable":true,"href":"https:\/\/beautysba.co.uk\/lt\/wp-json\/wp\/v2\/product_tag?post=9035"}],"curies":[{"name":"wp","href":"https:\/\/api.w.org\/{rel}","templated":true}]}}