{"id":9086,"date":"2022-07-02T20:16:41","date_gmt":"2022-07-02T20:16:41","guid":{"rendered":"https:\/\/beautysba.co.uk\/product\/fito-cosmetic-%d0%b3%d1%83%d1%81%d1%82%d1%8b%d0%b5-%d1%81%d0%bb%d0%b8%d0%b2%d0%ba%d0%b8-%d0%bf%d0%be%d1%81%d0%bb%d0%b5-%d0%b7%d0%b0%d0%b3%d0%b0%d1%80%d0%b0-%d0%b2%d0%be%d1%81%d1%81%d1%82%d0%b0%d0%bd\/"},"modified":"2022-07-02T20:17:19","modified_gmt":"2022-07-02T20:17:19","slug":"fito-cosmetic-tirstus-kremas-po-apsaugos-nuo-saules-kremo-atstatymas","status":"publish","type":"product","link":"https:\/\/beautysba.co.uk\/lt\/produktas\/fito-cosmetic-tirstus-kremas-po-apsaugos-nuo-saules-kremo-atstatymas\/","title":{"rendered":"&#8220;Fito&#8221; kosmetinis tir\u0161tas kremas AFTER sunburn atkuriamasis ir maitinamasis 50ml"},"content":{"rendered":"<p>Prabangus maitinamasis k\u016bno kremas &#8211; skubi pagalba nudegimams ir paraudusiai odai. Tir\u0161tas kremas \u0161velniai tirpsta ir akimirksniu \u012fsigeria, ma\u017eina skausm\u0105, maitina ir atkuria pa\u017eeist\u0105 od\u0105. Nat\u016bralus kremas, praturtintas \u0161altalanki\u0173 aliejumi ir kiau\u0161inio tryniu, mink\u0161tina ir dr\u0117kina od\u0105, spartina gijimo procesus, pasi\u017eymi \u0161velniu prie\u0161u\u017edegiminiu poveikiu ir normalizuoja vidul\u0105stelin\u0119 med\u017eiag\u0173 apykait\u0105. Atgaivinantis serumas ir vitaminas E suaktyvina elastino ir kolageno gamyb\u0105 ir sustiprina odos apsaugines funkcijas. Kvie\u010di\u0173 daig\u0173 fermentai ir bra\u0161ki\u0173 ekstraktas pagerina vis\u0173 odos sluoksni\u0173 regeneracij\u0105 ir prisotina l\u0105steles naudingais vitaminais bei mineralais, kad oda b\u016bt\u0173 sveika ir gra\u017ei.<\/p>\n","protected":false},"excerpt":{"rendered":"<p>Prabangus maitinamasis k\u016bno kremas &#8211; skubi pagalba nudegimams ir paraudusiai odai. Tir\u0161tas kremas \u0161velniai tirpsta ir akimirksniu \u012fsigeria, ma\u017eina skausm\u0105, maitina ir atkuria pa\u017eeist\u0105 od\u0105. Nat\u016bralus kremas, praturtintas \u0161altalanki\u0173 aliejumi ir kiau\u0161inio tryniu, mink\u0161tina ir dr\u0117kina od\u0105, spartina gijimo procesus, pasi\u017eymi \u0161velniu prie\u0161u\u017edegiminiu poveikiu ir normalizuoja vidul\u0105stelin\u0119 med\u017eiag\u0173 apykait\u0105. Atgaivinantis serumas ir vitaminas E suaktyvina [&hellip;]<\/p>\n","protected":false},"featured_media":9084,"comment_status":"open","ping_status":"closed","template":"","meta":[],"product_brand":[],"product_cat":[264,121,119],"product_tag":[],"class_list":{"0":"post-9086","1":"product","2":"type-product","3":"status-publish","4":"has-post-thumbnail","6":"product_cat---lt","7":"product_cat-kuno-kremai-aliejai","8":"product_cat-kuno-produktai","10":"first","11":"outofstock","12":"shipping-taxable","13":"purchasable","14":"product-type-simple"},"_links":{"self":[{"href":"https:\/\/beautysba.co.uk\/lt\/wp-json\/wp\/v2\/product\/9086","targetHints":{"allow":["GET"]}}],"collection":[{"href":"https:\/\/beautysba.co.uk\/lt\/wp-json\/wp\/v2\/product"}],"about":[{"href":"https:\/\/beautysba.co.uk\/lt\/wp-json\/wp\/v2\/types\/product"}],"replies":[{"embeddable":true,"href":"https:\/\/beautysba.co.uk\/lt\/wp-json\/wp\/v2\/comments?post=9086"}],"wp:featuredmedia":[{"embeddable":true,"href":"https:\/\/beautysba.co.uk\/lt\/wp-json\/wp\/v2\/media\/9084"}],"wp:attachment":[{"href":"https:\/\/beautysba.co.uk\/lt\/wp-json\/wp\/v2\/media?parent=9086"}],"wp:term":[{"taxonomy":"product_brand","embeddable":true,"href":"https:\/\/beautysba.co.uk\/lt\/wp-json\/wp\/v2\/product_brand?post=9086"},{"taxonomy":"product_cat","embeddable":true,"href":"https:\/\/beautysba.co.uk\/lt\/wp-json\/wp\/v2\/product_cat?post=9086"},{"taxonomy":"product_tag","embeddable":true,"href":"https:\/\/beautysba.co.uk\/lt\/wp-json\/wp\/v2\/product_tag?post=9086"}],"curies":[{"name":"wp","href":"https:\/\/api.w.org\/{rel}","templated":true}]}}