{"id":9236,"date":"2022-07-27T06:55:31","date_gmt":"2022-07-27T06:55:31","guid":{"rendered":"https:\/\/beautysba.co.uk\/product\/bereza-purifying-balancing-peel-%d0%bf%d0%b8%d0%bb%d0%b8%d0%bd%d0%b3-%d0%b4%d0%bb%d1%8f-%d0%bb%d0%b8%d1%86%d0%b0-%d0%b3%d0%bb%d1%83%d0%b1%d0%be%d0%ba%d0%be-%d0%be%d1%87%d0%b8%d1%89%d0%b0%d1%8e\/"},"modified":"2023-11-06T12:23:56","modified_gmt":"2023-11-06T12:23:56","slug":"bereza-valomoji-balansavimo-poliruojanti-sveitimo-sveitimo-veidui-giliai-valyti-priemone","status":"publish","type":"product","link":"https:\/\/beautysba.co.uk\/lt\/produktas\/bereza-valomoji-balansavimo-poliruojanti-sveitimo-sveitimo-veidui-giliai-valyti-priemone\/","title":{"rendered":"&#8220;Bereza&#8221; valomasis ir balansuojamasis pilingas 145 ml"},"content":{"rendered":"<p>Puikiai susidoroja su spuogais, \u0161viesina ir kovoja su po spuog\u0173 atsiradusiomis \u017eym\u0117mis, atnaujina vir\u0161utin\u012f odos sluoksn\u012f, nu\u0161vei\u010dia ir pa\u0161alina negyvas odos l\u0105steles, valo poras, ramina ir suvienodina odos spalv\u0105.<\/p>\n<p>Azelaino r\u016bg\u0161tis &#8211; veiksmingiausia \u012f akn\u0119 linkusiai odai. Jis pasi\u017eymi stipriu antioksidaciniu ir antibakteriniu poveikiu, optimizuoja sebumo funkcij\u0105, \u0161alina spuogus ir turi stipr\u0173 raminam\u0105j\u012f poveik\u012f.<\/p>\n<p>AHA r\u016bg\u0161tys normalizuoja odos lipid\u0173 pusiausvyr\u0105, puikiai \u0161vei\u010dia od\u0105, \u0161viesina spuog\u0173 \u017eymes ir gerina veido spalv\u0105.<\/p>\n<p><strong>Kaip naudoti:<\/strong> tolygiai u\u017etepkite \u0161veitikl\u012f ant dr\u0117gnos odos, \u0161iek tiek \u012fmasa\u017euokite, palikite 5-10 minu\u010di\u0173, nuplaukite drungnu vandeniu.<\/p>\n<p>Vanduo, hidroksipropilo krakmolo fosfatas, glicerinas, glikolio r\u016bg\u0161tis, hidrinto krakmolo hidrolizatas, heptilo gliukozidas, natrio hidroksidas, pantenolis, Betula Alba \u017eiev\u0117s vanduoWH H, pieno r\u016bg\u0161tis, salicilo r\u016bg\u0161tis, Betula Alba lap\u0173 ekstraktasWH*, Salvia Officinalis lap\u0173 ekstraktas*, Flavocetraria Nivalis ekstraktasWH*, Chamomilla Recutita \u017eied\u0173 ekstraktas*, Calendula Officinalis \u017eied\u0173 ekstraktas*, hidroksietilceliulioz\u0117, benzilo alkoholis, natrio benzoatas, kalio sorbatas, citrinos r\u016bg\u0161tis, parfumas.<\/p>\n<p>(*) Ekologi\u0161kai auginami ingredientai<\/p>\n<p>(WH) Laukini\u0173 Sibiro augal\u0173 organiniai dariniai<\/p>\n<p>(H) Sibiro augal\u0173 organinis hidrolatas<\/p>\n","protected":false},"excerpt":{"rendered":"<p>Puikiai susidoroja su spuogais, \u0161viesina ir kovoja su po spuog\u0173 atsiradusiomis \u017eym\u0117mis, atnaujina vir\u0161utin\u012f odos sluoksn\u012f, nu\u0161vei\u010dia ir pa\u0161alina negyvas odos l\u0105steles, valo poras, ramina ir suvienodina odos spalv\u0105. Azelaino r\u016bg\u0161tis &#8211; veiksmingiausia \u012f akn\u0119 linkusiai odai. Jis pasi\u017eymi stipriu antioksidaciniu ir antibakteriniu poveikiu, optimizuoja sebumo funkcij\u0105, \u0161alina spuogus ir turi stipr\u0173 raminam\u0105j\u012f poveik\u012f. AHA [&hellip;]<\/p>\n","protected":false},"featured_media":9234,"comment_status":"open","ping_status":"closed","template":"","meta":[],"product_brand":[],"product_cat":[125,127,205],"product_tag":[],"class_list":{"0":"post-9236","1":"product","2":"type-product","3":"status-publish","4":"has-post-thumbnail","6":"product_cat-ispardavimas","7":"product_cat-veidas","8":"product_cat-veido-sveitikliai","10":"first","11":"outofstock","12":"sale","13":"shipping-taxable","14":"purchasable","15":"product-type-simple"},"_links":{"self":[{"href":"https:\/\/beautysba.co.uk\/lt\/wp-json\/wp\/v2\/product\/9236","targetHints":{"allow":["GET"]}}],"collection":[{"href":"https:\/\/beautysba.co.uk\/lt\/wp-json\/wp\/v2\/product"}],"about":[{"href":"https:\/\/beautysba.co.uk\/lt\/wp-json\/wp\/v2\/types\/product"}],"replies":[{"embeddable":true,"href":"https:\/\/beautysba.co.uk\/lt\/wp-json\/wp\/v2\/comments?post=9236"}],"wp:featuredmedia":[{"embeddable":true,"href":"https:\/\/beautysba.co.uk\/lt\/wp-json\/wp\/v2\/media\/9234"}],"wp:attachment":[{"href":"https:\/\/beautysba.co.uk\/lt\/wp-json\/wp\/v2\/media?parent=9236"}],"wp:term":[{"taxonomy":"product_brand","embeddable":true,"href":"https:\/\/beautysba.co.uk\/lt\/wp-json\/wp\/v2\/product_brand?post=9236"},{"taxonomy":"product_cat","embeddable":true,"href":"https:\/\/beautysba.co.uk\/lt\/wp-json\/wp\/v2\/product_cat?post=9236"},{"taxonomy":"product_tag","embeddable":true,"href":"https:\/\/beautysba.co.uk\/lt\/wp-json\/wp\/v2\/product_tag?post=9236"}],"curies":[{"name":"wp","href":"https:\/\/api.w.org\/{rel}","templated":true}]}}